{"id":12306,"date":"2024-12-21T14:31:08","date_gmt":"2024-12-21T20:31:08","guid":{"rendered":"https:\/\/www.futurobrillante.org\/donar\/"},"modified":"2025-03-18T13:54:54","modified_gmt":"2025-03-18T19:54:54","slug":"donar","status":"publish","type":"page","link":"https:\/\/www.futurobrillante.org\/es\/donar\/","title":{"rendered":"Donar"},"content":{"rendered":"<p>[et_pb_section fb_built=\u00bb1&#8243; _builder_version=\u00bb4.27.0&#8243; _module_preset=\u00bbdefault\u00bb background_image=\u00bbhttps:\/\/www.futurobrillante.org\/wp-content\/uploads\/2024\/12\/banner_donate.jpg\u00bb parallax=\u00bbon\u00bb global_colors_info=\u00bb{}\u00bb][et_pb_row _builder_version=\u00bb4.27.0&#8243; _module_preset=\u00bbdefault\u00bb global_colors_info=\u00bb{}\u00bb][et_pb_column type=\u00bb4_4&#8243; _builder_version=\u00bb4.27.0&#8243; _module_preset=\u00bbdefault\u00bb global_colors_info=\u00bb{}\u00bb][et_pb_code _builder_version=\u00bb4.27.0&#8243; _module_preset=\u00bbdefault\u00bb global_colors_info=\u00bb{}\u00bb]<iframe loading=\"lazy\" src=\"https:\/\/app.giveforms.com\/forms\/fundacinfuturobrillante\/default-giveform\" frameborder=\"0\" width=\"100%\" height=\"748\" id=\"gf-iframe\" style=\"display: block; margin: 0; border: none\"><\/iframe><!-- [et_pb_line_break_holder] --><!-- [et_pb_line_break_holder] --><!-- Visit app.giveforms.com to setup & customize your donation forms --><!-- [et_pb_line_break_holder] --><script type=\"text\/javascript\" src=\"https:\/\/app.giveforms.com\/new\/widget-install.js\"><\/script>[\/et_pb_code][\/et_pb_column][\/et_pb_row][\/et_pb_section][et_pb_section fb_built=\u00bb1&#8243; admin_label=\u00bbFooter\u00bb _builder_version=\u00bb4.25.2&#8243; _module_preset=\u00bbe7c092b3-38e2-4263-b2f8-5bf7dc0d6328&#8243; saved_tabs=\u00bball\u00bb locked=\u00bboff\u00bb collapsed=\u00bbon\u00bb global_colors_info=\u00bb{}\u00bb][et_pb_row column_structure=\u00bb1_2,1_4,1_4&#8243; _builder_version=\u00bb4.25.1&#8243; _module_preset=\u00bbdefault\u00bb locked=\u00bboff\u00bb global_colors_info=\u00bb{}\u00bb][et_pb_column type=\u00bb1_2&#8243; _builder_version=\u00bb4.25.1&#8243; _module_preset=\u00bbdefault\u00bb global_colors_info=\u00bb{}\u00bb][et_pb_image src=\u00bbhttps:\/\/www.futurobrillante.org\/wp-content\/uploads\/2024\/08\/web.png\u00bb title_text=\u00bbweb\u00bb url=\u00bb@ET-DC@eyJkeW5hbWljIjp0cnVlLCJjb250ZW50IjoiaG9tZV91cmwiLCJzZXR0aW5ncyI6e319@\u00bb _builder_version=\u00bb4.27.0&#8243; _dynamic_attributes=\u00bburl\u00bb _module_preset=\u00bbdefault\u00bb max_height=\u00bb64px\u00bb custom_margin=\u00bb||20px||false|false\u00bb global_colors_info=\u00bb{}\u00bb][\/et_pb_image][et_pb_signup mailchimp_list=\u00bbfuturobrillante|031fd97595&#8243; first_name_field=\u00bboff\u00bb last_name_field=\u00bboff\u00bb title=\u00bbSuscr\u00edbete para Noticias y Actualizaciones\u00bb _builder_version=\u00bb4.27.0&#8243; _module_preset=\u00bb31542e08-08ae-4293-b7cb-2d1ce07a72a1&#8243; header_font=\u00bb&#8211;et_global_heading_font||||||||\u00bb form_field_font=\u00bb&#8211;et_global_body_font||||||||\u00bb button_text_color=\u00bb#FFFFFF\u00bb button_bg_color=\u00bb#f09520&#8243; button_font=\u00bb&#8211;et_global_body_font|700||on|||||\u00bb hover_enabled=\u00bb0&#8243; global_colors_info=\u00bb{}\u00bb sticky_enabled=\u00bb0&#8243;][\/et_pb_signup][\/et_pb_column][et_pb_column type=\u00bb1_4&#8243; _builder_version=\u00bb4.25.1&#8243; _module_preset=\u00bbdefault\u00bb global_colors_info=\u00bb{}\u00bb][et_pb_heading title=\u00bbLINKS\u00bb _builder_version=\u00bb4.27.0&#8243; _module_preset=\u00bbd69464aa-c3db-4735-be08-08c56ba13abf\u00bb title_font=\u00bb&#8211;et_global_heading_font||||||||\u00bb title_text_color=\u00bb#FFFFFF\u00bb custom_margin=\u00bb||10px||false|false\u00bb hover_enabled=\u00bb0&#8243; locked=\u00bboff\u00bb global_colors_info=\u00bb{}\u00bb sticky_enabled=\u00bb0&#8243;][\/et_pb_heading][et_pb_text _builder_version=\u00bb4.27.0&#8243; _module_preset=\u00bb3ae861ea-5e94-4024-95d0-5a550003f50a\u00bb text_font=\u00bb&#8211;et_global_body_font||||||||\u00bb custom_margin=\u00bb||8px||false|false\u00bb]<\/p>\n<p><a href=\"https:\/\/www.futurobrillante.org\/es\/\">Inicio<\/a><\/p>\n<p>[\/et_pb_text][et_pb_text _builder_version=\u00bb4.27.0&#8243; _module_preset=\u00bb3ae861ea-5e94-4024-95d0-5a550003f50a\u00bb text_font=\u00bb&#8211;et_global_body_font||||||||\u00bb custom_margin=\u00bb||8px||false|false\u00bb]<\/p>\n<p><a href=\"https:\/\/www.futurobrillante.org\/es\/quienes-somos-futuro-brillante\/\">Nosotros<\/a><\/p>\n<p>[\/et_pb_text][et_pb_text _builder_version=\u00bb4.27.0&#8243; _module_preset=\u00bb3ae861ea-5e94-4024-95d0-5a550003f50a\u00bb text_font=\u00bb&#8211;et_global_body_font||||||||\u00bb custom_margin=\u00bb||8px||false|false\u00bb]<\/p>\n<p><a href=\"https:\/\/www.futurobrillante.org\/es\/unete-2\/\">Contacto<\/a><\/p>\n<p>[\/et_pb_text][et_pb_text _builder_version=\u00bb4.27.0&#8243; _module_preset=\u00bb3ae861ea-5e94-4024-95d0-5a550003f50a\u00bb text_font=\u00bb&#8211;et_global_body_font||||||||\u00bb custom_margin=\u00bb||8px||false|false\u00bb]<\/p>\n<p><a href=\"https:\/\/www.futurobrillante.org\/es\/category\/ultimas-noticias\/\">\u00daltimas noticias<\/a><\/p>\n<p>[\/et_pb_text][et_pb_text _builder_version=\u00bb4.27.0&#8243; _module_preset=\u00bb3ae861ea-5e94-4024-95d0-5a550003f50a\u00bb text_font=\u00bb&#8211;et_global_body_font||||||||\u00bb custom_margin=\u00bb||8px||false|false\u00bb]<\/p>\n<p><a href=\"https:\/\/www.futurobrillante.org\/es\/donar\/\">Donar<\/a><\/p>\n<p>[\/et_pb_text][\/et_pb_column][et_pb_column type=\u00bb1_4&#8243; _builder_version=\u00bb4.25.1&#8243; _module_preset=\u00bbdefault\u00bb global_colors_info=\u00bb{}\u00bb][et_pb_heading title=\u00bbPROGRAMAS\u00bb _builder_version=\u00bb4.27.0&#8243; _module_preset=\u00bbd69464aa-c3db-4735-be08-08c56ba13abf\u00bb title_font=\u00bb&#8211;et_global_heading_font||||||||\u00bb title_text_color=\u00bb#FFFFFF\u00bb custom_margin=\u00bb||8px||false|false\u00bb locked=\u00bboff\u00bb global_colors_info=\u00bb{}\u00bb][\/et_pb_heading][et_pb_text _builder_version=\u00bb4.27.0&#8243; _module_preset=\u00bb3ae861ea-5e94-4024-95d0-5a550003f50a\u00bb text_font=\u00bb&#8211;et_global_body_font||||||||\u00bb custom_margin=\u00bb||8px||false|false\u00bb link_option_url=\u00bbhttps:\/\/www.futurobrillante.org\/es\/que-hacemos\/educacion-y-formacion-tecnica\/\u00bb locked=\u00bboff\u00bb]Educaci\u00f3n y Formaci\u00f3n T\u00e9cnica[\/et_pb_text][et_pb_text _builder_version=\u00bb4.27.0&#8243; _module_preset=\u00bb3ae861ea-5e94-4024-95d0-5a550003f50a\u00bb text_font=\u00bb&#8211;et_global_body_font||||||||\u00bb custom_margin=\u00bb||8px||false|false\u00bb link_option_url=\u00bbhttps:\/\/www.futurobrillante.org\/es\/que-hacemos\/empoderamiento-economico\/\u00bb locked=\u00bboff\u00bb]Empoderamiento Econ\u00f3mico[\/et_pb_text][et_pb_text _builder_version=\u00bb4.27.0&#8243; _module_preset=\u00bb3ae861ea-5e94-4024-95d0-5a550003f50a\u00bb text_font=\u00bb&#8211;et_global_body_font||||||||\u00bb custom_margin=\u00bb||5px||false|false\u00bb link_option_url=\u00bbhttps:\/\/www.futurobrillante.org\/es\/que-hacemos\/desarrollo-comunitario\/\u00bb locked=\u00bboff\u00bb]Bienestar Comunitario[\/et_pb_text][et_pb_button button_url=\u00bbhttps:\/\/www.futurobrillante.org\/es\/donar\/\u00bb button_text=\u00bbDonar\u00bb _builder_version=\u00bb4.27.0&#8243; _module_preset=\u00bb650b6ee9-6b80-4950-93dc-5b73171be3f2&#8243; button_font=\u00bb&#8211;et_global_body_font|700||on|||||\u00bb custom_margin=\u00bb30px||16px||false|false\u00bb][\/et_pb_button][et_pb_button button_url=\u00bbhttps:\/\/www.futurobrillante.org\/es\/unete-2\/\u00bb button_text=\u00bbHazte Voluntario\u00bb _builder_version=\u00bb4.27.0&#8243; _module_preset=\u00bb0acb6d53-050f-477e-9651-333be9ada2bb\u00bb button_font=\u00bb&#8211;et_global_body_font|700||on|||||\u00bb global_colors_info=\u00bb{}\u00bb][\/et_pb_button][\/et_pb_column][\/et_pb_row][\/et_pb_section]<\/p>\n","protected":false},"excerpt":{"rendered":"<p>InicioNosotrosContacto\u00daltimas noticiasDonarEducaci\u00f3n y Formaci\u00f3n T\u00e9cnicaEmpoderamiento Econ\u00f3micoBienestar Comunitario<\/p>\n","protected":false},"author":1,"featured_media":0,"parent":0,"menu_order":0,"comment_status":"closed","ping_status":"closed","template":"","meta":{"_et_pb_use_builder":"on","_et_pb_old_content":"","_et_gb_content_width":"","footnotes":""},"class_list":["post-12306","page","type-page","status-publish","hentry"],"yoast_head":"<!-- This site is optimized with the Yoast SEO plugin v23.3 - https:\/\/yoast.com\/wordpress\/plugins\/seo\/ -->\n<title>Donar - Futuro Brillante<\/title>\n<meta name=\"robots\" content=\"index, follow, max-snippet:-1, max-image-preview:large, max-video-preview:-1\" \/>\n<link rel=\"canonical\" href=\"https:\/\/www.futurobrillante.org\/donate\/\" \/>\n<meta property=\"og:locale\" content=\"es_ES\" \/>\n<meta property=\"og:type\" content=\"article\" \/>\n<meta property=\"og:title\" content=\"Donar - Futuro Brillante\" \/>\n<meta property=\"og:description\" content=\"InicioNosotrosContacto\u00daltimas noticiasDonarEducaci\u00f3n y Formaci\u00f3n T\u00e9cnicaEmpoderamiento Econ\u00f3micoBienestar Comunitario\" \/>\n<meta property=\"og:url\" content=\"https:\/\/www.futurobrillante.org\/donate\/\" \/>\n<meta property=\"og:site_name\" content=\"Futuro Brillante\" \/>\n<meta property=\"article:modified_time\" content=\"2025-03-18T19:54:54+00:00\" \/>\n<meta name=\"twitter:card\" content=\"summary_large_image\" \/>\n<meta name=\"twitter:label1\" content=\"Tiempo de lectura\" \/>\n\t<meta name=\"twitter:data1\" content=\"4 minutos\" \/>\n<script type=\"application\/ld+json\" class=\"yoast-schema-graph\">{\"@context\":\"https:\/\/schema.org\",\"@graph\":[{\"@type\":\"WebPage\",\"@id\":\"https:\/\/www.futurobrillante.org\/donate\/\",\"url\":\"https:\/\/www.futurobrillante.org\/donate\/\",\"name\":\"Donar - Futuro Brillante\",\"isPartOf\":{\"@id\":\"https:\/\/www.futurobrillante.org\/#website\"},\"datePublished\":\"2024-12-21T20:31:08+00:00\",\"dateModified\":\"2025-03-18T19:54:54+00:00\",\"breadcrumb\":{\"@id\":\"https:\/\/www.futurobrillante.org\/donate\/#breadcrumb\"},\"inLanguage\":\"es\",\"potentialAction\":[{\"@type\":\"ReadAction\",\"target\":[\"https:\/\/www.futurobrillante.org\/donate\/\"]}]},{\"@type\":\"BreadcrumbList\",\"@id\":\"https:\/\/www.futurobrillante.org\/donate\/#breadcrumb\",\"itemListElement\":[{\"@type\":\"ListItem\",\"position\":1,\"name\":\"Home\",\"item\":\"https:\/\/www.futurobrillante.org\/es\/\"},{\"@type\":\"ListItem\",\"position\":2,\"name\":\"Donar\"}]},{\"@type\":\"WebSite\",\"@id\":\"https:\/\/www.futurobrillante.org\/#website\",\"url\":\"https:\/\/www.futurobrillante.org\/\",\"name\":\"Futuro Brillante\",\"description\":\"enriqueciendo vidas para un futuro brillante\",\"potentialAction\":[{\"@type\":\"SearchAction\",\"target\":{\"@type\":\"EntryPoint\",\"urlTemplate\":\"https:\/\/www.futurobrillante.org\/?s={search_term_string}\"},\"query-input\":\"required name=search_term_string\"}],\"inLanguage\":\"es\"}]}<\/script>\n<!-- \/ Yoast SEO plugin. -->","yoast_head_json":{"title":"Donar - Futuro Brillante","robots":{"index":"index","follow":"follow","max-snippet":"max-snippet:-1","max-image-preview":"max-image-preview:large","max-video-preview":"max-video-preview:-1"},"canonical":"https:\/\/www.futurobrillante.org\/donate\/","og_locale":"es_ES","og_type":"article","og_title":"Donar - Futuro Brillante","og_description":"InicioNosotrosContacto\u00daltimas noticiasDonarEducaci\u00f3n y Formaci\u00f3n T\u00e9cnicaEmpoderamiento Econ\u00f3micoBienestar Comunitario","og_url":"https:\/\/www.futurobrillante.org\/donate\/","og_site_name":"Futuro Brillante","article_modified_time":"2025-03-18T19:54:54+00:00","twitter_card":"summary_large_image","twitter_misc":{"Tiempo de lectura":"4 minutos"},"schema":{"@context":"https:\/\/schema.org","@graph":[{"@type":"WebPage","@id":"https:\/\/www.futurobrillante.org\/donate\/","url":"https:\/\/www.futurobrillante.org\/donate\/","name":"Donar - Futuro Brillante","isPartOf":{"@id":"https:\/\/www.futurobrillante.org\/#website"},"datePublished":"2024-12-21T20:31:08+00:00","dateModified":"2025-03-18T19:54:54+00:00","breadcrumb":{"@id":"https:\/\/www.futurobrillante.org\/donate\/#breadcrumb"},"inLanguage":"es","potentialAction":[{"@type":"ReadAction","target":["https:\/\/www.futurobrillante.org\/donate\/"]}]},{"@type":"BreadcrumbList","@id":"https:\/\/www.futurobrillante.org\/donate\/#breadcrumb","itemListElement":[{"@type":"ListItem","position":1,"name":"Home","item":"https:\/\/www.futurobrillante.org\/es\/"},{"@type":"ListItem","position":2,"name":"Donar"}]},{"@type":"WebSite","@id":"https:\/\/www.futurobrillante.org\/#website","url":"https:\/\/www.futurobrillante.org\/","name":"Futuro Brillante","description":"enriqueciendo vidas para un futuro brillante","potentialAction":[{"@type":"SearchAction","target":{"@type":"EntryPoint","urlTemplate":"https:\/\/www.futurobrillante.org\/?s={search_term_string}"},"query-input":"required name=search_term_string"}],"inLanguage":"es"}]}},"_links":{"self":[{"href":"https:\/\/www.futurobrillante.org\/es\/wp-json\/wp\/v2\/pages\/12306"}],"collection":[{"href":"https:\/\/www.futurobrillante.org\/es\/wp-json\/wp\/v2\/pages"}],"about":[{"href":"https:\/\/www.futurobrillante.org\/es\/wp-json\/wp\/v2\/types\/page"}],"author":[{"embeddable":true,"href":"https:\/\/www.futurobrillante.org\/es\/wp-json\/wp\/v2\/users\/1"}],"replies":[{"embeddable":true,"href":"https:\/\/www.futurobrillante.org\/es\/wp-json\/wp\/v2\/comments?post=12306"}],"version-history":[{"count":9,"href":"https:\/\/www.futurobrillante.org\/es\/wp-json\/wp\/v2\/pages\/12306\/revisions"}],"predecessor-version":[{"id":12776,"href":"https:\/\/www.futurobrillante.org\/es\/wp-json\/wp\/v2\/pages\/12306\/revisions\/12776"}],"wp:attachment":[{"href":"https:\/\/www.futurobrillante.org\/es\/wp-json\/wp\/v2\/media?parent=12306"}],"curies":[{"name":"wp","href":"https:\/\/api.w.org\/{rel}","templated":true}]}}