{"id":10456,"date":"2020-11-25T10:06:37","date_gmt":"2020-11-25T16:06:37","guid":{"rendered":"https:\/\/www.futurobrillante.org\/donate-nov2020\/"},"modified":"2022-05-03T07:54:21","modified_gmt":"2022-05-03T13:54:21","slug":"donaciones","status":"publish","type":"page","link":"https:\/\/www.futurobrillante.org\/es\/donaciones\/","title":{"rendered":"Donaciones"},"content":{"rendered":"<p>[vc_section content_placement=\u00bbmiddle\u00bb css=\u00bb.vc_custom_1604979279665{padding-top: 100px !important;padding-bottom: 100px !important;background-color: #e6e6e6 !important;}\u00bb][vc_row][vc_column width=\u00bb1\/2&#8243; column_padding=\u00bb3%\u00bb el_class=\u00bbblue_line\u00bb][block_title title=\u00bbAPOYO FUTURO BRILLANTE\u00bb]<\/p>\n<p style=\"text-align: left;\">Al donar a Futuro Brillante, est\u00e1s apoyando directamente proyectos de desarrollo vitales para cientos de familias que viven en la pobreza en la comunidad de Matapalo, Guanacaste, Costa Rica. El 100% de cada donaci\u00f3n se destina a nuestros programas principales, que incluyen: educaci\u00f3n, infraestructura, proyectos agr\u00edcolas y de ayuda alimentaria, empoderamiento econ\u00f3mico y desarrollo comunitario.<\/p>\n<p style=\"text-align: left;\">\u00a1Gracias por elegir apoyar a Futuro Brillante con sus donaciones caritativas!<\/p>\n<p>[\/block_title][\/vc_column][vc_column width=\u00bb1\/2&#8243;][media animation=\u00bbnone\u00bb image=\u00bb9688&#8243;][\/vc_column][\/vc_row][\/vc_section][vc_section full_width=\u00bbstretch_row\u00bb content_placement=\u00bbmiddle\u00bb disable_element=\u00bbyes\u00bb css=\u00bb.vc_custom_1610391711101{padding-top: 50px !important;padding-bottom: 50px !important;background-image: url(https:\/\/www.futurobrillante.org\/wp-content\/uploads\/2020\/11\/Fondo_navidad2.png?id=11199) !important;background-position: center !important;background-repeat: no-repeat !important;background-size: cover !important;}\u00bb el_id=\u00bbchristmas\u00bb][vc_row bottom_padding=\u00bb0&#8243; class=\u00bbtext_red red_line\u00bb][vc_column el_class=\u00bbmargin_botton\u00bb css=\u00bb.vc_custom_1608327894653{margin-bottom: 0px !important;}\u00bb][block_title title=\u00bb\u00a1Duplique su donaci\u00f3n en estas fiestas!\u00bb][\/block_title][\/vc_column][\/vc_row][vc_row][vc_column width=\u00bb1\/2&#8243; background_color=\u00bb#ffffff\u00bb el_class=\u00bbtable0&#8243;][vc_column_text el_class=\u00bbtext_grey pading_text\u00bb css=\u00bb.vc_custom_1608566623397{padding-top: 15px !important;}\u00bb]Durante el a\u00f1o 2020 fuimos capaces de cumplir con muchos retos, somos ambiciosos en nuestros planes para 2021 y para ello <strong>seguimos necesitando tu ayuda<\/strong>;.<\/p>\n<p>Somos muy afortunados de tener la oportunidad de <strong>llegar a los $20000 <\/strong>para los proyectos de nuestra comunidad durante este periodo navide\u00f1o en Costa Rica.<\/p>\n<p>Nuestra fundaci\u00f3n dedicar\u00e1 de forma \u00edntegra todas las donaciones recibidas hasta el 31 de diciembre a la comunidad, hasta los primeros $10000!.[\/vc_column_text][\/vc_column][vc_column width=\u00bb1\/2&#8243; background_color=\u00bb#ffffff\u00bb el_class=\u00bbtable3&#8243; css=\u00bb.vc_custom_1608346364047{padding-bottom: 30px !important;}\u00bb][vc_raw_html]JTNDc2NyaXB0JTIwc3JjJTNEJTIyaHR0cHMlM0ElMkYlMkZkb25vcmJveC5vcmclMkZ3aWRnZXQuanMlMjIlMjBwYXlwYWxFeHByZXNzJTNEJTIyZmFsc2UlMjIlM0UlM0MlMkZzY3JpcHQlM0UlM0NpZnJhbWUlMjBhbGxvd3BheW1lbnRyZXF1ZXN0JTNEJTIyJTIyJTIwZnJhbWVib3JkZXIlM0QlMjIwJTIyJTIwaGVpZ2h0JTNEJTIyOTAwcHglMjIlMjBuYW1lJTNEJTIyZG9ub3Jib3glMjIlMjBzY3JvbGxpbmclM0QlMjJubyUyMiUyMHNlYW1sZXNzJTNEJTIyc2VhbWxlc3MlMjIlMjBzcmMlM0QlMjJodHRwcyUzQSUyRiUyRmRvbm9yYm94Lm9yZyUyRmVtYmVkJTJGZnV0dXJvLWJyaWxsYW50ZS1ob2xpZGF5LW1hdGNoaW5nLWNhbXBhaWduJTIyJTIwc3R5bGUlM0QlMjJtYXgtd2lkdGglM0ElMjA1MDBweCUzQiUyMG1pbi13aWR0aCUzQSUyMDI1MHB4JTNCJTIwbWF4LWhlaWdodCUzQW5vbmUlMjFpbXBvcnRhbnQlMjIlMjB3aWR0aCUzRCUyMjEwMCUyNSUyMiUzRSUzQyUyRmlmcmFtZSUzRQ==[\/vc_raw_html][\/vc_column][\/vc_row][\/vc_section][vc_section full_width=\u00bbstretch_row\u00bb content_placement=\u00bbmiddle\u00bb css=\u00bb.vc_custom_1608329474227{padding-top: 50px !important;padding-bottom: 50px !important;}\u00bb el_class=\u00bbbottom\u00bb][vc_row bottom_padding=\u00bb0&#8243; class=\u00bbtext_grey grey_line margin-bottom\u00bb][vc_column el_class=\u00bbmargin_botton\u00bb css=\u00bb.vc_custom_1608327894653{margin-bottom: 0px !important;}\u00bb][block_title title=\u00bb\u00a1Dona ya!\u00bb]Ofrecemos tres opciones f\u00e1ciles para donar a Futuro Brillante[\/block_title][\/vc_column][\/vc_row][vc_row class=\u00bbbox_donate\u00bb][vc_column width=\u00bb1\/3&#8243; el_class=\u00bbtable0&#8243; css=\u00bb.vc_custom_1608326921083{background-color: #e6e6e6 !important;}\u00bb][vc_column_text el_class=\u00bbtext_grey\u00bb css=\u00bb.vc_custom_1608328545773{padding-top: 15px !important;}\u00bb]Para donar de forma segura con una <strong>tarjeta de d\u00e9bito o cr\u00e9dito<\/strong> o mediante <strong>PayPal<\/strong>, utilice este formulario:[\/vc_column_text][vc_raw_html]JTNDc2NyaXB0JTIwc3JjJTNEJTIyaHR0cHMlM0ElMkYlMkZkb25vcmJveC5vcmclMkZ3aWRnZXQuanMlMjIlMjBwYXlwYWxFeHByZXNzJTNEJTIyZmFsc2UlMjIlM0UlM0MlMkZzY3JpcHQlM0UlM0NpZnJhbWUlMjBhbGxvd3BheW1lbnRyZXF1ZXN0JTNEJTIyJTIyJTIwZnJhbWVib3JkZXIlM0QlMjIwJTIyJTIwaGVpZ2h0JTNEJTIyOTAwcHglMjIlMjBuYW1lJTNEJTIyZG9ub3Jib3glMjIlMjBzY3JvbGxpbmclM0QlMjJubyUyMiUyMHNlYW1sZXNzJTNEJTIyc2VhbWxlc3MlMjIlMjBzcmMlM0QlMjJodHRwcyUzQSUyRiUyRmRvbm9yYm94Lm9yZyUyRmVtYmVkJTJGZ2VuZXJhbC1kb25hdGlvbnMtMjA0JTIyJTIwc3R5bGUlM0QlMjJtYXgtd2lkdGglM0ElMjA1MDBweCUzQiUyMG1pbi13aWR0aCUzQSUyMDI1MHB4JTNCJTIwbWF4LWhlaWdodCUzQW5vbmUlMjFpbXBvcnRhbnQlMjIlMjB3aWR0aCUzRCUyMjEwMCUyNSUyMiUzRSUzQyUyRmlmcmFtZSUzRQ==[\/vc_raw_html][\/vc_column][vc_column width=\u00bb1\/3&#8243; el_class=\u00bbtable3&#8243; css=\u00bb.vc_custom_1608329172776{padding-bottom: 30px !important;background-color: #e6e6e6 !important;}\u00bb][vc_column_text el_class=\u00bbtext_grey text_money\u00bb css=\u00bb.vc_custom_1608328553347{padding-top: 15px !important;}\u00bb]Para donar mediante <strong>transferencia bancaria<\/strong> en Costa Rica, encuentre nuestros datos bancarios a continuaci\u00f3n:[\/vc_column_text][mvc_price_listing style=\u00bbdesign8&#8243; price_title=\u00bbFUNDACI\u00d3N FUTURO BRILLANTE\u00bb title_clr=\u00bb#ffffff\u00bb amount_clr=\u00bb#ffffff\u00bb top_bg=\u00bb#2fb3c1&#8243; price_bg=\u00bb#ffffff\u00bb subtitle=\u00bbC\u00c9DULA JUR\u00cdDICA 3-006-731214&#8243; btn_text=\u00bb\u00a1DONA YA!\u00bb btnsize=\u00bb20&#8243; titlesize=\u00bb23&#8243; amountsize=\u00bb20&#8243; planesize=\u00bb20&#8243;]<\/p>\n<div class=\"price-content\">\n<p>Banco Nacional moneda Dollares:<br \/>\nIBAN CR93015119320020017346<\/p>\n<p>Bank Nacional moneda Colones:<br \/>\nIBAN CR19015119320010063859<\/p>\n<p>BCR moneda Dollares Account:<br \/>\nIBAN CR07015202001228548430<\/p>\n<p>BCR moneda Colones:<br \/>\nIBAN CR94015202001228548513<\/p>\n<\/div>\n<p>[\/mvc_price_listing][\/vc_column][vc_column width=\u00bb1\/3&#8243; el_class=\u00bbtable4&#8243; css=\u00bb.vc_custom_1608329181052{padding-bottom: 30px !important;background-color: #e6e6e6 !important;}\u00bb][vc_column_text el_class=\u00bbtext_grey text_money\u00bb css=\u00bb.vc_custom_1608328560998{padding-top: 15px !important;}\u00bb]Las <strong>donaciones por cheque<\/strong> en los EE. UU. Tambi\u00e9n se aceptan con gusto:[\/vc_column_text][mvc_price_listing style=\u00bbdesign8&#8243; price_title=\u00bbFUNDACI\u00d3N FUTURO BRILLANTE\u00bb title_clr=\u00bb#ffffff\u00bb amount_clr=\u00bb#ffffff\u00bb top_bg=\u00bb#086069&#8243; price_bg=\u00bb#ffffff\u00bb subtitle=\u00bbC\u00c9DULA JUR\u00cdDICA 3-006-731214&#8243; btn_text=\u00bb\u00a1DONA YA!\u00bb btnsize=\u00bb20&#8243; titlesize=\u00bb23&#8243; amountsize=\u00bb20&#8243; planesize=\u00bb20&#8243;]<\/p>\n<div class=\"price-content\">\n<p>Please make checks payable to \u00abFuturo Brillante\u00bb and send them to the following address:<\/p>\n<p>Futuro Brillante<br \/>\n2805 Dickens Street, Suite 103<br \/>\nSan Diego, CA 92106-2764<\/p>\n<\/div>\n<p>[\/mvc_price_listing][\/vc_column][\/vc_row][\/vc_section][vc_section css=\u00bb.vc_custom_1651585128501{padding-top: 100px !important;padding-bottom: 0px !important;background-color: #777777 !important;}\u00bb el_class=\u00bbtext_white\u00bb][vc_row class=\u00bbmargin_bottom\u00bb][vc_column width=\u00bb1\/2&#8243; column_padding=\u00bb0&#8243; el_class=\u00bbtext_white\u00bb][block_title title=\u00bbEMBAJADORES DE FUTURO BRILLANTE\u00bb]<\/p>\n<p style=\"text-align: left;\">En diciembre de 2020, la fundaci\u00f3n lanz\u00f3 una nueva iniciativa de recaudaci\u00f3n de fondos llamada Programa de Embajadores de Futuro Brillante.<\/p>\n<p style=\"text-align: left;\">Este grupo af\u00edn de donantes ha sido dise\u00f1ado para aquellas personas y empresas especiales que deseen hacer un compromiso filantr\u00f3pico anual con Futuro Brillante para garantizar que tengamos apoyo econ\u00f3mico que nos ayude a expandir a\u00fan m\u00e1s nuestra misi\u00f3n y visi\u00f3n.<\/p>\n<p style=\"text-align: left;\">Estamos profundamente agradecidos con las diez personas y organizaciones inspiradoras que se han comprometido durante tres a\u00f1os a convertirse en Embajadoras de Futuro Brillante. \u00danase a nosotros para honrar y celebrar a nuestra Generaci\u00f3n Fundadora de Embajadores: Lisa Azevedo, Andrew Garza, Valarie Frost, Karen Harmon, Lakewood Rotary Club, Carol McCarthy, Richard Michaels. Purdy &amp; Bailey, LLP, Louis Scotti, Kit Sparks.<\/p>\n<p>[\/block_title][\/vc_column][vc_column width=\u00bb1\/2&#8243; centered_cont_vertical=\u00bbtrue\u00bb css=\u00bb.vc_custom_1619469302476{padding-top: 75px !important;}\u00bb][media animation=\u00bbnone\u00bb image=\u00bb10198&#8243;][\/vc_column][vc_column][vc_column_text el_class=\u00bbtext_white\u00bb css=\u00bb.vc_custom_1606504349900{margin-top: 25px !important;}\u00bb el_id=\u00bbtext_white\u00bb]<\/p>\n<h2 style=\"text-align: left;\">Caracter\u00edsticas del Programa de Embajadores:<\/h2>\n<p>[\/vc_column_text][\/vc_column][\/vc_row][vc_row][vc_column width=\u00bb1\/2&#8243;][info_list_father connector_h=\u00bb10&#8243; liststyle=\u00bbdotted\u00bb listclr=\u00bb#ffffff\u00bb][info_list_son style=\u00bbicon\u00bb size=\u00bb20&#8243; width=\u00bb40&#8243; height=\u00bb40&#8243; titlesize=\u00bb20&#8243; titleclr=\u00bb#ffffff\u00bb icon=\u00bbfas fa-dollar-sign\u00bb iconclr=\u00bb#f09400&#8243; title=\u00bbCompromiso de donaci\u00f3n anual por tres a\u00f1os\u00bb][\/info_list_son][info_list_son style=\u00bbicon\u00bb size=\u00bb20&#8243; width=\u00bb40&#8243; height=\u00bb40&#8243; titlesize=\u00bb20&#8243; titleclr=\u00bb#ffffff\u00bb icon=\u00bbfas fa-gift\u00bb iconclr=\u00bb#2fb3c1&#8243; title=\u00bbRegalo de agradecimiento cada a\u00f1o\u00bb][\/info_list_son][\/info_list_father][\/vc_column][vc_column width=\u00bb1\/2&#8243;][info_list_father connector_h=\u00bb10&#8243; liststyle=\u00bbdotted\u00bb listclr=\u00bb#ffffff\u00bb][info_list_son style=\u00bbicon\u00bb size=\u00bb20&#8243; width=\u00bb40&#8243; height=\u00bb40&#8243; titlesize=\u00bb20&#8243; titleclr=\u00bb#ffffff\u00bb icon=\u00bbfas fa-street-view\u00bb iconclr=\u00bb#f09400&#8243; title=\u00bbOportunidad de participar en proyectos de infraestructura\u00bb][\/info_list_son][info_list_son style=\u00bbicon\u00bb size=\u00bb20&#8243; width=\u00bb40&#8243; height=\u00bb40&#8243; titlesize=\u00bb20&#8243; titleclr=\u00bb#ffffff\u00bb icon=\u00bbfas fa-file-alt\u00bb iconclr=\u00bb#2fb3c1&#8243; title=\u00bbSimple, f\u00e1cil y seguro\u00bb][\/info_list_son][\/info_list_father][\/vc_column][\/vc_row][vc_row bottom_padding=\u00bb100&#8243;][vc_column width=\u00bb1\/2&#8243;][mvc_advanced_button align=\u00bbcenter\u00bb btn_text=\u00bb\u00a1Leer m\u00e1s aqu\u00ed!\u00bb btn_url=\u00bburl:https%3A%2F%2Fwww.futurobrillante.org%2Fwp-content%2Fuploads%2F2020%2F11%2FFuturo-Brillante-Ambassadors-2021.pdf|||\u00bb btn_clr=\u00bb#ffffff\u00bb btn_bg=\u00bb#f09400&#8243; btn_hvrbg=\u00bb#3e3d3d\u00bb btn_radius=\u00bb10&#8243;][\/vc_column][vc_column width=\u00bb1\/2&#8243;][mvc_advanced_button align=\u00bbcenter\u00bb btn_text=\u00bb\u00a1Convi\u00e9rtete en Embajador de FB!\u00bb btn_url=\u00bburl:https%3A%2F%2Fdonorbox.org%2Ffuturo-brillante-ambassadors|||\u00bb btn_clr=\u00bb#ffffff\u00bb btn_bg=\u00bb#f09400&#8243; btn_hvrbg=\u00bb#3e3d3d\u00bb btn_radius=\u00bb10&#8243;][\/vc_column][\/vc_row][\/vc_section]<\/p>\n","protected":false},"excerpt":{"rendered":"<p>[vc_section content_placement=\u00bbmiddle\u00bb css=\u00bb.vc_custom_1604979279665{padding-top: 100px !important;padding-bottom: 100px !important;background-color: #e6e6e6 !important;}\u00bb][vc_row][vc_column width=\u00bb1\/2&#8243; column_padding=\u00bb3%\u00bb el_class=\u00bbblue_line\u00bb][block_title title=\u00bbAPOYO FUTURO BRILLANTE\u00bb] Al donar a Futuro Brillante, est\u00e1s apoyando directamente proyectos de desarrollo vitales para cientos de familias que viven en la pobreza en la comunidad de Matapalo, Guanacaste, Costa Rica. El 100% de cada donaci\u00f3n se destina a nuestros programas principales, [&hellip;]<\/p>\n","protected":false},"author":1,"featured_media":0,"parent":0,"menu_order":5,"comment_status":"closed","ping_status":"closed","template":"","meta":{"_et_pb_use_builder":"","_et_pb_old_content":"","_et_gb_content_width":"","footnotes":""},"class_list":["post-10456","page","type-page","status-publish","hentry"],"yoast_head":"<!-- This site is optimized with the Yoast SEO plugin v23.3 - https:\/\/yoast.com\/wordpress\/plugins\/seo\/ -->\n<title>Donaciones - Futuro Brillante<\/title>\n<meta name=\"robots\" content=\"index, follow, max-snippet:-1, max-image-preview:large, max-video-preview:-1\" \/>\n<link rel=\"canonical\" href=\"https:\/\/www.futurobrillante.org\/es\/donaciones\/\" \/>\n<meta property=\"og:locale\" content=\"es_ES\" \/>\n<meta property=\"og:type\" content=\"article\" \/>\n<meta property=\"og:title\" content=\"Donaciones - Futuro Brillante\" \/>\n<meta property=\"og:description\" content=\"[vc_section content_placement=\u00bbmiddle\u00bb css=\u00bb.vc_custom_1604979279665{padding-top: 100px !important;padding-bottom: 100px !important;background-color: #e6e6e6 !important;}\u00bb][vc_row][vc_column width=\u00bb1\/2&#8243; column_padding=\u00bb3%\u00bb el_class=\u00bbblue_line\u00bb][block_title title=\u00bbAPOYO FUTURO BRILLANTE\u00bb] Al donar a Futuro Brillante, est\u00e1s apoyando directamente proyectos de desarrollo vitales para cientos de familias que viven en la pobreza en la comunidad de Matapalo, Guanacaste, Costa Rica. El 100% de cada donaci\u00f3n se destina a nuestros programas principales, [&hellip;]\" \/>\n<meta property=\"og:url\" content=\"https:\/\/www.futurobrillante.org\/es\/donaciones\/\" \/>\n<meta property=\"og:site_name\" content=\"Futuro Brillante\" \/>\n<meta property=\"article:modified_time\" content=\"2022-05-03T13:54:21+00:00\" \/>\n<meta name=\"twitter:card\" content=\"summary_large_image\" \/>\n<meta name=\"twitter:label1\" content=\"Tiempo de lectura\" \/>\n\t<meta name=\"twitter:data1\" content=\"6 minutos\" \/>\n<script type=\"application\/ld+json\" class=\"yoast-schema-graph\">{\"@context\":\"https:\/\/schema.org\",\"@graph\":[{\"@type\":\"WebPage\",\"@id\":\"https:\/\/www.futurobrillante.org\/es\/donaciones\/\",\"url\":\"https:\/\/www.futurobrillante.org\/es\/donaciones\/\",\"name\":\"Donaciones - Futuro Brillante\",\"isPartOf\":{\"@id\":\"https:\/\/www.futurobrillante.org\/#website\"},\"datePublished\":\"2020-11-25T16:06:37+00:00\",\"dateModified\":\"2022-05-03T13:54:21+00:00\",\"breadcrumb\":{\"@id\":\"https:\/\/www.futurobrillante.org\/es\/donaciones\/#breadcrumb\"},\"inLanguage\":\"es\",\"potentialAction\":[{\"@type\":\"ReadAction\",\"target\":[\"https:\/\/www.futurobrillante.org\/es\/donaciones\/\"]}]},{\"@type\":\"BreadcrumbList\",\"@id\":\"https:\/\/www.futurobrillante.org\/es\/donaciones\/#breadcrumb\",\"itemListElement\":[{\"@type\":\"ListItem\",\"position\":1,\"name\":\"Home\",\"item\":\"https:\/\/www.futurobrillante.org\/es\/\"},{\"@type\":\"ListItem\",\"position\":2,\"name\":\"Donaciones\"}]},{\"@type\":\"WebSite\",\"@id\":\"https:\/\/www.futurobrillante.org\/#website\",\"url\":\"https:\/\/www.futurobrillante.org\/\",\"name\":\"Futuro Brillante\",\"description\":\"enriqueciendo vidas para un futuro brillante\",\"potentialAction\":[{\"@type\":\"SearchAction\",\"target\":{\"@type\":\"EntryPoint\",\"urlTemplate\":\"https:\/\/www.futurobrillante.org\/?s={search_term_string}\"},\"query-input\":\"required name=search_term_string\"}],\"inLanguage\":\"es\"}]}<\/script>\n<!-- \/ Yoast SEO plugin. -->","yoast_head_json":{"title":"Donaciones - Futuro Brillante","robots":{"index":"index","follow":"follow","max-snippet":"max-snippet:-1","max-image-preview":"max-image-preview:large","max-video-preview":"max-video-preview:-1"},"canonical":"https:\/\/www.futurobrillante.org\/es\/donaciones\/","og_locale":"es_ES","og_type":"article","og_title":"Donaciones - Futuro Brillante","og_description":"[vc_section content_placement=\u00bbmiddle\u00bb css=\u00bb.vc_custom_1604979279665{padding-top: 100px !important;padding-bottom: 100px !important;background-color: #e6e6e6 !important;}\u00bb][vc_row][vc_column width=\u00bb1\/2&#8243; column_padding=\u00bb3%\u00bb el_class=\u00bbblue_line\u00bb][block_title title=\u00bbAPOYO FUTURO BRILLANTE\u00bb] Al donar a Futuro Brillante, est\u00e1s apoyando directamente proyectos de desarrollo vitales para cientos de familias que viven en la pobreza en la comunidad de Matapalo, Guanacaste, Costa Rica. El 100% de cada donaci\u00f3n se destina a nuestros programas principales, [&hellip;]","og_url":"https:\/\/www.futurobrillante.org\/es\/donaciones\/","og_site_name":"Futuro Brillante","article_modified_time":"2022-05-03T13:54:21+00:00","twitter_card":"summary_large_image","twitter_misc":{"Tiempo de lectura":"6 minutos"},"schema":{"@context":"https:\/\/schema.org","@graph":[{"@type":"WebPage","@id":"https:\/\/www.futurobrillante.org\/es\/donaciones\/","url":"https:\/\/www.futurobrillante.org\/es\/donaciones\/","name":"Donaciones - Futuro Brillante","isPartOf":{"@id":"https:\/\/www.futurobrillante.org\/#website"},"datePublished":"2020-11-25T16:06:37+00:00","dateModified":"2022-05-03T13:54:21+00:00","breadcrumb":{"@id":"https:\/\/www.futurobrillante.org\/es\/donaciones\/#breadcrumb"},"inLanguage":"es","potentialAction":[{"@type":"ReadAction","target":["https:\/\/www.futurobrillante.org\/es\/donaciones\/"]}]},{"@type":"BreadcrumbList","@id":"https:\/\/www.futurobrillante.org\/es\/donaciones\/#breadcrumb","itemListElement":[{"@type":"ListItem","position":1,"name":"Home","item":"https:\/\/www.futurobrillante.org\/es\/"},{"@type":"ListItem","position":2,"name":"Donaciones"}]},{"@type":"WebSite","@id":"https:\/\/www.futurobrillante.org\/#website","url":"https:\/\/www.futurobrillante.org\/","name":"Futuro Brillante","description":"enriqueciendo vidas para un futuro brillante","potentialAction":[{"@type":"SearchAction","target":{"@type":"EntryPoint","urlTemplate":"https:\/\/www.futurobrillante.org\/?s={search_term_string}"},"query-input":"required name=search_term_string"}],"inLanguage":"es"}]}},"_links":{"self":[{"href":"https:\/\/www.futurobrillante.org\/es\/wp-json\/wp\/v2\/pages\/10456"}],"collection":[{"href":"https:\/\/www.futurobrillante.org\/es\/wp-json\/wp\/v2\/pages"}],"about":[{"href":"https:\/\/www.futurobrillante.org\/es\/wp-json\/wp\/v2\/types\/page"}],"author":[{"embeddable":true,"href":"https:\/\/www.futurobrillante.org\/es\/wp-json\/wp\/v2\/users\/1"}],"replies":[{"embeddable":true,"href":"https:\/\/www.futurobrillante.org\/es\/wp-json\/wp\/v2\/comments?post=10456"}],"version-history":[{"count":85,"href":"https:\/\/www.futurobrillante.org\/es\/wp-json\/wp\/v2\/pages\/10456\/revisions"}],"predecessor-version":[{"id":11640,"href":"https:\/\/www.futurobrillante.org\/es\/wp-json\/wp\/v2\/pages\/10456\/revisions\/11640"}],"wp:attachment":[{"href":"https:\/\/www.futurobrillante.org\/es\/wp-json\/wp\/v2\/media?parent=10456"}],"curies":[{"name":"wp","href":"https:\/\/api.w.org\/{rel}","templated":true}]}}