{"id":10440,"date":"2020-11-24T15:15:52","date_gmt":"2020-11-24T21:15:52","guid":{"rendered":"https:\/\/www.futurobrillante.org\/join-us-nov2020-copy\/"},"modified":"2021-01-11T13:00:58","modified_gmt":"2021-01-11T19:00:58","slug":"unete","status":"publish","type":"page","link":"https:\/\/www.futurobrillante.org\/es\/unete\/","title":{"rendered":"\u00danete"},"content":{"rendered":"<p>[vc_section css=\u00bb.vc_custom_1604969744031{padding-top: 100px !important;padding-bottom: 100px !important;background-color: #e6e6e6 !important;}\u00bb][vc_row][vc_column width=\u00bb1\/2&#8243; el_class=\u00bbblue_line\u00bb][block_title title=\u00bb\u00fanete\u00bb]<\/p>\n<p style=\"text-align: left;\">Si est\u00e1 interesado en apoyar a nuestra comunidad y mejorarla, \u00a1\u00fanase a nosotros!<\/p>\n<p style=\"text-align: left;\">Te invitamos a que vengas a conocer m\u00e1s sobre nuestros proyectos y te conviertas en parte de nuestro incre\u00edble equipo de voluntarios.<\/p>\n<p style=\"text-align: left;\">Ll\u00e1manos al 4700 5021 o escr\u00edbenos a info@futurobrillante.org para conocer m\u00e1s.<\/p>\n<p>[\/block_title][\/vc_column][vc_column width=\u00bb1\/2&#8243;][media animation=\u00bbnone\u00bb image=\u00bb9595&#8243;][\/vc_column][\/vc_row][\/vc_section][vc_section content_placement=\u00bbmiddle\u00bb css=\u00bb.vc_custom_1604552956729{padding-top: 80px !important;padding-bottom: 80px !important;}\u00bb][vc_row][vc_column][vc_media_grid style=\u00bbpagination\u00bb items_per_page=\u00bb6&#8243; element_width=\u00bb2&#8243; paging_design=\u00bbnone\u00bb loop=\u00bbyes\u00bb autoplay=\u00bb5&#8243; item=\u00bbbasicGrid_NoAnimation\u00bb grid_id=\u00bbvc_gid:1610391275637-be423cd5-e7c8-4&#8243; include=\u00bb7385,7477,6092,6073,6071,5799,5555,5451,6068,6084,6087,6230,7166,7169,7390,7471,7482,7546,7624,7833,7846,7902,7932,8580&#8243;][\/vc_column][vc_column css=\u00bb.vc_custom_1604552489544{padding-top: 50px !important;}\u00bb][vc_column_text el_class=\u00bbtext_orange\u00bb]<\/p>\n<h1 style=\"text-align: center;\">\u00a1VOLUNTARIO!<\/h1>\n<p>[\/vc_column_text][vc_column_text title=\u00bbtext_grey\u00bb el_class=\u00bbtext_grey\u00bb]<\/p>\n<p style=\"text-align: center; font-size: 20px;\">\u00a1\u00danase a nosotros como voluntario! Tenemos muchos proyectos diferentes que necesitan la ayuda de personas dedicadas y apasionadas como usted. Convi\u00e9rtase en voluntario y ayude a hacer de su comunidad un lugar mejor.<\/p>\n<p>[\/vc_column_text][\/vc_column][\/vc_row][\/vc_section][vc_section full_width=\u00bbstretch_row\u00bb content_placement=\u00bbmiddle\u00bb css=\u00bb.vc_custom_1604555455051{padding-top: 50px !important;padding-bottom: 80px !important;background-color: #676462 !important;}\u00bb][vc_row][vc_column el_class=\u00bbtext_white\u00bb][block_title title=\u00bbNUESTROS PATROCINADORES Y SOCIOS\u00bb][\/block_title][\/vc_column][\/vc_row][vc_row class=\u00bbbackground_white\u00bb][vc_column][mvc_infobox info_style=\u00bbmega_info_box_2&#8243; info_opt=\u00bbshow_icon\u00bb title_color=\u00bb#f19d16&#8243; icon_color=\u00bb#676462&#8243; hoverclr=\u00bb#f19d16&#8243; info_title=\u00bbLOGRAMOS M\u00c1S JUNTOS\u00bb css=\u00bb.vc_custom_1606326299444{margin-bottom: 10px !important;background-color: #ffffff !important;}\u00bb font_icon=\u00bbfas fa-heart\u00bb title_size=\u00bb25&#8243; icon_bg=\u00bb#ffffff\u00bb]Una parte clave del esp\u00edritu de Futuro Brillante es nuestra firme creencia de que varios actores logran el verdadero desarrollo de la comunidad. Las empresas privadas, las instituciones gubernamentales, las ONG, las escuelas y universidades y los grupos comunitarios desempe\u00f1an un papel fundamental. Trabajamos de la mano con una mezcla diversa de estas instituciones para crear programas y proyectos para el progreso de los habitantes de Cabo Velas.[\/mvc_infobox][mvc_infobox info_style=\u00bbmega_info_box_2&#8243; info_opt=\u00bbshow_icon\u00bb title_color=\u00bb#2fb3c1&#8243; hoverclr=\u00bb#2fb3c1&#8243; icon_color=\u00bb#676462&#8243; info_title=\u00bbPATROCINADORES\u00bb title_size=\u00bb25&#8243; icon_bg=\u00bb#e6e6e6&#8243; css=\u00bb.vc_custom_1606325904576{margin-top: 10px !important;margin-bottom: 10px !important;background-color: #ffffff !important;}\u00bb font_icon=\u00bbfas fa-heart\u00bb]<\/p>\n<p style=\"text-align: left; color: #676462;\">Nuestros patrocinadores son empresas y fundaciones privadas que creen en nuestro trabajo y realizan contribuciones financieras y\u00a0materiales para ayudar a respaldar nuestros programas.<\/p>\n<p>[\/mvc_infobox][mvc_infobox info_style=\u00bbmega_info_box_2&#8243; info_opt=\u00bbshow_icon\u00bb title_color=\u00bb#086069&#8243; hoverclr=\u00bb#086069&#8243; icon_color=\u00bb#676462&#8243; info_title=\u00bbSOCIOS\u00bb title_size=\u00bb25&#8243; icon_bg=\u00bb#e6e6e6&#8243; css=\u00bb.vc_custom_1606325916631{margin-top: 10px !important;background-color: #ffffff !important;}\u00bb font_icon=\u00bbfas fa-heart\u00bb]<\/p>\n<p style=\"text-align: left; color: #676462;\">Nuestros socios son una combinaci\u00f3n de instituciones gubernamentales, ONG y comit\u00e9s locales. Buscamos socios que puedan ayudarnos a abordar una necesidad en la comunidad local y trabajamos juntos para crear proyectos y programas sostenibles y de alta calidad.<br \/>\nPara convertirse en patrocinador o socio de Futuro Brillante, comun\u00edquese con nuestra Directora Lindsay Losasso al 8447-2776 o lindsay@futurobrillante.org.<\/p>\n<p>[\/mvc_infobox][\/vc_column][\/vc_row][\/vc_section][vc_section full_width=\u00bbstretch_row\u00bb css=\u00bb.vc_custom_1604585185864{padding-top: 50px !important;padding-bottom: 50px !important;}\u00bb][vc_row class=\u00bbtext_grey grey_line\u00bb][vc_column][block_title title=\u00bbPATROCINADORES\u00bb]<\/p>\n<p style=\"text-align: center;\">\u00a0<strong>\u00a1Muchas gracias a nuestros patrocinadores 2020 por su generoso apoyo a Futuro Brillante! <\/strong><\/p>\n<p>[\/block_title][\/vc_column][\/vc_row][vc_row][vc_column centered_cont=\u00bbtrue\u00bb css=\u00bb.vc_custom_1604975165593{padding-top: 0px !important;}\u00bb][filter_gallery_wrap columns=\u00bb2&#8243; columnstab=\u00bb2&#8243; columnsmbl=\u00bb1&#8243; link_icon=\u00bb\u00bb popup_icon=\u00bb\u00bb checked=\u00bbtrue\u00bb all_label=\u00bb\u00bb filter_cat=\u00bb\u00bb categ_tbpadding=\u00bb0&#8243; categ_rlmargin=\u00bb10&#8243; categ_borderwidth=\u00bb1&#8243; categ_borderclr=\u00bb#e6e6e6&#8243;][filter_gallery_son caption_bg=\u00bbrgba(103,100,98,0.15)\u00bb iconclr=\u00bb#ffffff\u00bb image_id=\u00bb10280&#8243;][\/filter_gallery_son][filter_gallery_son caption_bg=\u00bbrgba(103,100,98,0.15)\u00bb iconclr=\u00bb#ffffff\u00bb image_id=\u00bb10281&#8243;][\/filter_gallery_son][\/filter_gallery_wrap][filter_gallery_wrap columnstab=\u00bb2&#8243; columnsmbl=\u00bb1&#8243; link_icon=\u00bb\u00bb popup_icon=\u00bb\u00bb checked=\u00bbtrue\u00bb all_label=\u00bb\u00bb filter_cat=\u00bb\u00bb categ_tbpadding=\u00bb0&#8243; categ_rlmargin=\u00bb10&#8243; categ_borderwidth=\u00bb1&#8243; categ_borderclr=\u00bb#e6e6e6&#8243;][filter_gallery_son caption_bg=\u00bbrgba(103,100,98,0.15)\u00bb iconclr=\u00bb#ffffff\u00bb image_id=\u00bb10168&#8243;][\/filter_gallery_son][filter_gallery_son caption_bg=\u00bbrgba(103,100,98,0.15)\u00bb iconclr=\u00bb#ffffff\u00bb image_id=\u00bb10175&#8243;][\/filter_gallery_son][filter_gallery_son caption_bg=\u00bbrgba(103,100,98,0.15)\u00bb iconclr=\u00bb#ffffff\u00bb image_id=\u00bb10277&#8243;][\/filter_gallery_son][filter_gallery_son caption_bg=\u00bbrgba(103,100,98,0.15)\u00bb iconclr=\u00bb#ffffff\u00bb image_id=\u00bb10167&#8243;][\/filter_gallery_son][\/filter_gallery_wrap][\/vc_column][\/vc_row][\/vc_section][vc_section full_width=\u00bbstretch_row\u00bb content_placement=\u00bbmiddle\u00bb css=\u00bb.vc_custom_1604977328966{padding-top: 50px !important;padding-bottom: 80px !important;background-color: #e6e6e6 !important;}\u00bb][vc_row][vc_column el_class=\u00bbblue_line\u00bb][block_title title=\u00bbNUESTROS ALIADOS\u00bb][\/block_title][\/vc_column][\/vc_row][vc_row][vc_column centered_cont=\u00bbtrue\u00bb][filter_gallery_wrap columns=\u00bb3&#8243; columnsmbl=\u00bb1&#8243; link_icon=\u00bb\u00bb popup_icon=\u00bb\u00bb checked=\u00bbtrue\u00bb all_label=\u00bb\u00bb filter_cat=\u00bb\u00bb categ_tbpadding=\u00bb0&#8243; categ_rlmargin=\u00bb10&#8243; categ_borderwidth=\u00bb1&#8243; categ_borderclr=\u00bb#e6e6e6&#8243;][filter_gallery_son caption_bg=\u00bbrgba(73,70,69,0.5)\u00bb iconclr=\u00bb#ffffff\u00bb image_id=\u00bb10180&#8243;][\/filter_gallery_son][filter_gallery_son caption_bg=\u00bbrgba(73,70,69,0.5)\u00bb iconclr=\u00bb#ffffff\u00bb image_id=\u00bb10182&#8243;][\/filter_gallery_son][filter_gallery_son caption_bg=\u00bbrgba(73,70,69,0.5)\u00bb iconclr=\u00bb#ffffff\u00bb image_id=\u00bb10293&#8243;][\/filter_gallery_son][\/filter_gallery_wrap][\/vc_column][\/vc_row][\/vc_section][vc_section full_width=\u00bbstretch_row\u00bb content_placement=\u00bbmiddle\u00bb css=\u00bb.vc_custom_1604977420732{padding-top: 50px !important;padding-bottom: 50px !important;background-color: #ffffff !important;}\u00bb][vc_row class=\u00bbtext_grey grey_line\u00bb][vc_column enable_animation=\u00bbtrue\u00bb animation=\u00bbslideInDown\u00bb][block_title title=\u00bbSOCIOS\u00bb]<\/p>\n<p style=\"text-align: center;\">\u00a0<strong>\u00a1Nos gustar\u00eda agradecer a todos nuestros socios por su dedicaci\u00f3n para hacer de nuestra comunidad un lugar mejor!<\/strong><\/p>\n<p>[\/block_title][\/vc_column][\/vc_row][vc_row top_padding=\u00bb0&#8243;][vc_column][tm_carousel_father speed=\u00bb10000&#8243; spaces=\u00bb20&#8243; slide_visible=\u00bb5&#8243; tabs=\u00bb5&#8243; slide_visible_mbl=\u00bb2&#8243; slide_scroll=\u00bb5&#8243; scrolltab=\u00bb5&#8243; scrollmbl=\u00bb2&#8243; arrowclr=\u00bb#2fb3c1&#8243; arrowposition=\u00bb-65&#8243; dotclr=\u00bb#2fb3c1&#8243; dotposition=\u00bb\u00bb][tm_carousel_son image_id=\u00bb8796&#8243; img_width=\u00bb100%\u00bb img_height=\u00bb100%\u00bb][\/tm_carousel_son][tm_carousel_son image_id=\u00bb8793&#8243; img_width=\u00bb100%\u00bb img_height=\u00bb100%\u00bb][\/tm_carousel_son][tm_carousel_son image_id=\u00bb8792&#8243; img_width=\u00bb100%\u00bb img_height=\u00bb100%\u00bb][\/tm_carousel_son][tm_carousel_son image_id=\u00bb8791&#8243; img_width=\u00bb100%\u00bb img_height=\u00bb100%\u00bb][\/tm_carousel_son][tm_carousel_son image_id=\u00bb8789&#8243; img_width=\u00bb100%\u00bb img_height=\u00bb100%\u00bb][\/tm_carousel_son][tm_carousel_son image_id=\u00bb8787&#8243; img_width=\u00bb100%\u00bb img_height=\u00bb100%\u00bb][\/tm_carousel_son][tm_carousel_son image_id=\u00bb8785&#8243; img_width=\u00bb100%\u00bb img_height=\u00bb100%\u00bb][\/tm_carousel_son][tm_carousel_son image_id=\u00bb8784&#8243; img_width=\u00bb100%\u00bb img_height=\u00bb100%\u00bb][\/tm_carousel_son][tm_carousel_son image_id=\u00bb8783&#8243; img_width=\u00bb100%\u00bb img_height=\u00bb100%\u00bb][\/tm_carousel_son][tm_carousel_son image_id=\u00bb8780&#8243; img_width=\u00bb100%\u00bb img_height=\u00bb100%\u00bb][\/tm_carousel_son][tm_carousel_son image_id=\u00bb8779&#8243; img_width=\u00bb100%\u00bb img_height=\u00bb100%\u00bb][\/tm_carousel_son][tm_carousel_son image_id=\u00bb8778&#8243; img_width=\u00bb100%\u00bb img_height=\u00bb100%\u00bb][\/tm_carousel_son][tm_carousel_son image_id=\u00bb8777&#8243; img_width=\u00bb100%\u00bb img_height=\u00bb100%\u00bb][\/tm_carousel_son][tm_carousel_son image_id=\u00bb10189&#8243; img_width=\u00bb100%\u00bb img_height=\u00bb100%\u00bb][\/tm_carousel_son][tm_carousel_son image_id=\u00bb8775&#8243; img_width=\u00bb100%\u00bb img_height=\u00bb100%\u00bb][\/tm_carousel_son][tm_carousel_son image_id=\u00bb8774&#8243; img_width=\u00bb100%\u00bb img_height=\u00bb100%\u00bb][\/tm_carousel_son][tm_carousel_son image_id=\u00bb8771&#8243; img_width=\u00bb100%\u00bb img_height=\u00bb100%\u00bb][\/tm_carousel_son][tm_carousel_son image_id=\u00bb8799&#8243; img_width=\u00bb100%\u00bb img_height=\u00bb100%\u00bb][\/tm_carousel_son][tm_carousel_son image_id=\u00bb8800&#8243; img_width=\u00bb100%\u00bb img_height=\u00bb100%\u00bb][\/tm_carousel_son][\/tm_carousel_father][\/vc_column][\/vc_row][\/vc_section]<\/p>\n","protected":false},"excerpt":{"rendered":"<p>[vc_section css=\u00bb.vc_custom_1604969744031{padding-top: 100px !important;padding-bottom: 100px !important;background-color: #e6e6e6 !important;}\u00bb][vc_row][vc_column width=\u00bb1\/2&#8243; el_class=\u00bbblue_line\u00bb][block_title title=\u00bb\u00fanete\u00bb] Si est\u00e1 interesado en apoyar a nuestra comunidad y mejorarla, \u00a1\u00fanase a nosotros! Te invitamos a que vengas a conocer m\u00e1s sobre nuestros proyectos y te conviertas en parte de nuestro incre\u00edble equipo de voluntarios. Ll\u00e1manos al 4700 5021 o escr\u00edbenos a info@futurobrillante.org para [&hellip;]<\/p>\n","protected":false},"author":1,"featured_media":0,"parent":0,"menu_order":4,"comment_status":"closed","ping_status":"closed","template":"","meta":{"_et_pb_use_builder":"","_et_pb_old_content":"","_et_gb_content_width":"","footnotes":""},"class_list":["post-10440","page","type-page","status-publish","hentry"],"yoast_head":"<!-- This site is optimized with the Yoast SEO plugin v23.3 - https:\/\/yoast.com\/wordpress\/plugins\/seo\/ -->\n<title>\u00danete - Futuro Brillante<\/title>\n<meta name=\"robots\" content=\"index, follow, max-snippet:-1, max-image-preview:large, max-video-preview:-1\" \/>\n<link rel=\"canonical\" href=\"https:\/\/www.futurobrillante.org\/es\/unete\/\" \/>\n<meta property=\"og:locale\" content=\"es_ES\" \/>\n<meta property=\"og:type\" content=\"article\" \/>\n<meta property=\"og:title\" content=\"\u00danete - Futuro Brillante\" \/>\n<meta property=\"og:description\" content=\"[vc_section css=\u00bb.vc_custom_1604969744031{padding-top: 100px !important;padding-bottom: 100px !important;background-color: #e6e6e6 !important;}\u00bb][vc_row][vc_column width=\u00bb1\/2&#8243; el_class=\u00bbblue_line\u00bb][block_title title=\u00bb\u00fanete\u00bb] Si est\u00e1 interesado en apoyar a nuestra comunidad y mejorarla, \u00a1\u00fanase a nosotros! Te invitamos a que vengas a conocer m\u00e1s sobre nuestros proyectos y te conviertas en parte de nuestro incre\u00edble equipo de voluntarios. Ll\u00e1manos al 4700 5021 o escr\u00edbenos a info@futurobrillante.org para [&hellip;]\" \/>\n<meta property=\"og:url\" content=\"https:\/\/www.futurobrillante.org\/es\/unete\/\" \/>\n<meta property=\"og:site_name\" content=\"Futuro Brillante\" \/>\n<meta property=\"article:modified_time\" content=\"2021-01-11T19:00:58+00:00\" \/>\n<meta name=\"twitter:card\" content=\"summary_large_image\" \/>\n<meta name=\"twitter:label1\" content=\"Tiempo de lectura\" \/>\n\t<meta name=\"twitter:data1\" content=\"6 minutos\" \/>\n<script type=\"application\/ld+json\" class=\"yoast-schema-graph\">{\"@context\":\"https:\/\/schema.org\",\"@graph\":[{\"@type\":\"WebPage\",\"@id\":\"https:\/\/www.futurobrillante.org\/es\/unete\/\",\"url\":\"https:\/\/www.futurobrillante.org\/es\/unete\/\",\"name\":\"\u00danete - Futuro Brillante\",\"isPartOf\":{\"@id\":\"https:\/\/www.futurobrillante.org\/#website\"},\"datePublished\":\"2020-11-24T21:15:52+00:00\",\"dateModified\":\"2021-01-11T19:00:58+00:00\",\"breadcrumb\":{\"@id\":\"https:\/\/www.futurobrillante.org\/es\/unete\/#breadcrumb\"},\"inLanguage\":\"es\",\"potentialAction\":[{\"@type\":\"ReadAction\",\"target\":[\"https:\/\/www.futurobrillante.org\/es\/unete\/\"]}]},{\"@type\":\"BreadcrumbList\",\"@id\":\"https:\/\/www.futurobrillante.org\/es\/unete\/#breadcrumb\",\"itemListElement\":[{\"@type\":\"ListItem\",\"position\":1,\"name\":\"Home\",\"item\":\"https:\/\/www.futurobrillante.org\/es\/\"},{\"@type\":\"ListItem\",\"position\":2,\"name\":\"\u00danete\"}]},{\"@type\":\"WebSite\",\"@id\":\"https:\/\/www.futurobrillante.org\/#website\",\"url\":\"https:\/\/www.futurobrillante.org\/\",\"name\":\"Futuro Brillante\",\"description\":\"enriqueciendo vidas para un futuro brillante\",\"potentialAction\":[{\"@type\":\"SearchAction\",\"target\":{\"@type\":\"EntryPoint\",\"urlTemplate\":\"https:\/\/www.futurobrillante.org\/?s={search_term_string}\"},\"query-input\":\"required name=search_term_string\"}],\"inLanguage\":\"es\"}]}<\/script>\n<!-- \/ Yoast SEO plugin. -->","yoast_head_json":{"title":"\u00danete - Futuro Brillante","robots":{"index":"index","follow":"follow","max-snippet":"max-snippet:-1","max-image-preview":"max-image-preview:large","max-video-preview":"max-video-preview:-1"},"canonical":"https:\/\/www.futurobrillante.org\/es\/unete\/","og_locale":"es_ES","og_type":"article","og_title":"\u00danete - Futuro Brillante","og_description":"[vc_section css=\u00bb.vc_custom_1604969744031{padding-top: 100px !important;padding-bottom: 100px !important;background-color: #e6e6e6 !important;}\u00bb][vc_row][vc_column width=\u00bb1\/2&#8243; el_class=\u00bbblue_line\u00bb][block_title title=\u00bb\u00fanete\u00bb] Si est\u00e1 interesado en apoyar a nuestra comunidad y mejorarla, \u00a1\u00fanase a nosotros! Te invitamos a que vengas a conocer m\u00e1s sobre nuestros proyectos y te conviertas en parte de nuestro incre\u00edble equipo de voluntarios. Ll\u00e1manos al 4700 5021 o escr\u00edbenos a info@futurobrillante.org para [&hellip;]","og_url":"https:\/\/www.futurobrillante.org\/es\/unete\/","og_site_name":"Futuro Brillante","article_modified_time":"2021-01-11T19:00:58+00:00","twitter_card":"summary_large_image","twitter_misc":{"Tiempo de lectura":"6 minutos"},"schema":{"@context":"https:\/\/schema.org","@graph":[{"@type":"WebPage","@id":"https:\/\/www.futurobrillante.org\/es\/unete\/","url":"https:\/\/www.futurobrillante.org\/es\/unete\/","name":"\u00danete - Futuro Brillante","isPartOf":{"@id":"https:\/\/www.futurobrillante.org\/#website"},"datePublished":"2020-11-24T21:15:52+00:00","dateModified":"2021-01-11T19:00:58+00:00","breadcrumb":{"@id":"https:\/\/www.futurobrillante.org\/es\/unete\/#breadcrumb"},"inLanguage":"es","potentialAction":[{"@type":"ReadAction","target":["https:\/\/www.futurobrillante.org\/es\/unete\/"]}]},{"@type":"BreadcrumbList","@id":"https:\/\/www.futurobrillante.org\/es\/unete\/#breadcrumb","itemListElement":[{"@type":"ListItem","position":1,"name":"Home","item":"https:\/\/www.futurobrillante.org\/es\/"},{"@type":"ListItem","position":2,"name":"\u00danete"}]},{"@type":"WebSite","@id":"https:\/\/www.futurobrillante.org\/#website","url":"https:\/\/www.futurobrillante.org\/","name":"Futuro Brillante","description":"enriqueciendo vidas para un futuro brillante","potentialAction":[{"@type":"SearchAction","target":{"@type":"EntryPoint","urlTemplate":"https:\/\/www.futurobrillante.org\/?s={search_term_string}"},"query-input":"required name=search_term_string"}],"inLanguage":"es"}]}},"_links":{"self":[{"href":"https:\/\/www.futurobrillante.org\/es\/wp-json\/wp\/v2\/pages\/10440"}],"collection":[{"href":"https:\/\/www.futurobrillante.org\/es\/wp-json\/wp\/v2\/pages"}],"about":[{"href":"https:\/\/www.futurobrillante.org\/es\/wp-json\/wp\/v2\/types\/page"}],"author":[{"embeddable":true,"href":"https:\/\/www.futurobrillante.org\/es\/wp-json\/wp\/v2\/users\/1"}],"replies":[{"embeddable":true,"href":"https:\/\/www.futurobrillante.org\/es\/wp-json\/wp\/v2\/comments?post=10440"}],"version-history":[{"count":24,"href":"https:\/\/www.futurobrillante.org\/es\/wp-json\/wp\/v2\/pages\/10440\/revisions"}],"predecessor-version":[{"id":11294,"href":"https:\/\/www.futurobrillante.org\/es\/wp-json\/wp\/v2\/pages\/10440\/revisions\/11294"}],"wp:attachment":[{"href":"https:\/\/www.futurobrillante.org\/es\/wp-json\/wp\/v2\/media?parent=10440"}],"curies":[{"name":"wp","href":"https:\/\/api.w.org\/{rel}","templated":true}]}}