{"id":10428,"date":"2020-11-24T14:12:49","date_gmt":"2020-11-24T20:12:49","guid":{"rendered":"https:\/\/www.futurobrillante.org\/community-nov2020\/"},"modified":"2025-06-09T06:50:26","modified_gmt":"2025-06-09T12:50:26","slug":"desarrollo-comunitario","status":"publish","type":"page","link":"https:\/\/www.futurobrillante.org\/es\/que-hacemos\/desarrollo-comunitario\/","title":{"rendered":"Desarrollo Comunitario"},"content":{"rendered":"<p>[et_pb_section fb_built=\u00bb1&#8243; disabled_on=\u00bboff|off|off\u00bb admin_label=\u00bbCall to Action\u00bb _builder_version=\u00bb4.27.0&#8243; _module_preset=\u00bb48042fbb-0529-4eb1-bbbd-1c9f5518db7c\u00bb background_enable_color=\u00bboff\u00bb background_image=\u00bbhttps:\/\/www.futurobrillante.org\/wp-content\/uploads\/2025\/03\/back_fb-1.jpg\u00bb parallax=\u00bbon\u00bb background_blend=\u00bbscreen\u00bb custom_margin=\u00bb||||false\u00bb custom_padding=\u00bb8vw||8vw||true|false\u00bb collapsed=\u00bbon\u00bb][et_pb_row _builder_version=\u00bb4.27.0&#8243; _module_preset=\u00bbdefault\u00bb global_colors_info=\u00bb{}\u00bb][et_pb_column type=\u00bb4_4&#8243; _builder_version=\u00bb4.27.0&#8243; _module_preset=\u00bb170c03cd-bf00-4cd7-b4fd-8e3ef8dd2274&#8243; background_color=\u00bbRGBA(255,255,255,0)\u00bb global_colors_info=\u00bb{}\u00bb][et_pb_heading title=\u00bbProgramas de bienestar comunitario\u00bb _builder_version=\u00bb4.27.0&#8243; _module_preset=\u00bbf1f12d1f-2ef6-44f1-a02c-66459de4bbc7&#8243; title_level=\u00bbh1&#8243; title_font=\u00bb&#8211;et_global_heading_font||||||||\u00bb title_text_align=\u00bbcenter\u00bb title_text_color=\u00bb#FFFFFF\u00bb title_font_size=\u00bb55px\u00bb custom_margin=\u00bb||10px||false|false\u00bb global_colors_info=\u00bb{}\u00bb][\/et_pb_heading][\/et_pb_column][\/et_pb_row][\/et_pb_section][et_pb_section fb_built=\u00bb1&#8243; admin_label=\u00bbsection\u00bb _builder_version=\u00bb4.16&#8243; saved_tabs=\u00bball\u00bb global_colors_info=\u00bb{}\u00bb][et_pb_row column_structure=\u00bb2_5,3_5&#8243; _builder_version=\u00bb4.27.0&#8243; _module_preset=\u00bbdefault\u00bb global_colors_info=\u00bb{}\u00bb][et_pb_column type=\u00bb2_5&#8243; _builder_version=\u00bb4.27.0&#8243; _module_preset=\u00bbdefault\u00bb global_colors_info=\u00bb{}\u00bb][et_pb_image src=\u00bbhttps:\/\/www.futurobrillante.org\/wp-content\/uploads\/2025\/03\/CASITAS.jpg\u00bb title_text=\u00bbCASITAS\u00bb _builder_version=\u00bb4.27.0&#8243; _module_preset=\u00bbdefault\u00bb global_colors_info=\u00bb{}\u00bb][\/et_pb_image][\/et_pb_column][et_pb_column type=\u00bb3_5&#8243; _builder_version=\u00bb4.27.0&#8243; _module_preset=\u00bbdefault\u00bb global_colors_info=\u00bb{}\u00bb][et_pb_text _builder_version=\u00bb4.27.0&#8243; _module_preset=\u00bbdefault\u00bb header_font=\u00bb&#8211;et_global_heading_font||||||||\u00bb header_font_size=\u00bb50px\u00bb global_colors_info=\u00bb{}\u00bb]<\/p>\n<h1>Refugio durante la crisis<\/h1>\n<p> Este proyecto consiste en la construcci\u00f3n de dos casas de refugio temporal, una cocina comunitaria y un \u00e1rea de lavander\u00eda, todo dentro de una propiedad segura en el coraz\u00f3n de Matapalo. La visi\u00f3n de estas casas es que sirvan como un soplo de aire fresco para las familias que viven en crisis y sin hogar: una crisis econ\u00f3mica inesperada, un accidente, una enfermedad repentina o v\u00edctimas de un desastre natural o un incendio. Las casas funcionar\u00e1n como <b><i>alojamiento temporal.<\/i><\/b> para las familias mientras encuentran una soluci\u00f3n de vivienda permanente.<\/p>\n<p>[\/et_pb_text][\/et_pb_column][\/et_pb_row][\/et_pb_section][et_pb_section fb_built=\u00bb1&#8243; _builder_version=\u00bb4.27.0&#8243; _module_preset=\u00bbdefault\u00bb background_color=\u00bb#22c6cc\u00bb background_image=\u00bbhttps:\/\/www.futurobrillante.org\/wp-content\/uploads\/2025\/03\/back_fb2-1.jpg\u00bb background_position=\u00bbtop_left\u00bb global_colors_info=\u00bb{}\u00bb][et_pb_row column_structure=\u00bb1_2,1_2&#8243; _builder_version=\u00bb4.27.0&#8243; _module_preset=\u00bbdefault\u00bb global_colors_info=\u00bb{}\u00bb][et_pb_column type=\u00bb1_2&#8243; _builder_version=\u00bb4.27.0&#8243; _module_preset=\u00bbdefault\u00bb global_colors_info=\u00bb{}\u00bb][et_pb_video src=\u00bbhttps:\/\/www.futurobrillante.org\/wp-content\/uploads\/2025\/03\/WhatsApp-Video-2025-03-04-at-20.50.51.mp4&#8243; _builder_version=\u00bb4.27.0&#8243; _module_preset=\u00bbdefault\u00bb global_colors_info=\u00bb{}\u00bb][\/et_pb_video][et_pb_image src=\u00bbhttps:\/\/www.futurobrillante.org\/wp-content\/uploads\/2025\/01\/estimulacion.jpg\u00bb title_text=\u00bbestimulaci\u00f3n\u00bb disabled_on=\u00bbon|on|on\u00bb _builder_version=\u00bb4.27.0&#8243; _module_preset=\u00bbdefault\u00bb disabled=\u00bbon\u00bb global_colors_info=\u00bb{}\u00bb][\/et_pb_image][\/et_pb_column][et_pb_column type=\u00bb1_2&#8243; _builder_version=\u00bb4.27.0&#8243; _module_preset=\u00bbdefault\u00bb global_colors_info=\u00bb{}\u00bb][et_pb_text _builder_version=\u00bb4.27.0&#8243; _module_preset=\u00bbdefault\u00bb text_text_color=\u00bb#FFFFFF\u00bb header_font=\u00bb&#8211;et_global_heading_font||||||||\u00bb header_text_color=\u00bb#FFFFFF\u00bb header_font_size=\u00bb50px\u00bb header_2_text_color=\u00bb#FFFFFF\u00bb header_3_text_color=\u00bb#FFFFFF\u00bb global_colors_info=\u00bb{}\u00bb]<\/p>\n<h1>Programa de desarrollo en la primera infancia<\/h1>\n<p>[\/et_pb_text][et_pb_text _builder_version=\u00bb4.27.0&#8243; _module_preset=\u00bbdefault\u00bb text_text_color=\u00bb#FFFFFF\u00bb header_font=\u00bb&#8211;et_global_heading_font||||||||\u00bb header_text_color=\u00bb#FFFFFF\u00bb header_font_size=\u00bb50px\u00bb header_2_text_color=\u00bb#FFFFFF\u00bb header_3_text_color=\u00bb#FFFFFF\u00bb global_colors_info=\u00bb{}\u00bb]<\/p>\n<p>Seg\u00fan el Centro para el Desarrollo Infantil de la Universidad de Harvard, el desarrollo saludable en los primeros a\u00f1os proporciona los pilares para el logro educativo, la productividad econ\u00f3mica, la ciudadan\u00eda responsable, la salud durante toda la vida y comunidades fuertes.<br \/>\nEl Programa de Primera Infancia busca brindar servicios de apoyo para el desarrollo saludable de la ni\u00f1ez, que de otra manera no tendr\u00edan acceso a estos servicios, a trav\u00e9s de:<\/p>\n<p><b>Banquito Infantil:<\/b> 13 ni\u00f1os (2 en etapas I y II), de 0 a 1 a\u00f1o recibieron f\u00f3rmulas, pa\u00f1ales y ayuda econ\u00f3mica para transporte a citas m\u00e9dicas.<\/p>\n<p><b>Servicio de Terapias:<\/b> Gracias a la incre\u00edble alianza con la Universidad Latina de Costa Rica, iniciamos el \u201cPrograma de Estimulaci\u00f3n Temprana\u201d. Este programa fue dise\u00f1ado especialmente para beb\u00e9s de 3 meses a 3 a\u00f1os, enfocado en mejorar su calidad de vida a trav\u00e9s de sesiones personalizadas que favorecen su desarrollo psicomotor, apoy\u00e1ndolos para fortalecer sus habilidades y facilitar su adaptaci\u00f3n al entorno f\u00edsico y social, de manera integral.<\/p>\n<p>[\/et_pb_text][\/et_pb_column][\/et_pb_row][\/et_pb_section][et_pb_section fb_built=\u00bb1&#8243; _builder_version=\u00bb4.27.0&#8243; _module_preset=\u00bbdefault\u00bb global_colors_info=\u00bb{}\u00bb][et_pb_row column_structure=\u00bb1_2,1_2&#8243; _builder_version=\u00bb4.27.0&#8243; _module_preset=\u00bbdefault\u00bb global_colors_info=\u00bb{}\u00bb][et_pb_column type=\u00bb1_2&#8243; _builder_version=\u00bb4.27.0&#8243; _module_preset=\u00bbdefault\u00bb global_colors_info=\u00bb{}\u00bb][et_pb_image src=\u00bbhttps:\/\/www.futurobrillante.org\/wp-content\/uploads\/2025\/03\/food-2.jpg\u00bb title_text=\u00bbfood\u00bb _builder_version=\u00bb4.27.0&#8243; _module_preset=\u00bbdefault\u00bb global_colors_info=\u00bb{}\u00bb][\/et_pb_image][\/et_pb_column][et_pb_column type=\u00bb1_2&#8243; _builder_version=\u00bb4.27.0&#8243; _module_preset=\u00bbdefault\u00bb global_colors_info=\u00bb{}\u00bb][et_pb_text _builder_version=\u00bb4.27.0&#8243; _module_preset=\u00bbdefault\u00bb header_font=\u00bb&#8211;et_global_heading_font||||||||\u00bb header_font_size=\u00bb50px\u00bb global_colors_info=\u00bb{}\u00bb]<\/p>\n<h1>Programa de ayuda alimentaria<\/h1>\n<p>En respuesta a la crisis del COVID-19, Futuro Brillante lanz\u00f3 su Programa de Ayuda Alimentaria de Emergencia en marzo de 2019. Seguimos apoyando a las familias locales que se han visto gravemente afectadas, con paquetes de alimentos que incluyen art\u00edculos de primera necesidad, verduras, productos de limpieza y otros.<\/p>\n<p>[\/et_pb_text][\/et_pb_column][\/et_pb_row][\/et_pb_section][et_pb_section fb_built=\u00bb1&#8243; _builder_version=\u00bb4.27.0&#8243; _module_preset=\u00bbdefault\u00bb background_color=\u00bb#22c6cc\u00bb global_colors_info=\u00bb{}\u00bb][et_pb_row column_structure=\u00bb2_5,3_5&#8243; _builder_version=\u00bb4.27.0&#8243; _module_preset=\u00bbdefault\u00bb global_colors_info=\u00bb{}\u00bb][et_pb_column type=\u00bb2_5&#8243; _builder_version=\u00bb4.27.0&#8243; _module_preset=\u00bbdefault\u00bb global_colors_info=\u00bb{}\u00bb][et_pb_text _builder_version=\u00bb4.27.0&#8243; _module_preset=\u00bbdefault\u00bb text_text_color=\u00bb#FFFFFF\u00bb header_text_color=\u00bb#FFFFFF\u00bb header_font_size=\u00bb50px\u00bb header_3_text_color=\u00bb#FFFFFF\u00bb global_colors_info=\u00bb{}\u00bb]<\/p>\n<h1>Huerta ecol\u00f3gica<\/h1>\n<p>En 2017, lanzamos un proyecto ambicioso e innovador para desarrollar una huerta ecol\u00f3gica en Matapalo. La huerta ha evolucionado de muchas maneras a lo largo de los a\u00f1os, pero sus principales objetivos siguen siendo los mismos: proporcionar productos frescos y accesibles a las familias locales y servir como plataforma educativa para ense\u00f1ar a la comunidad local sobre el importante papel de los alimentos saludables y las pr\u00e1cticas agr\u00edcolas sostenibles.[\/et_pb_text][\/et_pb_column][et_pb_column type=\u00bb3_5&#8243; _builder_version=\u00bb4.27.0&#8243; _module_preset=\u00bbdefault\u00bb global_colors_info=\u00bb{}\u00bb][et_pb_image src=\u00bbhttps:\/\/www.futurobrillante.org\/wp-content\/uploads\/2025\/03\/huerta2.jpg\u00bb title_text=\u00bbhuerta2&#8243; _builder_version=\u00bb4.27.0&#8243; _module_preset=\u00bbdefault\u00bb global_colors_info=\u00bb{}\u00bb][\/et_pb_image][\/et_pb_column][\/et_pb_row][\/et_pb_section][et_pb_section fb_built=\u00bb1&#8243; _builder_version=\u00bb4.27.0&#8243; _module_preset=\u00bbdefault\u00bb global_colors_info=\u00bb{}\u00bb][et_pb_row column_structure=\u00bb3_5,2_5&#8243; _builder_version=\u00bb4.27.0&#8243; _module_preset=\u00bbdefault\u00bb global_colors_info=\u00bb{}\u00bb][et_pb_column type=\u00bb3_5&#8243; _builder_version=\u00bb4.27.0&#8243; _module_preset=\u00bbdefault\u00bb global_colors_info=\u00bb{}\u00bb][et_pb_image src=\u00bbhttps:\/\/www.futurobrillante.org\/wp-content\/uploads\/2025\/03\/community-1.jpg\u00bb title_text=\u00bbcommunity\u00bb _builder_version=\u00bb4.27.0&#8243; _module_preset=\u00bbdefault\u00bb global_colors_info=\u00bb{}\u00bb][\/et_pb_image][\/et_pb_column][et_pb_column type=\u00bb2_5&#8243; _builder_version=\u00bb4.27.0&#8243; _module_preset=\u00bbdefault\u00bb global_colors_info=\u00bb{}\u00bb][et_pb_text _builder_version=\u00bb4.27.0&#8243; _module_preset=\u00bbdefault\u00bb header_font_size=\u00bb50px\u00bb global_colors_info=\u00bb{}\u00bb]<\/p>\n<h1>Colaboraci\u00f3n comunitaria<\/h1>\n<p><strong>Donaciones de Ropa y Art\u00edculos para el Hogar<\/strong><br \/>Futuro Brillante acepta con gusto donaciones de ropa, juguetes y art\u00edculos para el hogar limpios y en buen estado para nuestro proyecto de Venta de Garaje. Todos los ingresos benefician a proyectos comunitarios.<\/p>\n<p>[\/et_pb_text][\/et_pb_column][\/et_pb_row][\/et_pb_section][et_pb_section fb_built=\u00bb1&#8243; _builder_version=\u00bb4.27.0&#8243; _module_preset=\u00bbdefault\u00bb background_color=\u00bb#313131&#8243; global_colors_info=\u00bb{}\u00bb][et_pb_row _builder_version=\u00bb4.27.0&#8243; _module_preset=\u00bbdefault\u00bb global_colors_info=\u00bb{}\u00bb][et_pb_column type=\u00bb4_4&#8243; _builder_version=\u00bb4.27.0&#8243; _module_preset=\u00bbdefault\u00bb global_colors_info=\u00bb{}\u00bb][et_pb_gallery gallery_ids=\u00bb12192,12191,12193,12194&#8243; fullwidth=\u00bbon\u00bb _builder_version=\u00bb4.27.0&#8243; _module_preset=\u00bbdefault\u00bb width=\u00bb70%\u00bb module_alignment=\u00bbcenter\u00bb global_colors_info=\u00bb{}\u00bb][\/et_pb_gallery][\/et_pb_column][\/et_pb_row][\/et_pb_section][et_pb_section fb_built=\u00bb1&#8243; admin_label=\u00bbFooter\u00bb _builder_version=\u00bb4.25.2&#8243; _module_preset=\u00bbe7c092b3-38e2-4263-b2f8-5bf7dc0d6328&#8243; saved_tabs=\u00bball\u00bb locked=\u00bboff\u00bb collapsed=\u00bbon\u00bb global_colors_info=\u00bb{}\u00bb][et_pb_row column_structure=\u00bb1_2,1_4,1_4&#8243; _builder_version=\u00bb4.25.1&#8243; _module_preset=\u00bbdefault\u00bb locked=\u00bboff\u00bb global_colors_info=\u00bb{}\u00bb][et_pb_column type=\u00bb1_2&#8243; _builder_version=\u00bb4.25.1&#8243; _module_preset=\u00bbdefault\u00bb global_colors_info=\u00bb{}\u00bb][et_pb_image src=\u00bbhttps:\/\/www.futurobrillante.org\/wp-content\/uploads\/2024\/08\/web.png\u00bb title_text=\u00bbweb\u00bb url=\u00bb@ET-DC@eyJkeW5hbWljIjp0cnVlLCJjb250ZW50IjoiaG9tZV91cmwiLCJzZXR0aW5ncyI6e319@\u00bb _builder_version=\u00bb4.27.0&#8243; _dynamic_attributes=\u00bburl\u00bb _module_preset=\u00bbdefault\u00bb max_height=\u00bb64px\u00bb custom_margin=\u00bb||20px||false|false\u00bb global_colors_info=\u00bb{}\u00bb][\/et_pb_image][et_pb_signup mailchimp_list=\u00bbfuturobrillante|031fd97595&#8243; first_name_field=\u00bboff\u00bb last_name_field=\u00bboff\u00bb title=\u00bbSuscr\u00edbete para Noticias y Actualizaciones\u00bb _builder_version=\u00bb4.27.0&#8243; _module_preset=\u00bb31542e08-08ae-4293-b7cb-2d1ce07a72a1&#8243; header_font=\u00bb&#8211;et_global_heading_font||||||||\u00bb form_field_font=\u00bb&#8211;et_global_body_font||||||||\u00bb button_text_color=\u00bb#FFFFFF\u00bb button_bg_color=\u00bb#f09520&#8243; button_font=\u00bb&#8211;et_global_body_font|700||on|||||\u00bb global_colors_info=\u00bb{}\u00bb][\/et_pb_signup][\/et_pb_column][et_pb_column type=\u00bb1_4&#8243; _builder_version=\u00bb4.25.1&#8243; _module_preset=\u00bbdefault\u00bb global_colors_info=\u00bb{}\u00bb][et_pb_heading title=\u00bbLINKS\u00bb _builder_version=\u00bb4.27.0&#8243; _module_preset=\u00bbd69464aa-c3db-4735-be08-08c56ba13abf\u00bb title_font=\u00bb&#8211;et_global_heading_font||||||||\u00bb title_text_color=\u00bb#FFFFFF\u00bb custom_margin=\u00bb||10px||false|false\u00bb locked=\u00bboff\u00bb global_colors_info=\u00bb{}\u00bb][\/et_pb_heading][et_pb_text _builder_version=\u00bb4.27.0&#8243; _module_preset=\u00bb3ae861ea-5e94-4024-95d0-5a550003f50a\u00bb text_font=\u00bb&#8211;et_global_body_font||||||||\u00bb custom_margin=\u00bb||8px||false|false\u00bb]<\/p>\n<p><a href=\"#\">Incio<\/a><\/p>\n<p>[\/et_pb_text][et_pb_text _builder_version=\u00bb4.27.0&#8243; _module_preset=\u00bb3ae861ea-5e94-4024-95d0-5a550003f50a\u00bb text_font=\u00bb&#8211;et_global_body_font||||||||\u00bb custom_margin=\u00bb||8px||false|false\u00bb]<\/p>\n<p><a href=\"#\">Nosotros<\/a><\/p>\n<p>[\/et_pb_text][et_pb_text _builder_version=\u00bb4.27.0&#8243; _module_preset=\u00bb3ae861ea-5e94-4024-95d0-5a550003f50a\u00bb text_font=\u00bb&#8211;et_global_body_font||||||||\u00bb custom_margin=\u00bb||8px||false|false\u00bb]<\/p>\n<p><a href=\"#\">Contacto<\/a><\/p>\n<p>[\/et_pb_text][et_pb_text _builder_version=\u00bb4.27.0&#8243; _module_preset=\u00bb3ae861ea-5e94-4024-95d0-5a550003f50a\u00bb text_font=\u00bb&#8211;et_global_body_font||||||||\u00bb custom_margin=\u00bb||8px||false|false\u00bb]<\/p>\n<p><a href=\"https:\/\/www.futurobrillante.org\/es\/category\/ultimas-noticias\/\">Last News<\/a><\/p>\n<p>[\/et_pb_text][et_pb_text _builder_version=\u00bb4.27.0&#8243; _module_preset=\u00bb3ae861ea-5e94-4024-95d0-5a550003f50a\u00bb text_font=\u00bb&#8211;et_global_body_font||||||||\u00bb custom_margin=\u00bb||8px||false|false\u00bb]<\/p>\n<p><a href=\"#\">Donar<\/a><\/p>\n<p>[\/et_pb_text][\/et_pb_column][et_pb_column type=\u00bb1_4&#8243; _builder_version=\u00bb4.25.1&#8243; _module_preset=\u00bbdefault\u00bb global_colors_info=\u00bb{}\u00bb][et_pb_heading title=\u00bbPROGRAMS\u00bb _builder_version=\u00bb4.27.0&#8243; _module_preset=\u00bbd69464aa-c3db-4735-be08-08c56ba13abf\u00bb title_font=\u00bb&#8211;et_global_heading_font||||||||\u00bb title_text_color=\u00bb#FFFFFF\u00bb custom_margin=\u00bb||8px||false|false\u00bb locked=\u00bboff\u00bb global_colors_info=\u00bb{}\u00bb][\/et_pb_heading][et_pb_text _builder_version=\u00bb4.27.0&#8243; _module_preset=\u00bb3ae861ea-5e94-4024-95d0-5a550003f50a\u00bb text_font=\u00bb&#8211;et_global_body_font||||||||\u00bb custom_margin=\u00bb||8px||false|false\u00bb link_option_url=\u00bbhttps:\/\/www.futurobrillante.org\/es\/que-hacemos\/educacion-y-formacion-tecnica\/\u00bb locked=\u00bboff\u00bb]Educaci\u00f3n y Formaci\u00f3n T\u00e9cnica[\/et_pb_text][et_pb_text _builder_version=\u00bb4.27.0&#8243; _module_preset=\u00bb3ae861ea-5e94-4024-95d0-5a550003f50a\u00bb text_font=\u00bb&#8211;et_global_body_font||||||||\u00bb custom_margin=\u00bb||8px||false|false\u00bb link_option_url=\u00bbhttps:\/\/www.futurobrillante.org\/es\/que-hacemos\/empoderamiento-economico\/\u00bb locked=\u00bboff\u00bb]Empoderamiento Econ\u00f3mico[\/et_pb_text][et_pb_text _builder_version=\u00bb4.27.0&#8243; _module_preset=\u00bb3ae861ea-5e94-4024-95d0-5a550003f50a\u00bb text_font=\u00bb&#8211;et_global_body_font||||||||\u00bb custom_margin=\u00bb||5px||false|false\u00bb link_option_url=\u00bbhttps:\/\/www.futurobrillante.org\/es\/?page_id=10428&#8243; locked=\u00bboff\u00bb]Bienestar Comunitario[\/et_pb_text][et_pb_button button_url=\u00bbhttps:\/\/www.futurobrillante.org\/es\/donar\/\u00bb button_text=\u00bbDonar\u00bb _builder_version=\u00bb4.27.0&#8243; _module_preset=\u00bb650b6ee9-6b80-4950-93dc-5b73171be3f2&#8243; button_font=\u00bb&#8211;et_global_body_font|700||on|||||\u00bb custom_margin=\u00bb30px||16px||false|false\u00bb][\/et_pb_button][et_pb_button button_url=\u00bbhttps:\/\/www.futurobrillante.org\/es\/unete-2\/\u00bb button_text=\u00bbHazte Voluntario\u00bb _builder_version=\u00bb4.27.0&#8243; _module_preset=\u00bb0acb6d53-050f-477e-9651-333be9ada2bb\u00bb button_font=\u00bb&#8211;et_global_body_font|700||on|||||\u00bb global_colors_info=\u00bb{}\u00bb][\/et_pb_button][\/et_pb_column][\/et_pb_row][\/et_pb_section]<\/p>\n","protected":false},"excerpt":{"rendered":"<p>Refugio durante la crisis Este proyecto consiste en la construcci\u00f3n de dos casas de refugio temporal, una cocina comunitaria y un \u00e1rea de lavander\u00eda, todo dentro de una propiedad segura en el coraz\u00f3n de Matapalo. La visi\u00f3n de estas casas es que sirvan como un soplo de aire fresco para las familias que viven en [&hellip;]<\/p>\n","protected":false},"author":1,"featured_media":0,"parent":10372,"menu_order":0,"comment_status":"closed","ping_status":"closed","template":"","meta":{"_et_pb_use_builder":"on","_et_pb_old_content":"","_et_gb_content_width":"","footnotes":""},"class_list":["post-10428","page","type-page","status-publish","hentry"],"yoast_head":"<!-- This site is optimized with the Yoast SEO plugin v23.3 - https:\/\/yoast.com\/wordpress\/plugins\/seo\/ -->\n<title>Desarrollo Comunitario - Futuro Brillante<\/title>\n<meta name=\"robots\" content=\"index, follow, max-snippet:-1, max-image-preview:large, max-video-preview:-1\" \/>\n<link rel=\"canonical\" href=\"https:\/\/www.futurobrillante.org\/es\/que-hacemos\/desarrollo-comunitario\/\" \/>\n<meta property=\"og:locale\" content=\"es_ES\" \/>\n<meta property=\"og:type\" content=\"article\" \/>\n<meta property=\"og:title\" content=\"Desarrollo Comunitario - Futuro Brillante\" \/>\n<meta property=\"og:description\" content=\"Refugio durante la crisis Este proyecto consiste en la construcci\u00f3n de dos casas de refugio temporal, una cocina comunitaria y un \u00e1rea de lavander\u00eda, todo dentro de una propiedad segura en el coraz\u00f3n de Matapalo. La visi\u00f3n de estas casas es que sirvan como un soplo de aire fresco para las familias que viven en [&hellip;]\" \/>\n<meta property=\"og:url\" content=\"https:\/\/www.futurobrillante.org\/es\/que-hacemos\/desarrollo-comunitario\/\" \/>\n<meta property=\"og:site_name\" content=\"Futuro Brillante\" \/>\n<meta property=\"article:modified_time\" content=\"2025-06-09T12:50:26+00:00\" \/>\n<meta name=\"twitter:card\" content=\"summary_large_image\" \/>\n<meta name=\"twitter:label1\" content=\"Tiempo de lectura\" \/>\n\t<meta name=\"twitter:data1\" content=\"10 minutos\" \/>\n<script type=\"application\/ld+json\" class=\"yoast-schema-graph\">{\"@context\":\"https:\/\/schema.org\",\"@graph\":[{\"@type\":\"WebPage\",\"@id\":\"https:\/\/www.futurobrillante.org\/es\/que-hacemos\/desarrollo-comunitario\/\",\"url\":\"https:\/\/www.futurobrillante.org\/es\/que-hacemos\/desarrollo-comunitario\/\",\"name\":\"Desarrollo Comunitario - Futuro Brillante\",\"isPartOf\":{\"@id\":\"https:\/\/www.futurobrillante.org\/#website\"},\"datePublished\":\"2020-11-24T20:12:49+00:00\",\"dateModified\":\"2025-06-09T12:50:26+00:00\",\"breadcrumb\":{\"@id\":\"https:\/\/www.futurobrillante.org\/es\/que-hacemos\/desarrollo-comunitario\/#breadcrumb\"},\"inLanguage\":\"es\",\"potentialAction\":[{\"@type\":\"ReadAction\",\"target\":[\"https:\/\/www.futurobrillante.org\/es\/que-hacemos\/desarrollo-comunitario\/\"]}]},{\"@type\":\"BreadcrumbList\",\"@id\":\"https:\/\/www.futurobrillante.org\/es\/que-hacemos\/desarrollo-comunitario\/#breadcrumb\",\"itemListElement\":[{\"@type\":\"ListItem\",\"position\":1,\"name\":\"Home\",\"item\":\"https:\/\/www.futurobrillante.org\/es\/\"},{\"@type\":\"ListItem\",\"position\":2,\"name\":\"Qu\u00e9 hacemos\",\"item\":\"https:\/\/www.futurobrillante.org\/es\/que-hacemos\/\"},{\"@type\":\"ListItem\",\"position\":3,\"name\":\"Desarrollo Comunitario\"}]},{\"@type\":\"WebSite\",\"@id\":\"https:\/\/www.futurobrillante.org\/#website\",\"url\":\"https:\/\/www.futurobrillante.org\/\",\"name\":\"Futuro Brillante\",\"description\":\"enriqueciendo vidas para un futuro brillante\",\"potentialAction\":[{\"@type\":\"SearchAction\",\"target\":{\"@type\":\"EntryPoint\",\"urlTemplate\":\"https:\/\/www.futurobrillante.org\/?s={search_term_string}\"},\"query-input\":\"required name=search_term_string\"}],\"inLanguage\":\"es\"}]}<\/script>\n<!-- \/ Yoast SEO plugin. -->","yoast_head_json":{"title":"Desarrollo Comunitario - Futuro Brillante","robots":{"index":"index","follow":"follow","max-snippet":"max-snippet:-1","max-image-preview":"max-image-preview:large","max-video-preview":"max-video-preview:-1"},"canonical":"https:\/\/www.futurobrillante.org\/es\/que-hacemos\/desarrollo-comunitario\/","og_locale":"es_ES","og_type":"article","og_title":"Desarrollo Comunitario - Futuro Brillante","og_description":"Refugio durante la crisis Este proyecto consiste en la construcci\u00f3n de dos casas de refugio temporal, una cocina comunitaria y un \u00e1rea de lavander\u00eda, todo dentro de una propiedad segura en el coraz\u00f3n de Matapalo. La visi\u00f3n de estas casas es que sirvan como un soplo de aire fresco para las familias que viven en [&hellip;]","og_url":"https:\/\/www.futurobrillante.org\/es\/que-hacemos\/desarrollo-comunitario\/","og_site_name":"Futuro Brillante","article_modified_time":"2025-06-09T12:50:26+00:00","twitter_card":"summary_large_image","twitter_misc":{"Tiempo de lectura":"10 minutos"},"schema":{"@context":"https:\/\/schema.org","@graph":[{"@type":"WebPage","@id":"https:\/\/www.futurobrillante.org\/es\/que-hacemos\/desarrollo-comunitario\/","url":"https:\/\/www.futurobrillante.org\/es\/que-hacemos\/desarrollo-comunitario\/","name":"Desarrollo Comunitario - Futuro Brillante","isPartOf":{"@id":"https:\/\/www.futurobrillante.org\/#website"},"datePublished":"2020-11-24T20:12:49+00:00","dateModified":"2025-06-09T12:50:26+00:00","breadcrumb":{"@id":"https:\/\/www.futurobrillante.org\/es\/que-hacemos\/desarrollo-comunitario\/#breadcrumb"},"inLanguage":"es","potentialAction":[{"@type":"ReadAction","target":["https:\/\/www.futurobrillante.org\/es\/que-hacemos\/desarrollo-comunitario\/"]}]},{"@type":"BreadcrumbList","@id":"https:\/\/www.futurobrillante.org\/es\/que-hacemos\/desarrollo-comunitario\/#breadcrumb","itemListElement":[{"@type":"ListItem","position":1,"name":"Home","item":"https:\/\/www.futurobrillante.org\/es\/"},{"@type":"ListItem","position":2,"name":"Qu\u00e9 hacemos","item":"https:\/\/www.futurobrillante.org\/es\/que-hacemos\/"},{"@type":"ListItem","position":3,"name":"Desarrollo Comunitario"}]},{"@type":"WebSite","@id":"https:\/\/www.futurobrillante.org\/#website","url":"https:\/\/www.futurobrillante.org\/","name":"Futuro Brillante","description":"enriqueciendo vidas para un futuro brillante","potentialAction":[{"@type":"SearchAction","target":{"@type":"EntryPoint","urlTemplate":"https:\/\/www.futurobrillante.org\/?s={search_term_string}"},"query-input":"required name=search_term_string"}],"inLanguage":"es"}]}},"_links":{"self":[{"href":"https:\/\/www.futurobrillante.org\/es\/wp-json\/wp\/v2\/pages\/10428"}],"collection":[{"href":"https:\/\/www.futurobrillante.org\/es\/wp-json\/wp\/v2\/pages"}],"about":[{"href":"https:\/\/www.futurobrillante.org\/es\/wp-json\/wp\/v2\/types\/page"}],"author":[{"embeddable":true,"href":"https:\/\/www.futurobrillante.org\/es\/wp-json\/wp\/v2\/users\/1"}],"replies":[{"embeddable":true,"href":"https:\/\/www.futurobrillante.org\/es\/wp-json\/wp\/v2\/comments?post=10428"}],"version-history":[{"count":27,"href":"https:\/\/www.futurobrillante.org\/es\/wp-json\/wp\/v2\/pages\/10428\/revisions"}],"predecessor-version":[{"id":12849,"href":"https:\/\/www.futurobrillante.org\/es\/wp-json\/wp\/v2\/pages\/10428\/revisions\/12849"}],"up":[{"embeddable":true,"href":"https:\/\/www.futurobrillante.org\/es\/wp-json\/wp\/v2\/pages\/10372"}],"wp:attachment":[{"href":"https:\/\/www.futurobrillante.org\/es\/wp-json\/wp\/v2\/media?parent=10428"}],"curies":[{"name":"wp","href":"https:\/\/api.w.org\/{rel}","templated":true}]}}