{"id":10415,"date":"2020-11-09T14:36:11","date_gmt":"2020-11-09T20:36:11","guid":{"rendered":"https:\/\/www.futurobrillante.org\/que\/economic-nov2020\/"},"modified":"2025-05-05T07:15:38","modified_gmt":"2025-05-05T13:15:38","slug":"empoderamiento-economico","status":"publish","type":"page","link":"https:\/\/www.futurobrillante.org\/es\/que-hacemos\/empoderamiento-economico\/","title":{"rendered":"Empoderamiento econ\u00f3mico"},"content":{"rendered":"<p>[et_pb_section fb_built=\u00bb1&#8243; disabled_on=\u00bboff|off|off\u00bb admin_label=\u00bbCall to Action\u00bb _builder_version=\u00bb4.27.0&#8243; _module_preset=\u00bb48042fbb-0529-4eb1-bbbd-1c9f5518db7c\u00bb background_enable_color=\u00bboff\u00bb background_image=\u00bbhttps:\/\/www.futurobrillante.org\/wp-content\/uploads\/2024\/11\/head_economic-scaled.jpg\u00bb parallax=\u00bbon\u00bb background_blend=\u00bbscreen\u00bb custom_margin=\u00bb||||false\u00bb custom_padding=\u00bb8vw||8vw||true|false\u00bb collapsed=\u00bbon\u00bb][et_pb_row _builder_version=\u00bb4.27.0&#8243; _module_preset=\u00bbdefault\u00bb global_colors_info=\u00bb{}\u00bb][et_pb_column type=\u00bb4_4&#8243; _builder_version=\u00bb4.27.0&#8243; _module_preset=\u00bb170c03cd-bf00-4cd7-b4fd-8e3ef8dd2274&#8243; background_color=\u00bbRGBA(255,255,255,0)\u00bb global_colors_info=\u00bb{}\u00bb][et_pb_heading title=\u00bbProgramas de Empoderamiento Econ\u00f3mico\u00bb _builder_version=\u00bb4.27.0&#8243; _module_preset=\u00bbf1f12d1f-2ef6-44f1-a02c-66459de4bbc7&#8243; title_level=\u00bbh1&#8243; title_font=\u00bb&#8211;et_global_heading_font||||||||\u00bb title_text_align=\u00bbcenter\u00bb title_text_color=\u00bb#FFFFFF\u00bb title_font_size=\u00bb55px\u00bb custom_margin=\u00bb||10px||false|false\u00bb global_colors_info=\u00bb{}\u00bb][\/et_pb_heading][\/et_pb_column][\/et_pb_row][\/et_pb_section][et_pb_section fb_built=\u00bb1&#8243; admin_label=\u00bbsection\u00bb _builder_version=\u00bb4.16&#8243; global_colors_info=\u00bb{}\u00bb][et_pb_row _builder_version=\u00bb4.27.0&#8243; _module_preset=\u00bbdefault\u00bb hover_enabled=\u00bb0&#8243; global_colors_info=\u00bb{}\u00bb disabled_on=\u00bbon|on|on\u00bb disabled=\u00bbon\u00bb sticky_enabled=\u00bb0&#8243;][et_pb_column type=\u00bb4_4&#8243; _builder_version=\u00bb4.27.0&#8243; _module_preset=\u00bbdefault\u00bb global_colors_info=\u00bb{}\u00bb][et_pb_text _builder_version=\u00bb4.27.0&#8243; _module_preset=\u00bbdefault\u00bb header_font_size=\u00bb37px\u00bb header_line_height=\u00bb2.2em\u00bb header_3_text_color=\u00bb#20c1c1&#8243; global_colors_info=\u00bb{}\u00bb]<\/p>\n<h1>Mujeres empresarias<\/h1>\n<h3> Programa de Microcr\u00e9dito para Mujeres Emprendedoras<\/h3>\n<p>Grameen Costa Rica es una organizaci\u00f3n sin fines de lucro a nivel nacional que brinda microcr\u00e9ditos a mujeres emprendedoras para iniciar o hacer crecer sus negocios. Se form\u00f3 por primera vez un grupo Grameen con 10 mujeres en septiembre de 2020 en Matapalo y continuamente busca emprendedores adicionales para participar en el programa. Futuro Brillante es un orgulloso socio oficial de Grameen Costa Rica.<a href=\"https:\/\/www.youtube.com\/@futurobrillantefoundation8720\/playlists\" target=\"_blank\" rel=\"noopener\"><\/a><\/p>\n<p>[\/et_pb_text][\/et_pb_column][\/et_pb_row][et_pb_row _builder_version=\u00bb4.27.0&#8243; _module_preset=\u00bbdefault\u00bb global_colors_info=\u00bb{}\u00bb][et_pb_column type=\u00bb4_4&#8243; _builder_version=\u00bb4.27.0&#8243; _module_preset=\u00bbdefault\u00bb global_colors_info=\u00bb{}\u00bb][et_pb_text _builder_version=\u00bb4.27.0&#8243; _module_preset=\u00bbdefault\u00bb header_font_size=\u00bb37px\u00bb header_line_height=\u00bb2.2em\u00bb header_3_text_color=\u00bb#20c1c1&#8243; custom_margin=\u00bb||||false|false\u00bb global_colors_info=\u00bb{}\u00bb]<\/p>\n<h1>Empoderamiento local<\/h1>\n<h3>Talleres de Habilidades Empresariales <\/h3>\n<p>Gracias al trabajo comunitario de los estudiantes de la Universidad de Costa Rica, se brinda una serie de talleres y capacitaciones a personas interesadas en aprender y capacitarse en diferentes temas de negocios.<\/p>\n<h3>Programa de formaci\u00f3n para el empleo<\/h3>\n<p>Formamos parte del Programa de Capacitaci\u00f3n para el Empleo financiado por la Embajada de Estados Unidos, en alianza con el Municipio de Santa Cruz y La Luci\u00e9rnaga, para preparar a mujeres en tareas de limpieza de hoteles.<a href=\"https:\/\/www.youtube.com\/@futurobrillantefoundation8720\/playlists\" target=\"_blank\" rel=\"noopener\"><\/a><\/p>\n<p>[\/et_pb_text][\/et_pb_column][\/et_pb_row][et_pb_row _builder_version=\u00bb4.27.0&#8243; _module_preset=\u00bbdefault\u00bb global_colors_info=\u00bb{}\u00bb][et_pb_column type=\u00bb4_4&#8243; _builder_version=\u00bb4.27.0&#8243; _module_preset=\u00bbdefault\u00bb global_colors_info=\u00bb{}\u00bb][et_pb_gallery gallery_ids=\u00bb12213,12214&#8243; fullwidth=\u00bbon\u00bb _builder_version=\u00bb4.27.0&#8243; _module_preset=\u00bbdefault\u00bb width=\u00bb70%\u00bb module_alignment=\u00bbcenter\u00bb global_colors_info=\u00bb{}\u00bb][\/et_pb_gallery][\/et_pb_column][\/et_pb_row][et_pb_row _builder_version=\u00bb4.27.0&#8243; _module_preset=\u00bbdefault\u00bb global_colors_info=\u00bb{}\u00bb][et_pb_column type=\u00bb4_4&#8243; _builder_version=\u00bb4.27.0&#8243; _module_preset=\u00bbdefault\u00bb global_colors_info=\u00bb{}\u00bb][et_pb_text _builder_version=\u00bb4.27.0&#8243; _module_preset=\u00bbdefault\u00bb header_font_size=\u00bb37px\u00bb header_line_height=\u00bb1.8em\u00bb global_colors_info=\u00bb{}\u00bb]<\/p>\n<h1>Charlas motivaciones: Hablando de negocios<\/h1>\n<p>Futuro Brillante organiza y conduce una serie de oradores motivacionales para mujeres emprendedoras. Invitamos a mujeres locales que participan en nuestros programas de empoderamiento econ\u00f3mico a unirse a nosotros en una sesi\u00f3n con una empresaria exitosa para conocer su viaje hacia la cima y los secretos del \u00e9xito. Estas entrevistas interesantes e inspiradoras han sido una excelente manera para que las mujeres se conecten con l\u00edderes locales y aprendan c\u00f3mo pueden superar obst\u00e1culos personales y ayudar a que sus negocios crezcan. \u00a1Esperamos que disfrutes!<\/p>\n<p><b>\u00a1Puedes ver todos los v\u00eddeos aqu\u00ed!<\/b><a href=\"https:\/\/www.youtube.com\/@futurobrillantefoundation8720\/playlists\" target=\"_blank\" rel=\"noopener\"><\/a><\/p>\n<p>[\/et_pb_text][\/et_pb_column][\/et_pb_row][et_pb_row _builder_version=\u00bb4.27.0&#8243; _module_preset=\u00bbdefault\u00bb global_colors_info=\u00bb{}\u00bb][et_pb_column type=\u00bb4_4&#8243; _builder_version=\u00bb4.27.0&#8243; _module_preset=\u00bbdefault\u00bb global_colors_info=\u00bb{}\u00bb][et_pb_code _builder_version=\u00bb4.27.0&#8243; _module_preset=\u00bbdefault\u00bb global_colors_info=\u00bb{}\u00bb]<iframe loading=\"lazy\" width=\"1218\" height=\"685\" src=\"https:\/\/www.youtube.com\/embed\/2EJF2z5W3C8?list=PL0zDiSBOTCuuOxVe5RoUwjnwoLrsY3W_E\" title=\"Hablando de Negocios: EP2\" frameborder=\"0\" allow=\"accelerometer; autoplay; clipboard-write; encrypted-media; gyroscope; picture-in-picture; web-share\" referrerpolicy=\"strict-origin-when-cross-origin\" allowfullscreen><\/iframe>[\/et_pb_code][\/et_pb_column][\/et_pb_row][\/et_pb_section][et_pb_section fb_built=\u00bb1&#8243; admin_label=\u00bbFooter\u00bb _builder_version=\u00bb4.25.2&#8243; _module_preset=\u00bbe7c092b3-38e2-4263-b2f8-5bf7dc0d6328&#8243; saved_tabs=\u00bball\u00bb locked=\u00bboff\u00bb collapsed=\u00bbon\u00bb global_colors_info=\u00bb{}\u00bb][et_pb_row column_structure=\u00bb1_2,1_4,1_4&#8243; _builder_version=\u00bb4.25.1&#8243; _module_preset=\u00bbdefault\u00bb locked=\u00bboff\u00bb global_colors_info=\u00bb{}\u00bb][et_pb_column type=\u00bb1_2&#8243; _builder_version=\u00bb4.25.1&#8243; _module_preset=\u00bbdefault\u00bb global_colors_info=\u00bb{}\u00bb][et_pb_image src=\u00bbhttps:\/\/www.futurobrillante.org\/wp-content\/uploads\/2024\/08\/web.png\u00bb title_text=\u00bbweb\u00bb url=\u00bb@ET-DC@eyJkeW5hbWljIjp0cnVlLCJjb250ZW50IjoiaG9tZV91cmwiLCJzZXR0aW5ncyI6e319@\u00bb _builder_version=\u00bb4.27.0&#8243; _dynamic_attributes=\u00bburl\u00bb _module_preset=\u00bbdefault\u00bb max_height=\u00bb64px\u00bb custom_margin=\u00bb||20px||false|false\u00bb global_colors_info=\u00bb{}\u00bb][\/et_pb_image][et_pb_signup mailchimp_list=\u00bbundefined|undefined|\u00bb first_name_field=\u00bboff\u00bb last_name_field=\u00bboff\u00bb title=\u00bbSuscr\u00edbete para Noticias y Actualizaciones\u00bb _builder_version=\u00bb4.27.0&#8243; _module_preset=\u00bb31542e08-08ae-4293-b7cb-2d1ce07a72a1&#8243; header_font=\u00bb&#8211;et_global_heading_font||||||||\u00bb form_field_font=\u00bb&#8211;et_global_body_font||||||||\u00bb button_text_color=\u00bb#FFFFFF\u00bb button_bg_color=\u00bb#f09520&#8243; button_font=\u00bb&#8211;et_global_body_font|700||on|||||\u00bb global_colors_info=\u00bb{}\u00bb][\/et_pb_signup][\/et_pb_column][et_pb_column type=\u00bb1_4&#8243; _builder_version=\u00bb4.25.1&#8243; _module_preset=\u00bbdefault\u00bb global_colors_info=\u00bb{}\u00bb][et_pb_heading title=\u00bbLINKS\u00bb _builder_version=\u00bb4.27.0&#8243; _module_preset=\u00bbd69464aa-c3db-4735-be08-08c56ba13abf\u00bb title_font=\u00bb&#8211;et_global_heading_font||||||||\u00bb title_text_color=\u00bb#FFFFFF\u00bb custom_margin=\u00bb||10px||false|false\u00bb locked=\u00bboff\u00bb global_colors_info=\u00bb{}\u00bb][\/et_pb_heading][et_pb_text _builder_version=\u00bb4.27.0&#8243; _module_preset=\u00bb3ae861ea-5e94-4024-95d0-5a550003f50a\u00bb text_font=\u00bb&#8211;et_global_body_font||||||||\u00bb custom_margin=\u00bb||8px||false|false\u00bb global_colors_info=\u00bb{}\u00bb]<\/p>\n<p><a href=\"#\">Inicio<\/a><\/p>\n<p>[\/et_pb_text][et_pb_text _builder_version=\u00bb4.27.0&#8243; _module_preset=\u00bb3ae861ea-5e94-4024-95d0-5a550003f50a\u00bb text_font=\u00bb&#8211;et_global_body_font||||||||\u00bb custom_margin=\u00bb||8px||false|false\u00bb global_colors_info=\u00bb{}\u00bb]<\/p>\n<p><a href=\"#\">Nosotros<\/a><\/p>\n<p>[\/et_pb_text][et_pb_text _builder_version=\u00bb4.27.0&#8243; _module_preset=\u00bb3ae861ea-5e94-4024-95d0-5a550003f50a\u00bb text_font=\u00bb&#8211;et_global_body_font||||||||\u00bb custom_margin=\u00bb||8px||false|false\u00bb global_colors_info=\u00bb{}\u00bb]<\/p>\n<p><a href=\"#\">Contacto<\/a><\/p>\n<p>[\/et_pb_text][et_pb_text _builder_version=\u00bb4.27.0&#8243; _module_preset=\u00bb3ae861ea-5e94-4024-95d0-5a550003f50a\u00bb text_font=\u00bb&#8211;et_global_body_font||||||||\u00bb custom_margin=\u00bb||8px||false|false\u00bb global_colors_info=\u00bb{}\u00bb]<\/p>\n<p><a href=\"#\">Blog<\/a><\/p>\n<p>[\/et_pb_text][et_pb_text _builder_version=\u00bb4.27.0&#8243; _module_preset=\u00bb3ae861ea-5e94-4024-95d0-5a550003f50a\u00bb text_font=\u00bb&#8211;et_global_body_font||||||||\u00bb custom_margin=\u00bb||8px||false|false\u00bb global_colors_info=\u00bb{}\u00bb]<\/p>\n<p><a href=\"#\">Donar<\/a><\/p>\n<p>[\/et_pb_text][\/et_pb_column][et_pb_column type=\u00bb1_4&#8243; _builder_version=\u00bb4.25.1&#8243; _module_preset=\u00bbdefault\u00bb global_colors_info=\u00bb{}\u00bb][et_pb_heading title=\u00bbPROGRAMAS\u00bb _builder_version=\u00bb4.27.0&#8243; _module_preset=\u00bbd69464aa-c3db-4735-be08-08c56ba13abf\u00bb title_font=\u00bb&#8211;et_global_heading_font||||||||\u00bb title_text_color=\u00bb#FFFFFF\u00bb custom_margin=\u00bb||8px||false|false\u00bb locked=\u00bboff\u00bb global_colors_info=\u00bb{}\u00bb][\/et_pb_heading][et_pb_text _builder_version=\u00bb4.27.0&#8243; _module_preset=\u00bb3ae861ea-5e94-4024-95d0-5a550003f50a\u00bb text_font=\u00bb&#8211;et_global_body_font||||||||\u00bb custom_margin=\u00bb||8px||false|false\u00bb link_option_url=\u00bbhttps:\/\/www.futurobrillante.org\/es\/que-hacemos\/educacion-y-formacion-tecnica\/\u00bb locked=\u00bboff\u00bb global_colors_info=\u00bb{}\u00bb]Educaci\u00f3n y Formaci\u00f3n T\u00e9cnica[\/et_pb_text][et_pb_text _builder_version=\u00bb4.27.0&#8243; _module_preset=\u00bb3ae861ea-5e94-4024-95d0-5a550003f50a\u00bb text_font=\u00bb&#8211;et_global_body_font||||||||\u00bb custom_margin=\u00bb||8px||false|false\u00bb link_option_url=\u00bbhttps:\/\/www.futurobrillante.org\/es\/que-hacemos\/empoderamiento-economico\/\u00bb locked=\u00bboff\u00bb global_colors_info=\u00bb{}\u00bb]Empoderamiento Econ\u00f3mico[\/et_pb_text][et_pb_text _builder_version=\u00bb4.27.0&#8243; _module_preset=\u00bb3ae861ea-5e94-4024-95d0-5a550003f50a\u00bb text_font=\u00bb&#8211;et_global_body_font||||||||\u00bb custom_margin=\u00bb||5px||false|false\u00bb link_option_url=\u00bbhttps:\/\/www.futurobrillante.org\/es\/que-hacemos\/desarrollo-comunitario\/\u00bb locked=\u00bboff\u00bb global_colors_info=\u00bb{}\u00bb]Bienestar Comunitario[\/et_pb_text][et_pb_button button_text=\u00bbDonar\u00bb _builder_version=\u00bb4.27.0&#8243; _module_preset=\u00bb650b6ee9-6b80-4950-93dc-5b73171be3f2&#8243; button_font=\u00bb&#8211;et_global_body_font|700||on|||||\u00bb custom_margin=\u00bb30px||16px||false|false\u00bb global_colors_info=\u00bb{}\u00bb][\/et_pb_button][et_pb_button button_text=\u00bbHazte Voluntario\u00bb _builder_version=\u00bb4.27.0&#8243; _module_preset=\u00bb0acb6d53-050f-477e-9651-333be9ada2bb\u00bb button_font=\u00bb&#8211;et_global_body_font|700||on|||||\u00bb global_colors_info=\u00bb{}\u00bb][\/et_pb_button][\/et_pb_column][\/et_pb_row][\/et_pb_section]<\/p>\n","protected":false},"excerpt":{"rendered":"<p>Mujeres empresarias Programa de Microcr\u00e9dito para Mujeres Emprendedoras Grameen Costa Rica es una organizaci\u00f3n sin fines de lucro a nivel nacional que brinda microcr\u00e9ditos a mujeres emprendedoras para iniciar o hacer crecer sus negocios. Se form\u00f3 por primera vez un grupo Grameen con 10 mujeres en septiembre de 2020 en Matapalo y continuamente busca emprendedores [&hellip;]<\/p>\n","protected":false},"author":1,"featured_media":0,"parent":10372,"menu_order":0,"comment_status":"closed","ping_status":"closed","template":"","meta":{"_et_pb_use_builder":"on","_et_pb_old_content":"","_et_gb_content_width":"","footnotes":""},"class_list":["post-10415","page","type-page","status-publish","hentry"],"yoast_head":"<!-- This site is optimized with the Yoast SEO plugin v23.3 - https:\/\/yoast.com\/wordpress\/plugins\/seo\/ -->\n<title>Empoderamiento econ\u00f3mico - Futuro Brillante<\/title>\n<meta name=\"robots\" content=\"index, follow, max-snippet:-1, max-image-preview:large, max-video-preview:-1\" \/>\n<link rel=\"canonical\" href=\"https:\/\/www.futurobrillante.org\/es\/que-hacemos\/empoderamiento-economico\/\" \/>\n<meta property=\"og:locale\" content=\"es_ES\" \/>\n<meta property=\"og:type\" content=\"article\" \/>\n<meta property=\"og:title\" content=\"Empoderamiento econ\u00f3mico - Futuro Brillante\" \/>\n<meta property=\"og:description\" content=\"Mujeres empresarias Programa de Microcr\u00e9dito para Mujeres Emprendedoras Grameen Costa Rica es una organizaci\u00f3n sin fines de lucro a nivel nacional que brinda microcr\u00e9ditos a mujeres emprendedoras para iniciar o hacer crecer sus negocios. Se form\u00f3 por primera vez un grupo Grameen con 10 mujeres en septiembre de 2020 en Matapalo y continuamente busca emprendedores [&hellip;]\" \/>\n<meta property=\"og:url\" content=\"https:\/\/www.futurobrillante.org\/es\/que-hacemos\/empoderamiento-economico\/\" \/>\n<meta property=\"og:site_name\" content=\"Futuro Brillante\" \/>\n<meta property=\"article:modified_time\" content=\"2025-05-05T13:15:38+00:00\" \/>\n<meta name=\"twitter:card\" content=\"summary_large_image\" \/>\n<meta name=\"twitter:label1\" content=\"Tiempo de lectura\" \/>\n\t<meta name=\"twitter:data1\" content=\"7 minutos\" \/>\n<script type=\"application\/ld+json\" class=\"yoast-schema-graph\">{\"@context\":\"https:\/\/schema.org\",\"@graph\":[{\"@type\":\"WebPage\",\"@id\":\"https:\/\/www.futurobrillante.org\/es\/que-hacemos\/empoderamiento-economico\/\",\"url\":\"https:\/\/www.futurobrillante.org\/es\/que-hacemos\/empoderamiento-economico\/\",\"name\":\"Empoderamiento econ\u00f3mico - Futuro Brillante\",\"isPartOf\":{\"@id\":\"https:\/\/www.futurobrillante.org\/#website\"},\"datePublished\":\"2020-11-09T20:36:11+00:00\",\"dateModified\":\"2025-05-05T13:15:38+00:00\",\"breadcrumb\":{\"@id\":\"https:\/\/www.futurobrillante.org\/es\/que-hacemos\/empoderamiento-economico\/#breadcrumb\"},\"inLanguage\":\"es\",\"potentialAction\":[{\"@type\":\"ReadAction\",\"target\":[\"https:\/\/www.futurobrillante.org\/es\/que-hacemos\/empoderamiento-economico\/\"]}]},{\"@type\":\"BreadcrumbList\",\"@id\":\"https:\/\/www.futurobrillante.org\/es\/que-hacemos\/empoderamiento-economico\/#breadcrumb\",\"itemListElement\":[{\"@type\":\"ListItem\",\"position\":1,\"name\":\"Home\",\"item\":\"https:\/\/www.futurobrillante.org\/es\/\"},{\"@type\":\"ListItem\",\"position\":2,\"name\":\"Qu\u00e9 hacemos\",\"item\":\"https:\/\/www.futurobrillante.org\/es\/que-hacemos\/\"},{\"@type\":\"ListItem\",\"position\":3,\"name\":\"Empoderamiento econ\u00f3mico\"}]},{\"@type\":\"WebSite\",\"@id\":\"https:\/\/www.futurobrillante.org\/#website\",\"url\":\"https:\/\/www.futurobrillante.org\/\",\"name\":\"Futuro Brillante\",\"description\":\"enriqueciendo vidas para un futuro brillante\",\"potentialAction\":[{\"@type\":\"SearchAction\",\"target\":{\"@type\":\"EntryPoint\",\"urlTemplate\":\"https:\/\/www.futurobrillante.org\/?s={search_term_string}\"},\"query-input\":\"required name=search_term_string\"}],\"inLanguage\":\"es\"}]}<\/script>\n<!-- \/ Yoast SEO plugin. -->","yoast_head_json":{"title":"Empoderamiento econ\u00f3mico - Futuro Brillante","robots":{"index":"index","follow":"follow","max-snippet":"max-snippet:-1","max-image-preview":"max-image-preview:large","max-video-preview":"max-video-preview:-1"},"canonical":"https:\/\/www.futurobrillante.org\/es\/que-hacemos\/empoderamiento-economico\/","og_locale":"es_ES","og_type":"article","og_title":"Empoderamiento econ\u00f3mico - Futuro Brillante","og_description":"Mujeres empresarias Programa de Microcr\u00e9dito para Mujeres Emprendedoras Grameen Costa Rica es una organizaci\u00f3n sin fines de lucro a nivel nacional que brinda microcr\u00e9ditos a mujeres emprendedoras para iniciar o hacer crecer sus negocios. Se form\u00f3 por primera vez un grupo Grameen con 10 mujeres en septiembre de 2020 en Matapalo y continuamente busca emprendedores [&hellip;]","og_url":"https:\/\/www.futurobrillante.org\/es\/que-hacemos\/empoderamiento-economico\/","og_site_name":"Futuro Brillante","article_modified_time":"2025-05-05T13:15:38+00:00","twitter_card":"summary_large_image","twitter_misc":{"Tiempo de lectura":"7 minutos"},"schema":{"@context":"https:\/\/schema.org","@graph":[{"@type":"WebPage","@id":"https:\/\/www.futurobrillante.org\/es\/que-hacemos\/empoderamiento-economico\/","url":"https:\/\/www.futurobrillante.org\/es\/que-hacemos\/empoderamiento-economico\/","name":"Empoderamiento econ\u00f3mico - Futuro Brillante","isPartOf":{"@id":"https:\/\/www.futurobrillante.org\/#website"},"datePublished":"2020-11-09T20:36:11+00:00","dateModified":"2025-05-05T13:15:38+00:00","breadcrumb":{"@id":"https:\/\/www.futurobrillante.org\/es\/que-hacemos\/empoderamiento-economico\/#breadcrumb"},"inLanguage":"es","potentialAction":[{"@type":"ReadAction","target":["https:\/\/www.futurobrillante.org\/es\/que-hacemos\/empoderamiento-economico\/"]}]},{"@type":"BreadcrumbList","@id":"https:\/\/www.futurobrillante.org\/es\/que-hacemos\/empoderamiento-economico\/#breadcrumb","itemListElement":[{"@type":"ListItem","position":1,"name":"Home","item":"https:\/\/www.futurobrillante.org\/es\/"},{"@type":"ListItem","position":2,"name":"Qu\u00e9 hacemos","item":"https:\/\/www.futurobrillante.org\/es\/que-hacemos\/"},{"@type":"ListItem","position":3,"name":"Empoderamiento econ\u00f3mico"}]},{"@type":"WebSite","@id":"https:\/\/www.futurobrillante.org\/#website","url":"https:\/\/www.futurobrillante.org\/","name":"Futuro Brillante","description":"enriqueciendo vidas para un futuro brillante","potentialAction":[{"@type":"SearchAction","target":{"@type":"EntryPoint","urlTemplate":"https:\/\/www.futurobrillante.org\/?s={search_term_string}"},"query-input":"required name=search_term_string"}],"inLanguage":"es"}]}},"_links":{"self":[{"href":"https:\/\/www.futurobrillante.org\/es\/wp-json\/wp\/v2\/pages\/10415"}],"collection":[{"href":"https:\/\/www.futurobrillante.org\/es\/wp-json\/wp\/v2\/pages"}],"about":[{"href":"https:\/\/www.futurobrillante.org\/es\/wp-json\/wp\/v2\/types\/page"}],"author":[{"embeddable":true,"href":"https:\/\/www.futurobrillante.org\/es\/wp-json\/wp\/v2\/users\/1"}],"replies":[{"embeddable":true,"href":"https:\/\/www.futurobrillante.org\/es\/wp-json\/wp\/v2\/comments?post=10415"}],"version-history":[{"count":25,"href":"https:\/\/www.futurobrillante.org\/es\/wp-json\/wp\/v2\/pages\/10415\/revisions"}],"predecessor-version":[{"id":12816,"href":"https:\/\/www.futurobrillante.org\/es\/wp-json\/wp\/v2\/pages\/10415\/revisions\/12816"}],"up":[{"embeddable":true,"href":"https:\/\/www.futurobrillante.org\/es\/wp-json\/wp\/v2\/pages\/10372"}],"wp:attachment":[{"href":"https:\/\/www.futurobrillante.org\/es\/wp-json\/wp\/v2\/media?parent=10415"}],"curies":[{"name":"wp","href":"https:\/\/api.w.org\/{rel}","templated":true}]}}