{"id":10394,"date":"2020-11-09T10:38:16","date_gmt":"2020-11-09T16:38:16","guid":{"rendered":"https:\/\/www.futurobrillante.org\/que\/infrastructure-nov2020\/"},"modified":"2021-01-11T13:39:28","modified_gmt":"2021-01-11T19:39:28","slug":"infraestructura","status":"publish","type":"page","link":"https:\/\/www.futurobrillante.org\/es\/que-hacemos\/infraestructura\/","title":{"rendered":"Infraestructura"},"content":{"rendered":"<p>[vc_section full_height=\u00bbyes\u00bb content_placement=\u00bbmiddle\u00bb css=\u00bb.vc_custom_1604545157237{margin-top: 50px !important;margin-bottom: 50px !important;}\u00bb][vc_row][vc_column][mvc_timeline_father width=\u00bb1&#8243; linebg=\u00bb#e6e6e6&#8243; title=\u00bbPROGRAMAS DE INFRAESTRUCTURA\u00bb size=\u00bb25&#8243; clr=\u00bb#676462&#8243;][mvc_timeline_son maintitle=\u00bbUn Techo sin Goteras\u00bb titlepadding=\u00bb15&#8243; date=\u00bbCASAS SEGURAS Y SANAS\u00bb titlesize=\u00bb30&#8243; titleclr=\u00bb#f09400&#8243; titlebg=\u00bb#e6e6e6&#8243; image_id=\u00bb10848&#8243; clr=\u00bb#f09400&#8243; size=\u00bb25&#8243; bgclr=\u00bb#f09400&#8243; icon=\u00bbfa fa-wrench\u00bb]<\/p>\n<p style=\"padding: 15px; font-size: 20px!important; line-height: 25px!important; font-weight: 300!important;\">Este programa identifica a las familias locales que viven en casas deterioradas con techos con goteras y pisos de tierra. Contratamos trabajadores locales para reparar las \u00e1reas m\u00e1s da\u00f1adas del techo y poner pisos de cemento. Estas dos simples mejoras tienen un impacto tremendo en la seguridad y las condiciones sanitarias del hogar, al mismo tiempo que hacen una mejora importante en la calidad de vida de la familia participante.<\/p>\n<p>[\/mvc_timeline_son][mvc_timeline_son maintitle=\u00bbViviendas para Familias en estado de Emergencia\u00bb titlepadding=\u00bb15&#8243; date=\u00bbSEGURIDAD EN LA VIVIENDA\u00bb titlesize=\u00bb30&#8243; titleclr=\u00bb#2fb3c1&#8243; titlebg=\u00bb#e6e6e6&#8243; image_id=\u00bb10060&#8243; clr=\u00bb#2fb3c1&#8243; size=\u00bb25&#8243; bgclr=\u00bb#2fb3c1&#8243; icon=\u00bbfa fa-home\u00bb icon_size=\u00bb25&#8243;]<\/p>\n<p style=\"padding: 15px; font-size: 20px!important; line-height: 25px!important; font-weight: 300!important;\">\u00a1NUEVO PROYECTO PARA 2021! Hemos identificado la falta de viviendas seguras y accesibles como uno de los desaf\u00edos m\u00e1s dif\u00edciles en nuestra comunidad, especialmente para las familias que enfrentan una crisis, como una enfermedad inesperada, la p\u00e9rdida de empleo o un desastre natural. Por esa raz\u00f3n, hemos decidido construir varias casitas para brindar vivienda segura a las familias locales que enfrentan una situaci\u00f3n de emergencia que de otra manera las dejar\u00eda en las calles.<\/p>\n<p>[\/mvc_timeline_son][mvc_timeline_son maintitle=\u00bbEspacios Comunitarios\u00bb titlepadding=\u00bb15&#8243; date=\u00bbINFRAESTRUCTURA COMUNITARIA\u00bb titlesize=\u00bb30&#8243; titleclr=\u00bb#086069&#8243; titlebg=\u00bb#e6e6e6&#8243; image_id=\u00bb10062&#8243; clr=\u00bb#086069&#8243; size=\u00bb25&#8243; bgclr=\u00bb#086069&#8243; icon=\u00bbfa fa-users\u00bb icon_size=\u00bb25&#8243;]<\/p>\n<p style=\"padding: 15px; font-size: 20px!important; line-height: 25px!important; font-weight: 300!important;\">Futuro Brillante se compromete en apoyar a Matapalo y sus alrededores mediante la inversi\u00f3n en proyectos de infraestructura que beneficien a todos los miembros de nuestra comunidad. Los proyectos anteriores han incluido el Patio de Juegos Matapalo, el Auditorio \/ Gimnasio de la Escuela Matapalo, el Jard\u00edn Infantil Matapalo, el Aula La Garita Vieja y las Canchas Deportivas Multiusos.<\/p>\n<p>[\/mvc_timeline_son][\/mvc_timeline_father][\/vc_column][\/vc_row][\/vc_section][vc_row][vc_column][vc_raw_js]JTNDc2NyaXB0JTIwdHlwZSUzRCUyMnRleHQlMkZqYXZhc2NyaXB0JTIyJTNFJTIwJTBBalF1ZXJ5JTI4ZG9jdW1lbnQlMjkucmVhZHklMjhmdW5jdGlvbiUyOCUyMCUyNCUyMCUyOSUyMCU3QiUwQSUwOXNldFRpbWVvdXQlMjhmdW5jdGlvbiUyOCUyOSU3QiUyMCUwQSUwOSUwOSUyNCUyOCUyMmRpdiUyMiUyOS5yZW1vdmVDbGFzcyUyOCUyMmlzLWhpZGRlbiUyMiUyOSUzQiUwQSUwOSUwOSU3RCUyQyUyMDEwMDAlMjklM0IlMEElMDklN0QlMjklM0IlMEElM0MlMkZzY3JpcHQlM0U=[\/vc_raw_js][\/vc_column][\/vc_row]<\/p>\n","protected":false},"excerpt":{"rendered":"<p>[vc_section full_height=\u00bbyes\u00bb content_placement=\u00bbmiddle\u00bb css=\u00bb.vc_custom_1604545157237{margin-top: 50px !important;margin-bottom: 50px !important;}\u00bb][vc_row][vc_column][mvc_timeline_father width=\u00bb1&#8243; linebg=\u00bb#e6e6e6&#8243; title=\u00bbPROGRAMAS DE INFRAESTRUCTURA\u00bb size=\u00bb25&#8243; clr=\u00bb#676462&#8243;][mvc_timeline_son maintitle=\u00bbUn Techo sin Goteras\u00bb titlepadding=\u00bb15&#8243; date=\u00bbCASAS SEGURAS Y SANAS\u00bb titlesize=\u00bb30&#8243; titleclr=\u00bb#f09400&#8243; titlebg=\u00bb#e6e6e6&#8243; image_id=\u00bb10848&#8243; clr=\u00bb#f09400&#8243; size=\u00bb25&#8243; bgclr=\u00bb#f09400&#8243; icon=\u00bbfa fa-wrench\u00bb] Este programa identifica a las familias locales que viven en casas deterioradas con techos con goteras y pisos de tierra. Contratamos trabajadores [&hellip;]<\/p>\n","protected":false},"author":1,"featured_media":0,"parent":10372,"menu_order":0,"comment_status":"closed","ping_status":"closed","template":"","meta":{"_et_pb_use_builder":"on","_et_pb_old_content":"","_et_gb_content_width":"","footnotes":""},"class_list":["post-10394","page","type-page","status-publish","hentry"],"yoast_head":"<!-- This site is optimized with the Yoast SEO plugin v23.3 - https:\/\/yoast.com\/wordpress\/plugins\/seo\/ -->\n<title>Infraestructura - Futuro Brillante<\/title>\n<meta name=\"robots\" content=\"index, follow, max-snippet:-1, max-image-preview:large, max-video-preview:-1\" \/>\n<link rel=\"canonical\" href=\"https:\/\/www.futurobrillante.org\/es\/que-hacemos\/infraestructura\/\" \/>\n<meta property=\"og:locale\" content=\"es_ES\" \/>\n<meta property=\"og:type\" content=\"article\" \/>\n<meta property=\"og:title\" content=\"Infraestructura - Futuro Brillante\" \/>\n<meta property=\"og:description\" content=\"[vc_section full_height=&quot;yes&quot; content_placement=&quot;middle&quot; css=&quot;.vc_custom_1604545157237{margin-top: 50px !important;margin-bottom: 50px !important;}&quot;][vc_row][vc_column][mvc_timeline_father width=&quot;1&quot; linebg=&quot;#e6e6e6&quot; title=&quot;PROGRAMAS DE INFRAESTRUCTURA&quot; size=&quot;25&quot; clr=&quot;#676462&quot;][mvc_timeline_son maintitle=&quot;Un Techo sin Goteras&quot; titlepadding=&quot;15&quot; date=&quot;CASAS SEGURAS Y SANAS&quot; titlesize=&quot;30&quot; titleclr=&quot;#f09400&quot; titlebg=&quot;#e6e6e6&quot; image_id=&quot;10848&quot; clr=&quot;#f09400&quot; size=&quot;25&quot; bgclr=&quot;#f09400&quot; icon=&quot;fa fa-wrench&quot;] Este programa identifica a las familias locales que viven en casas deterioradas con techos con goteras y pisos de tierra. Contratamos trabajadores [&hellip;]\" \/>\n<meta property=\"og:url\" content=\"https:\/\/www.futurobrillante.org\/es\/que-hacemos\/infraestructura\/\" \/>\n<meta property=\"og:site_name\" content=\"Futuro Brillante\" \/>\n<meta property=\"article:modified_time\" content=\"2021-01-11T19:39:28+00:00\" \/>\n<meta name=\"twitter:card\" content=\"summary_large_image\" \/>\n<meta name=\"twitter:label1\" content=\"Tiempo de lectura\" \/>\n\t<meta name=\"twitter:data1\" content=\"2 minutos\" \/>\n<script type=\"application\/ld+json\" class=\"yoast-schema-graph\">{\"@context\":\"https:\/\/schema.org\",\"@graph\":[{\"@type\":\"WebPage\",\"@id\":\"https:\/\/www.futurobrillante.org\/es\/que-hacemos\/infraestructura\/\",\"url\":\"https:\/\/www.futurobrillante.org\/es\/que-hacemos\/infraestructura\/\",\"name\":\"Infraestructura - Futuro Brillante\",\"isPartOf\":{\"@id\":\"https:\/\/www.futurobrillante.org\/#website\"},\"datePublished\":\"2020-11-09T16:38:16+00:00\",\"dateModified\":\"2021-01-11T19:39:28+00:00\",\"breadcrumb\":{\"@id\":\"https:\/\/www.futurobrillante.org\/es\/que-hacemos\/infraestructura\/#breadcrumb\"},\"inLanguage\":\"es\",\"potentialAction\":[{\"@type\":\"ReadAction\",\"target\":[\"https:\/\/www.futurobrillante.org\/es\/que-hacemos\/infraestructura\/\"]}]},{\"@type\":\"BreadcrumbList\",\"@id\":\"https:\/\/www.futurobrillante.org\/es\/que-hacemos\/infraestructura\/#breadcrumb\",\"itemListElement\":[{\"@type\":\"ListItem\",\"position\":1,\"name\":\"Home\",\"item\":\"https:\/\/www.futurobrillante.org\/es\/\"},{\"@type\":\"ListItem\",\"position\":2,\"name\":\"Qu\u00e9 hacemos\",\"item\":\"https:\/\/www.futurobrillante.org\/es\/que-hacemos\/\"},{\"@type\":\"ListItem\",\"position\":3,\"name\":\"Infraestructura\"}]},{\"@type\":\"WebSite\",\"@id\":\"https:\/\/www.futurobrillante.org\/#website\",\"url\":\"https:\/\/www.futurobrillante.org\/\",\"name\":\"Futuro Brillante\",\"description\":\"enriqueciendo vidas para un futuro brillante\",\"potentialAction\":[{\"@type\":\"SearchAction\",\"target\":{\"@type\":\"EntryPoint\",\"urlTemplate\":\"https:\/\/www.futurobrillante.org\/?s={search_term_string}\"},\"query-input\":\"required name=search_term_string\"}],\"inLanguage\":\"es\"}]}<\/script>\n<!-- \/ Yoast SEO plugin. -->","yoast_head_json":{"title":"Infraestructura - Futuro Brillante","robots":{"index":"index","follow":"follow","max-snippet":"max-snippet:-1","max-image-preview":"max-image-preview:large","max-video-preview":"max-video-preview:-1"},"canonical":"https:\/\/www.futurobrillante.org\/es\/que-hacemos\/infraestructura\/","og_locale":"es_ES","og_type":"article","og_title":"Infraestructura - Futuro Brillante","og_description":"[vc_section full_height=\"yes\" content_placement=\"middle\" css=\".vc_custom_1604545157237{margin-top: 50px !important;margin-bottom: 50px !important;}\"][vc_row][vc_column][mvc_timeline_father width=\"1\" linebg=\"#e6e6e6\" title=\"PROGRAMAS DE INFRAESTRUCTURA\" size=\"25\" clr=\"#676462\"][mvc_timeline_son maintitle=\"Un Techo sin Goteras\" titlepadding=\"15\" date=\"CASAS SEGURAS Y SANAS\" titlesize=\"30\" titleclr=\"#f09400\" titlebg=\"#e6e6e6\" image_id=\"10848\" clr=\"#f09400\" size=\"25\" bgclr=\"#f09400\" icon=\"fa fa-wrench\"] Este programa identifica a las familias locales que viven en casas deterioradas con techos con goteras y pisos de tierra. Contratamos trabajadores [&hellip;]","og_url":"https:\/\/www.futurobrillante.org\/es\/que-hacemos\/infraestructura\/","og_site_name":"Futuro Brillante","article_modified_time":"2021-01-11T19:39:28+00:00","twitter_card":"summary_large_image","twitter_misc":{"Tiempo de lectura":"2 minutos"},"schema":{"@context":"https:\/\/schema.org","@graph":[{"@type":"WebPage","@id":"https:\/\/www.futurobrillante.org\/es\/que-hacemos\/infraestructura\/","url":"https:\/\/www.futurobrillante.org\/es\/que-hacemos\/infraestructura\/","name":"Infraestructura - Futuro Brillante","isPartOf":{"@id":"https:\/\/www.futurobrillante.org\/#website"},"datePublished":"2020-11-09T16:38:16+00:00","dateModified":"2021-01-11T19:39:28+00:00","breadcrumb":{"@id":"https:\/\/www.futurobrillante.org\/es\/que-hacemos\/infraestructura\/#breadcrumb"},"inLanguage":"es","potentialAction":[{"@type":"ReadAction","target":["https:\/\/www.futurobrillante.org\/es\/que-hacemos\/infraestructura\/"]}]},{"@type":"BreadcrumbList","@id":"https:\/\/www.futurobrillante.org\/es\/que-hacemos\/infraestructura\/#breadcrumb","itemListElement":[{"@type":"ListItem","position":1,"name":"Home","item":"https:\/\/www.futurobrillante.org\/es\/"},{"@type":"ListItem","position":2,"name":"Qu\u00e9 hacemos","item":"https:\/\/www.futurobrillante.org\/es\/que-hacemos\/"},{"@type":"ListItem","position":3,"name":"Infraestructura"}]},{"@type":"WebSite","@id":"https:\/\/www.futurobrillante.org\/#website","url":"https:\/\/www.futurobrillante.org\/","name":"Futuro Brillante","description":"enriqueciendo vidas para un futuro brillante","potentialAction":[{"@type":"SearchAction","target":{"@type":"EntryPoint","urlTemplate":"https:\/\/www.futurobrillante.org\/?s={search_term_string}"},"query-input":"required name=search_term_string"}],"inLanguage":"es"}]}},"_links":{"self":[{"href":"https:\/\/www.futurobrillante.org\/es\/wp-json\/wp\/v2\/pages\/10394"}],"collection":[{"href":"https:\/\/www.futurobrillante.org\/es\/wp-json\/wp\/v2\/pages"}],"about":[{"href":"https:\/\/www.futurobrillante.org\/es\/wp-json\/wp\/v2\/types\/page"}],"author":[{"embeddable":true,"href":"https:\/\/www.futurobrillante.org\/es\/wp-json\/wp\/v2\/users\/1"}],"replies":[{"embeddable":true,"href":"https:\/\/www.futurobrillante.org\/es\/wp-json\/wp\/v2\/comments?post=10394"}],"version-history":[{"count":9,"href":"https:\/\/www.futurobrillante.org\/es\/wp-json\/wp\/v2\/pages\/10394\/revisions"}],"predecessor-version":[{"id":11300,"href":"https:\/\/www.futurobrillante.org\/es\/wp-json\/wp\/v2\/pages\/10394\/revisions\/11300"}],"up":[{"embeddable":true,"href":"https:\/\/www.futurobrillante.org\/es\/wp-json\/wp\/v2\/pages\/10372"}],"wp:attachment":[{"href":"https:\/\/www.futurobrillante.org\/es\/wp-json\/wp\/v2\/media?parent=10394"}],"curies":[{"name":"wp","href":"https:\/\/api.w.org\/{rel}","templated":true}]}}