{"id":10384,"date":"2020-11-04T12:28:50","date_gmt":"2020-11-04T18:28:50","guid":{"rendered":"https:\/\/www.futurobrillante.org\/que\/education-nov2020\/"},"modified":"2025-06-09T06:27:22","modified_gmt":"2025-06-09T12:27:22","slug":"educacion-y-formacion-tecnica","status":"publish","type":"page","link":"https:\/\/www.futurobrillante.org\/es\/que-hacemos\/educacion-y-formacion-tecnica\/","title":{"rendered":"Educaci\u00f3n y Formaci\u00f3n T\u00e9cnica"},"content":{"rendered":"<p>[et_pb_section fb_built=\u00bb1&#8243; disabled_on=\u00bboff|off|off\u00bb admin_label=\u00bbCall to Action\u00bb _builder_version=\u00bb4.27.0&#8243; _module_preset=\u00bb48042fbb-0529-4eb1-bbbd-1c9f5518db7c\u00bb background_enable_color=\u00bboff\u00bb background_image=\u00bbhttps:\/\/www.futurobrillante.org\/wp-content\/uploads\/2024\/12\/head_education1-scaled.jpg\u00bb parallax=\u00bbon\u00bb background_blend=\u00bbscreen\u00bb custom_margin=\u00bb||||false\u00bb custom_padding=\u00bb8vw||8vw||true|false\u00bb collapsed=\u00bbon\u00bb global_colors_info=\u00bb{}\u00bb][et_pb_row _builder_version=\u00bb4.27.0&#8243; _module_preset=\u00bbdefault\u00bb global_colors_info=\u00bb{}\u00bb][et_pb_column type=\u00bb4_4&#8243; _builder_version=\u00bb4.27.0&#8243; _module_preset=\u00bb170c03cd-bf00-4cd7-b4fd-8e3ef8dd2274&#8243; background_color=\u00bbRGBA(255,255,255,0)\u00bb global_colors_info=\u00bb{}\u00bb][et_pb_heading title=\u00bbProgramas de Educaci\u00f3n y Formaci\u00f3n T\u00e9cnica\u00bb _builder_version=\u00bb4.27.0&#8243; _module_preset=\u00bbf1f12d1f-2ef6-44f1-a02c-66459de4bbc7&#8243; title_level=\u00bbh1&#8243; title_font=\u00bb&#8211;et_global_heading_font||||||||\u00bb title_text_align=\u00bbcenter\u00bb title_text_color=\u00bb#FFFFFF\u00bb title_font_size=\u00bb55px\u00bb custom_margin=\u00bb||10px||false|false\u00bb global_colors_info=\u00bb{}\u00bb][\/et_pb_heading][\/et_pb_column][\/et_pb_row][\/et_pb_section][et_pb_section fb_built=\u00bb1&#8243; admin_label=\u00bbsection\u00bb _builder_version=\u00bb4.16&#8243; global_colors_info=\u00bb{}\u00bb][et_pb_row column_structure=\u00bb3_5,2_5&#8243; _builder_version=\u00bb4.27.0&#8243; _module_preset=\u00bbdefault\u00bb global_colors_info=\u00bb{}\u00bb][et_pb_column type=\u00bb3_5&#8243; _builder_version=\u00bb4.27.0&#8243; _module_preset=\u00bbdefault\u00bb global_colors_info=\u00bb{}\u00bb][et_pb_text _builder_version=\u00bb4.27.0&#8243; _module_preset=\u00bbf140e684-18f9-429f-ad6a-ff1253cdd6d7&#8243; header_2_font=\u00bb&#8211;et_global_heading_font|700|||||||\u00bb header_2_font_size=\u00bb4vw\u00bb global_colors_info=\u00bb{}\u00bb]<\/p>\n<h2>Alianzas educativas<\/h2>\n<p>[\/et_pb_text][et_pb_text _builder_version=\u00bb4.27.0&#8243; _module_preset=\u00bbdefault\u00bb header_3_font=\u00bb&#8211;et_global_heading_font||||||||\u00bb header_3_line_height=\u00bb3em\u00bb custom_margin=\u00bb0px||||false|false\u00bb global_colors_info=\u00bb{}\u00bb]<\/p>\n<p>Futuro Brillante ha sido un orgulloso <b>Centro de Colaboraci\u00f3n oficial del Instituto Nacional de Aprendizaje (INA) de Costa Rica<\/b> desde 2019, ofreciendo cursos de manera regular. <\/p>\n<p>[\/et_pb_text][\/et_pb_column][et_pb_column type=\u00bb2_5&#8243; _builder_version=\u00bb4.27.0&#8243; _module_preset=\u00bbdefault\u00bb global_colors_info=\u00bb{}\u00bb][\/et_pb_column][\/et_pb_row][\/et_pb_section][et_pb_section fb_built=\u00bb1&#8243; admin_label=\u00bbsection\u00bb _builder_version=\u00bb4.27.0&#8243; background_color=\u00bb#efefef\u00bb global_colors_info=\u00bb{}\u00bb][et_pb_row column_structure=\u00bb1_2,1_2&#8243; _builder_version=\u00bb4.27.0&#8243; _module_preset=\u00bbdefault\u00bb global_colors_info=\u00bb{}\u00bb][et_pb_column type=\u00bb1_2&#8243; _builder_version=\u00bb4.27.0&#8243; _module_preset=\u00bbdefault\u00bb global_colors_info=\u00bb{}\u00bb][et_pb_image src=\u00bbhttps:\/\/www.futurobrillante.org\/wp-content\/uploads\/2025\/03\/neo-copia.jpg\u00bb title_text=\u00bbneo copia\u00bb _builder_version=\u00bb4.27.0&#8243; _module_preset=\u00bbdefault\u00bb border_radii=\u00bbon|17px|17px|17px|17px\u00bb global_colors_info=\u00bb{}\u00bb][\/et_pb_image][\/et_pb_column][et_pb_column type=\u00bb1_2&#8243; _builder_version=\u00bb4.27.0&#8243; _module_preset=\u00bbdefault\u00bb global_colors_info=\u00bb{}\u00bb][et_pb_text _builder_version=\u00bb4.27.0&#8243; _module_preset=\u00bbf140e684-18f9-429f-ad6a-ff1253cdd6d7&#8243; header_2_font=\u00bb&#8211;et_global_heading_font|700|||||||\u00bb header_2_font_size=\u00bb4vw\u00bb global_colors_info=\u00bb{}\u00bb]<\/p>\n<h2>Habilidades laborales<\/h2>\n<p>[\/et_pb_text][et_pb_text _builder_version=\u00bb4.27.0&#8243; _module_preset=\u00bbdefault\u00bb header_3_font=\u00bb&#8211;et_global_heading_font||||||||\u00bb header_3_line_height=\u00bb3em\u00bb custom_margin=\u00bb0px||||false|false\u00bb global_colors_info=\u00bb{}\u00bb]<\/p>\n<p><b>Ingl\u00e9s<\/b><br \/>Dado que el turismo es la principal industria en nuestra \u00e1rea, nos esforzamos por garantizar que la fuerza laboral local est\u00e9 capacitada para encontrar empleo. La fluidez en ingl\u00e9s es una de las principales competencias requeridas por los empleadores locales.<\/p>\n<p>Nuestros programas innovadores aseguran que nuestros estudiantes adquieran las habilidades necesarias para ser competitivos en el mercado laboral local. M\u00e1s de 60 j\u00f3venes y adultos est\u00e1n aprendiendo ingl\u00e9s utilizando las plataforma NEO.<\/p>\n<p><b>Neo<\/b> Es una soluci\u00f3n multimedia de aprendizaje del ingl\u00e9s que utiliza una metodolog\u00eda basada en la neurociencia para lograr un aprendizaje similar al nativo en menos tiempo que cualquier otro sistema del mercado actual, garantizando resultados reales. Utiliza un sistema de Inteligencia Artificial integrado con reconocimiento de voz dentro de su programaci\u00f3n, proporcionando al estudiante contenido apropiado a su nivel y permitiendo alcanzar metas de aprendizaje natural del ingl\u00e9s. Fue dise\u00f1ado para trabajar de manera alterna, combinando la plataforma con la interacci\u00f3n de un profesor.<br \/>Los niveles de certificaci\u00f3n de Neo se alinean con el <b>Marco Com\u00fan Europeo de Referencia para las Lenguas (MCER)<\/b> e incluyen 11 niveles: PreA1, A1, A1+, A2, A2+, B1, B1+, B2, B2+, C1 y C1-Bridge, con certificados extendidos y avalados por DynEd.<\/p>\n<p>&nbsp;<\/p>\n<p>[\/et_pb_text][\/et_pb_column][\/et_pb_row][\/et_pb_section][et_pb_section fb_built=\u00bb1&#8243; specialty=\u00bbon\u00bb _builder_version=\u00bb4.27.0&#8243; _module_preset=\u00bbdefault\u00bb global_colors_info=\u00bb{}\u00bb][et_pb_column type=\u00bb1_3&#8243; _builder_version=\u00bb4.16&#8243; custom_padding=\u00bb|||\u00bb global_colors_info=\u00bb{}\u00bb custom_padding__hover=\u00bb|||\u00bb][et_pb_image src=\u00bbhttps:\/\/www.futurobrillante.org\/wp-content\/uploads\/2025\/03\/PHOTO-2025-03-04-20-55-24.jpg\u00bb title_text=\u00bbPHOTO-2025-03-04-20-55-24&#8243; _builder_version=\u00bb4.27.0&#8243; _module_preset=\u00bbdefault\u00bb border_radii=\u00bbon|23px|23px|23px|23px\u00bb global_colors_info=\u00bb{}\u00bb][\/et_pb_image][\/et_pb_column][et_pb_column type=\u00bb2_3&#8243; specialty_columns=\u00bb2&#8243; _builder_version=\u00bb4.16&#8243; custom_padding=\u00bb|||\u00bb global_colors_info=\u00bb{}\u00bb custom_padding__hover=\u00bb|||\u00bb][et_pb_row_inner _builder_version=\u00bb4.27.0&#8243; _module_preset=\u00bbdefault\u00bb global_colors_info=\u00bb{}\u00bb][et_pb_column_inner saved_specialty_column_type=\u00bb2_3&#8243; _builder_version=\u00bb4.27.0&#8243; _module_preset=\u00bbdefault\u00bb global_colors_info=\u00bb{}\u00bb][et_pb_text _builder_version=\u00bb4.27.0&#8243; _module_preset=\u00bbf140e684-18f9-429f-ad6a-ff1253cdd6d7&#8243; header_2_font=\u00bb&#8211;et_global_heading_font|700|||||||\u00bb header_2_font_size=\u00bb4vw\u00bb global_colors_info=\u00bb{}\u00bb]<\/p>\n<h2><span>Alianzas escolares<\/span><\/h2>\n<p>[\/et_pb_text][et_pb_text _builder_version=\u00bb4.27.0&#8243; _module_preset=\u00bbdefault\u00bb header_3_font=\u00bb&#8211;et_global_heading_font||||||||\u00bb header_3_line_height=\u00bb3em\u00bb custom_margin=\u00bb0px||||false|false\u00bb global_colors_info=\u00bb{}\u00bb]<\/p>\n<h5>APOYO A ESCUELAS LOCALES<\/h5>\n<p>Brindamos apoyo a las escuelas primarias y secundarias locales a trav\u00e9s de una variedad de iniciativas y programas para ayudar a los estudiantes a alcanzar su m\u00e1ximo potencial.<\/p>\n<p>[\/et_pb_text][\/et_pb_column_inner][\/et_pb_row_inner][et_pb_row_inner column_structure=\u00bb1_3,1_3,1_3&#8243; _builder_version=\u00bb4.27.0&#8243; _module_preset=\u00bbdefault\u00bb custom_margin=\u00bb0px|0px|0px|0px|false|false\u00bb custom_padding=\u00bb0px|0px|0px|0px|false|false\u00bb global_colors_info=\u00bb{}\u00bb][et_pb_column_inner type=\u00bb1_3&#8243; saved_specialty_column_type=\u00bb2_3&#8243; _builder_version=\u00bb4.27.0&#8243; _module_preset=\u00bbdefault\u00bb global_colors_info=\u00bb{}\u00bb][et_pb_text _builder_version=\u00bb4.27.0&#8243; _module_preset=\u00bb587db032-7aca-4e16-80c8-ca9d32a3bbb2&#8243; header_font=\u00bb&#8211;et_global_heading_font||||||||\u00bb custom_margin=\u00bb||0px||false|false\u00bb locked=\u00bboff\u00bb global_colors_info=\u00bb{}\u00bb]<\/p>\n<h5>Beca de Transporte<\/h5>\n<p>[\/et_pb_text][et_pb_text _builder_version=\u00bb4.27.0&#8243; _module_preset=\u00bb3bfb6f30-b103-43f6-8d6e-324f49ad029b\u00bb text_font=\u00bb&#8211;et_global_body_font||||||||\u00bb locked=\u00bboff\u00bb global_colors_info=\u00bb{}\u00bb]15 estudiantes reciben una beca mensual para cubrir los costos de transporte hacia sus respectivas escuelas.[\/et_pb_text][\/et_pb_column_inner][et_pb_column_inner type=\u00bb1_3&#8243; saved_specialty_column_type=\u00bb2_3&#8243; _builder_version=\u00bb4.27.0&#8243; _module_preset=\u00bbdefault\u00bb global_colors_info=\u00bb{}\u00bb][et_pb_text _builder_version=\u00bb4.27.0&#8243; _module_preset=\u00bb587db032-7aca-4e16-80c8-ca9d32a3bbb2&#8243; custom_margin=\u00bb||0px||false|false\u00bb locked=\u00bboff\u00bb global_colors_info=\u00bb{}\u00bb]<\/p>\n<h5>Read-A-Thon<\/h5>\n<p>[\/et_pb_text][et_pb_text _builder_version=\u00bb4.27.0&#8243; _module_preset=\u00bb3bfb6f30-b103-43f6-8d6e-324f49ad029b\u00bb text_font=\u00bb&#8211;et_global_body_font||||||||\u00bb locked=\u00bboff\u00bb global_colors_info=\u00bb{}\u00bb]<\/p>\n<p>En alianza con la Costa Rica International Academy (CRIA) y gracias a las donaciones de los padres de familia, se entregaron un total de 1,116 libros a la Escuela de Matapalo (728 libros de texto\/182 paquetes de 4 libros) y a la Escuela de Garita Vieja (388 libros de texto\/97 paquetes de 4 libros).<\/p>\n<p>[\/et_pb_text][\/et_pb_column_inner][et_pb_column_inner type=\u00bb1_3&#8243; saved_specialty_column_type=\u00bb2_3&#8243; _builder_version=\u00bb4.27.0&#8243; _module_preset=\u00bbdefault\u00bb global_colors_info=\u00bb{}\u00bb][et_pb_text _builder_version=\u00bb4.27.0&#8243; _module_preset=\u00bb587db032-7aca-4e16-80c8-ca9d32a3bbb2&#8243; custom_margin=\u00bb||0px||false|false\u00bb locked=\u00bboff\u00bb global_colors_info=\u00bb{}\u00bb]<\/p>\n<h5>Club House 2024<\/h5>\n<p>[\/et_pb_text][et_pb_text _builder_version=\u00bb4.27.0&#8243; _module_preset=\u00bb3bfb6f30-b103-43f6-8d6e-324f49ad029b\u00bb text_font=\u00bb&#8211;et_global_body_font||||||||\u00bb locked=\u00bboff\u00bb global_colors_info=\u00bb{}\u00bb]<\/p>\n<p>Busca motivar a los j\u00f3venes del distrito de Cabo Velas a prepararse para las oportunidades laborales actuales, as\u00ed como brindarles herramientas para el desarrollo de habilidades psicosociales que contribuyan a la construcci\u00f3n de su proyecto de vida, a trav\u00e9s de actividades recreativas, art\u00edsticas y culturales. Al mismo tiempo, se enfoca en la prevenci\u00f3n de la violencia multifactorial, construyendo un ambiente educativo m\u00e1s integral y seguro.<\/p>\n<p>[\/et_pb_text][\/et_pb_column_inner][\/et_pb_row_inner][\/et_pb_column][\/et_pb_section][et_pb_section fb_built=\u00bb1&#8243; admin_label=\u00bbServices\u00bb _builder_version=\u00bb4.27.0&#8243; _module_preset=\u00bbdefault\u00bb background_color=\u00bb#313131&#8243; custom_padding=\u00bb23px|||||\u00bb collapsed=\u00bbon\u00bb global_colors_info=\u00bb{}\u00bb][et_pb_row _builder_version=\u00bb4.27.0&#8243; _module_preset=\u00bbdefault\u00bb global_colors_info=\u00bb{}\u00bb][et_pb_column type=\u00bb4_4&#8243; _builder_version=\u00bb4.27.0&#8243; _module_preset=\u00bbdefault\u00bb global_colors_info=\u00bb{}\u00bb][et_pb_gallery gallery_ids=\u00bb12202,12203,12204,12205,12206&#8243; fullwidth=\u00bbon\u00bb _builder_version=\u00bb4.27.0&#8243; _module_preset=\u00bbdefault\u00bb width=\u00bb70%\u00bb module_alignment=\u00bbcenter\u00bb global_colors_info=\u00bb{}\u00bb][\/et_pb_gallery][\/et_pb_column][\/et_pb_row][\/et_pb_section][et_pb_section fb_built=\u00bb1&#8243; admin_label=\u00bbFooter\u00bb _builder_version=\u00bb4.25.2&#8243; _module_preset=\u00bbe7c092b3-38e2-4263-b2f8-5bf7dc0d6328&#8243; saved_tabs=\u00bball\u00bb locked=\u00bboff\u00bb collapsed=\u00bbon\u00bb global_colors_info=\u00bb{}\u00bb][et_pb_row column_structure=\u00bb1_2,1_4,1_4&#8243; _builder_version=\u00bb4.25.1&#8243; _module_preset=\u00bbdefault\u00bb locked=\u00bboff\u00bb global_colors_info=\u00bb{}\u00bb][et_pb_column type=\u00bb1_2&#8243; _builder_version=\u00bb4.25.1&#8243; _module_preset=\u00bbdefault\u00bb global_colors_info=\u00bb{}\u00bb][et_pb_image src=\u00bbhttps:\/\/www.futurobrillante.org\/wp-content\/uploads\/2024\/08\/web.png\u00bb title_text=\u00bbweb\u00bb url=\u00bb@ET-DC@eyJkeW5hbWljIjp0cnVlLCJjb250ZW50IjoiaG9tZV91cmwiLCJzZXR0aW5ncyI6e319@\u00bb _builder_version=\u00bb4.27.0&#8243; _dynamic_attributes=\u00bburl\u00bb _module_preset=\u00bbdefault\u00bb max_height=\u00bb64px\u00bb custom_margin=\u00bb||20px||false|false\u00bb global_colors_info=\u00bb{}\u00bb][\/et_pb_image][et_pb_signup mailchimp_list=\u00bbfuturobrillante|031fd97595&#8243; first_name_field=\u00bboff\u00bb last_name_field=\u00bboff\u00bb title=\u00bbSuscr\u00edbete para Noticias y Actualizaciones\u00bb _builder_version=\u00bb4.27.0&#8243; _module_preset=\u00bb31542e08-08ae-4293-b7cb-2d1ce07a72a1&#8243; header_font=\u00bb&#8211;et_global_heading_font||||||||\u00bb form_field_font=\u00bb&#8211;et_global_body_font||||||||\u00bb button_text_color=\u00bb#FFFFFF\u00bb button_bg_color=\u00bb#f09520&#8243; button_font=\u00bb&#8211;et_global_body_font|700||on|||||\u00bb global_colors_info=\u00bb{}\u00bb][\/et_pb_signup][\/et_pb_column][et_pb_column type=\u00bb1_4&#8243; _builder_version=\u00bb4.25.1&#8243; _module_preset=\u00bbdefault\u00bb global_colors_info=\u00bb{}\u00bb][et_pb_heading title=\u00bbLINKS\u00bb _builder_version=\u00bb4.27.0&#8243; _module_preset=\u00bbd69464aa-c3db-4735-be08-08c56ba13abf\u00bb title_font=\u00bb&#8211;et_global_heading_font||||||||\u00bb title_text_color=\u00bb#FFFFFF\u00bb custom_margin=\u00bb||10px||false|false\u00bb locked=\u00bboff\u00bb global_colors_info=\u00bb{}\u00bb][\/et_pb_heading][et_pb_text _builder_version=\u00bb4.27.0&#8243; _module_preset=\u00bb3ae861ea-5e94-4024-95d0-5a550003f50a\u00bb text_font=\u00bb&#8211;et_global_body_font||||||||\u00bb custom_margin=\u00bb||8px||false|false\u00bb]<\/p>\n<p><a href=\"#\">Inicio<\/a><\/p>\n<p>[\/et_pb_text][et_pb_text _builder_version=\u00bb4.27.0&#8243; _module_preset=\u00bb3ae861ea-5e94-4024-95d0-5a550003f50a\u00bb text_font=\u00bb&#8211;et_global_body_font||||||||\u00bb custom_margin=\u00bb||8px||false|false\u00bb]<\/p>\n<p><a href=\"#\">Nosotros<\/a><\/p>\n<p>[\/et_pb_text][et_pb_text _builder_version=\u00bb4.27.0&#8243; _module_preset=\u00bb3ae861ea-5e94-4024-95d0-5a550003f50a\u00bb text_font=\u00bb&#8211;et_global_body_font||||||||\u00bb custom_margin=\u00bb||8px||false|false\u00bb]<\/p>\n<p><a href=\"#\">Contacto<\/a><\/p>\n<p>[\/et_pb_text][et_pb_text _builder_version=\u00bb4.27.0&#8243; _module_preset=\u00bb3ae861ea-5e94-4024-95d0-5a550003f50a\u00bb text_font=\u00bb&#8211;et_global_body_font||||||||\u00bb custom_margin=\u00bb||8px||false|false\u00bb]<\/p>\n<p><a href=\"https:\/\/www.futurobrillante.org\/es\/category\/ultimas-noticias\/\">\u00daltimas noticias<\/a><\/p>\n<p>[\/et_pb_text][et_pb_text _builder_version=\u00bb4.27.0&#8243; _module_preset=\u00bb3ae861ea-5e94-4024-95d0-5a550003f50a\u00bb text_font=\u00bb&#8211;et_global_body_font||||||||\u00bb custom_margin=\u00bb||8px||false|false\u00bb]<\/p>\n<p><a href=\"#\">Donar<\/a><\/p>\n<p>[\/et_pb_text][\/et_pb_column][et_pb_column type=\u00bb1_4&#8243; _builder_version=\u00bb4.25.1&#8243; _module_preset=\u00bbdefault\u00bb global_colors_info=\u00bb{}\u00bb][et_pb_heading title=\u00bbPROGRAMS\u00bb _builder_version=\u00bb4.27.0&#8243; _module_preset=\u00bbd69464aa-c3db-4735-be08-08c56ba13abf\u00bb title_font=\u00bb&#8211;et_global_heading_font||||||||\u00bb title_text_color=\u00bb#FFFFFF\u00bb custom_margin=\u00bb||8px||false|false\u00bb locked=\u00bboff\u00bb global_colors_info=\u00bb{}\u00bb][\/et_pb_heading][et_pb_text _builder_version=\u00bb4.27.0&#8243; _module_preset=\u00bb3ae861ea-5e94-4024-95d0-5a550003f50a\u00bb text_font=\u00bb&#8211;et_global_body_font||||||||\u00bb custom_margin=\u00bb||8px||false|false\u00bb link_option_url=\u00bbhttps:\/\/www.futurobrillante.org\/es\/que-hacemos\/educacion-y-formacion-tecnica\/\u00bb locked=\u00bboff\u00bb]Educaci\u00f3n y Formaci\u00f3n T\u00e9cnica[\/et_pb_text][et_pb_text _builder_version=\u00bb4.27.0&#8243; _module_preset=\u00bb3ae861ea-5e94-4024-95d0-5a550003f50a\u00bb text_font=\u00bb&#8211;et_global_body_font||||||||\u00bb custom_margin=\u00bb||8px||false|false\u00bb link_option_url=\u00bbhttps:\/\/www.futurobrillante.org\/es\/que-hacemos\/empoderamiento-economico\/\u00bb locked=\u00bboff\u00bb]Empoderamiento Econ\u00f3mico[\/et_pb_text][et_pb_text _builder_version=\u00bb4.27.0&#8243; _module_preset=\u00bb3ae861ea-5e94-4024-95d0-5a550003f50a\u00bb text_font=\u00bb&#8211;et_global_body_font||||||||\u00bb custom_margin=\u00bb||5px||false|false\u00bb link_option_url=\u00bbhttps:\/\/www.futurobrillante.org\/es\/?page_id=10428&#8243; locked=\u00bboff\u00bb]Bienestar Comunitario[\/et_pb_text][et_pb_button button_url=\u00bbhttps:\/\/www.futurobrillante.org\/es\/donar\/\u00bb button_text=\u00bbDonar\u00bb _builder_version=\u00bb4.27.0&#8243; _module_preset=\u00bb650b6ee9-6b80-4950-93dc-5b73171be3f2&#8243; button_font=\u00bb&#8211;et_global_body_font|700||on|||||\u00bb custom_margin=\u00bb30px||16px||false|false\u00bb][\/et_pb_button][et_pb_button button_url=\u00bbhttps:\/\/www.futurobrillante.org\/es\/unete-2\/\u00bb button_text=\u00bbHazte voluntario\u00bb _builder_version=\u00bb4.27.0&#8243; _module_preset=\u00bb0acb6d53-050f-477e-9651-333be9ada2bb\u00bb button_font=\u00bb&#8211;et_global_body_font|700||on|||||\u00bb global_colors_info=\u00bb{}\u00bb][\/et_pb_button][\/et_pb_column][\/et_pb_row][\/et_pb_section]<\/p>\n","protected":false},"excerpt":{"rendered":"<p>Alianzas educativasFuturo Brillante ha sido un orgulloso Centro de Colaboraci\u00f3n oficial del Instituto Nacional de Aprendizaje (INA) de Costa Rica desde 2019, ofreciendo cursos de manera regular. Habilidades laboralesIngl\u00e9sDado que el turismo es la principal industria en nuestra \u00e1rea, nos esforzamos por garantizar que la fuerza laboral local est\u00e9 capacitada para encontrar empleo. La fluidez [&hellip;]<\/p>\n","protected":false},"author":1,"featured_media":0,"parent":10372,"menu_order":0,"comment_status":"closed","ping_status":"closed","template":"","meta":{"_et_pb_use_builder":"on","_et_pb_old_content":"","_et_gb_content_width":"","footnotes":""},"class_list":["post-10384","page","type-page","status-publish","hentry"],"yoast_head":"<!-- This site is optimized with the Yoast SEO plugin v23.3 - https:\/\/yoast.com\/wordpress\/plugins\/seo\/ -->\n<title>Educaci\u00f3n y Formaci\u00f3n T\u00e9cnica - Futuro Brillante<\/title>\n<meta name=\"robots\" content=\"index, follow, max-snippet:-1, max-image-preview:large, max-video-preview:-1\" \/>\n<link rel=\"canonical\" href=\"https:\/\/www.futurobrillante.org\/es\/que-hacemos\/educacion-y-formacion-tecnica\/\" \/>\n<meta property=\"og:locale\" content=\"es_ES\" \/>\n<meta property=\"og:type\" content=\"article\" \/>\n<meta property=\"og:title\" content=\"Educaci\u00f3n y Formaci\u00f3n T\u00e9cnica - Futuro Brillante\" \/>\n<meta property=\"og:description\" content=\"Alianzas educativasFuturo Brillante ha sido un orgulloso Centro de Colaboraci\u00f3n oficial del Instituto Nacional de Aprendizaje (INA) de Costa Rica desde 2019, ofreciendo cursos de manera regular. Habilidades laboralesIngl\u00e9sDado que el turismo es la principal industria en nuestra \u00e1rea, nos esforzamos por garantizar que la fuerza laboral local est\u00e9 capacitada para encontrar empleo. La fluidez [&hellip;]\" \/>\n<meta property=\"og:url\" content=\"https:\/\/www.futurobrillante.org\/es\/que-hacemos\/educacion-y-formacion-tecnica\/\" \/>\n<meta property=\"og:site_name\" content=\"Futuro Brillante\" \/>\n<meta property=\"article:modified_time\" content=\"2025-06-09T12:27:22+00:00\" \/>\n<meta name=\"twitter:card\" content=\"summary_large_image\" \/>\n<meta name=\"twitter:label1\" content=\"Tiempo de lectura\" \/>\n\t<meta name=\"twitter:data1\" content=\"11 minutos\" \/>\n<script type=\"application\/ld+json\" class=\"yoast-schema-graph\">{\"@context\":\"https:\/\/schema.org\",\"@graph\":[{\"@type\":\"WebPage\",\"@id\":\"https:\/\/www.futurobrillante.org\/es\/que-hacemos\/educacion-y-formacion-tecnica\/\",\"url\":\"https:\/\/www.futurobrillante.org\/es\/que-hacemos\/educacion-y-formacion-tecnica\/\",\"name\":\"Educaci\u00f3n y Formaci\u00f3n T\u00e9cnica - Futuro Brillante\",\"isPartOf\":{\"@id\":\"https:\/\/www.futurobrillante.org\/#website\"},\"datePublished\":\"2020-11-04T18:28:50+00:00\",\"dateModified\":\"2025-06-09T12:27:22+00:00\",\"breadcrumb\":{\"@id\":\"https:\/\/www.futurobrillante.org\/es\/que-hacemos\/educacion-y-formacion-tecnica\/#breadcrumb\"},\"inLanguage\":\"es\",\"potentialAction\":[{\"@type\":\"ReadAction\",\"target\":[\"https:\/\/www.futurobrillante.org\/es\/que-hacemos\/educacion-y-formacion-tecnica\/\"]}]},{\"@type\":\"BreadcrumbList\",\"@id\":\"https:\/\/www.futurobrillante.org\/es\/que-hacemos\/educacion-y-formacion-tecnica\/#breadcrumb\",\"itemListElement\":[{\"@type\":\"ListItem\",\"position\":1,\"name\":\"Home\",\"item\":\"https:\/\/www.futurobrillante.org\/es\/\"},{\"@type\":\"ListItem\",\"position\":2,\"name\":\"Qu\u00e9 hacemos\",\"item\":\"https:\/\/www.futurobrillante.org\/es\/que-hacemos\/\"},{\"@type\":\"ListItem\",\"position\":3,\"name\":\"Educaci\u00f3n y Formaci\u00f3n T\u00e9cnica\"}]},{\"@type\":\"WebSite\",\"@id\":\"https:\/\/www.futurobrillante.org\/#website\",\"url\":\"https:\/\/www.futurobrillante.org\/\",\"name\":\"Futuro Brillante\",\"description\":\"enriqueciendo vidas para un futuro brillante\",\"potentialAction\":[{\"@type\":\"SearchAction\",\"target\":{\"@type\":\"EntryPoint\",\"urlTemplate\":\"https:\/\/www.futurobrillante.org\/?s={search_term_string}\"},\"query-input\":\"required name=search_term_string\"}],\"inLanguage\":\"es\"}]}<\/script>\n<!-- \/ Yoast SEO plugin. -->","yoast_head_json":{"title":"Educaci\u00f3n y Formaci\u00f3n T\u00e9cnica - Futuro Brillante","robots":{"index":"index","follow":"follow","max-snippet":"max-snippet:-1","max-image-preview":"max-image-preview:large","max-video-preview":"max-video-preview:-1"},"canonical":"https:\/\/www.futurobrillante.org\/es\/que-hacemos\/educacion-y-formacion-tecnica\/","og_locale":"es_ES","og_type":"article","og_title":"Educaci\u00f3n y Formaci\u00f3n T\u00e9cnica - Futuro Brillante","og_description":"Alianzas educativasFuturo Brillante ha sido un orgulloso Centro de Colaboraci\u00f3n oficial del Instituto Nacional de Aprendizaje (INA) de Costa Rica desde 2019, ofreciendo cursos de manera regular. Habilidades laboralesIngl\u00e9sDado que el turismo es la principal industria en nuestra \u00e1rea, nos esforzamos por garantizar que la fuerza laboral local est\u00e9 capacitada para encontrar empleo. La fluidez [&hellip;]","og_url":"https:\/\/www.futurobrillante.org\/es\/que-hacemos\/educacion-y-formacion-tecnica\/","og_site_name":"Futuro Brillante","article_modified_time":"2025-06-09T12:27:22+00:00","twitter_card":"summary_large_image","twitter_misc":{"Tiempo de lectura":"11 minutos"},"schema":{"@context":"https:\/\/schema.org","@graph":[{"@type":"WebPage","@id":"https:\/\/www.futurobrillante.org\/es\/que-hacemos\/educacion-y-formacion-tecnica\/","url":"https:\/\/www.futurobrillante.org\/es\/que-hacemos\/educacion-y-formacion-tecnica\/","name":"Educaci\u00f3n y Formaci\u00f3n T\u00e9cnica - Futuro Brillante","isPartOf":{"@id":"https:\/\/www.futurobrillante.org\/#website"},"datePublished":"2020-11-04T18:28:50+00:00","dateModified":"2025-06-09T12:27:22+00:00","breadcrumb":{"@id":"https:\/\/www.futurobrillante.org\/es\/que-hacemos\/educacion-y-formacion-tecnica\/#breadcrumb"},"inLanguage":"es","potentialAction":[{"@type":"ReadAction","target":["https:\/\/www.futurobrillante.org\/es\/que-hacemos\/educacion-y-formacion-tecnica\/"]}]},{"@type":"BreadcrumbList","@id":"https:\/\/www.futurobrillante.org\/es\/que-hacemos\/educacion-y-formacion-tecnica\/#breadcrumb","itemListElement":[{"@type":"ListItem","position":1,"name":"Home","item":"https:\/\/www.futurobrillante.org\/es\/"},{"@type":"ListItem","position":2,"name":"Qu\u00e9 hacemos","item":"https:\/\/www.futurobrillante.org\/es\/que-hacemos\/"},{"@type":"ListItem","position":3,"name":"Educaci\u00f3n y Formaci\u00f3n T\u00e9cnica"}]},{"@type":"WebSite","@id":"https:\/\/www.futurobrillante.org\/#website","url":"https:\/\/www.futurobrillante.org\/","name":"Futuro Brillante","description":"enriqueciendo vidas para un futuro brillante","potentialAction":[{"@type":"SearchAction","target":{"@type":"EntryPoint","urlTemplate":"https:\/\/www.futurobrillante.org\/?s={search_term_string}"},"query-input":"required name=search_term_string"}],"inLanguage":"es"}]}},"_links":{"self":[{"href":"https:\/\/www.futurobrillante.org\/es\/wp-json\/wp\/v2\/pages\/10384"}],"collection":[{"href":"https:\/\/www.futurobrillante.org\/es\/wp-json\/wp\/v2\/pages"}],"about":[{"href":"https:\/\/www.futurobrillante.org\/es\/wp-json\/wp\/v2\/types\/page"}],"author":[{"embeddable":true,"href":"https:\/\/www.futurobrillante.org\/es\/wp-json\/wp\/v2\/users\/1"}],"replies":[{"embeddable":true,"href":"https:\/\/www.futurobrillante.org\/es\/wp-json\/wp\/v2\/comments?post=10384"}],"version-history":[{"count":26,"href":"https:\/\/www.futurobrillante.org\/es\/wp-json\/wp\/v2\/pages\/10384\/revisions"}],"predecessor-version":[{"id":12833,"href":"https:\/\/www.futurobrillante.org\/es\/wp-json\/wp\/v2\/pages\/10384\/revisions\/12833"}],"up":[{"embeddable":true,"href":"https:\/\/www.futurobrillante.org\/es\/wp-json\/wp\/v2\/pages\/10372"}],"wp:attachment":[{"href":"https:\/\/www.futurobrillante.org\/es\/wp-json\/wp\/v2\/media?parent=10384"}],"curies":[{"name":"wp","href":"https:\/\/api.w.org\/{rel}","templated":true}]}}