{"id":10372,"date":"2020-11-24T11:07:07","date_gmt":"2020-11-24T17:07:07","guid":{"rendered":"https:\/\/www.futurobrillante.org\/what_nov2020-copy\/"},"modified":"2025-03-18T13:56:39","modified_gmt":"2025-03-18T19:56:39","slug":"que-hacemos","status":"publish","type":"page","link":"https:\/\/www.futurobrillante.org\/es\/que-hacemos\/","title":{"rendered":"Qu\u00e9 hacemos"},"content":{"rendered":"<p>[et_pb_section fb_built=\u00bb1&#8243; disabled_on=\u00bboff|off|off\u00bb admin_label=\u00bbCall to Action\u00bb _builder_version=\u00bb4.27.0&#8243; _module_preset=\u00bb48042fbb-0529-4eb1-bbbd-1c9f5518db7c\u00bb background_enable_color=\u00bboff\u00bb background_image=\u00bbhttps:\/\/www.futurobrillante.org\/wp-content\/uploads\/2024\/11\/banner_what_we_do-scaled.jpg\u00bb parallax=\u00bbon\u00bb background_blend=\u00bbscreen\u00bb custom_margin=\u00bb||||false\u00bb custom_padding=\u00bb8vw||8vw||true|false\u00bb collapsed=\u00bbon\u00bb global_colors_info=\u00bb{}\u00bb][et_pb_row _builder_version=\u00bb4.27.0&#8243; _module_preset=\u00bbdefault\u00bb global_colors_info=\u00bb{}\u00bb][et_pb_column type=\u00bb4_4&#8243; _builder_version=\u00bb4.27.0&#8243; _module_preset=\u00bb170c03cd-bf00-4cd7-b4fd-8e3ef8dd2274&#8243; background_color=\u00bbRGBA(255,255,255,0)\u00bb global_colors_info=\u00bb{}\u00bb][et_pb_heading title=\u00bbExplora c\u00f3mo empoderamos vidas y comunidades.\u00bb _builder_version=\u00bb4.27.0&#8243; _module_preset=\u00bbf1f12d1f-2ef6-44f1-a02c-66459de4bbc7&#8243; title_level=\u00bbh1&#8243; title_font=\u00bb&#8211;et_global_heading_font||||||||\u00bb title_text_align=\u00bbcenter\u00bb title_text_color=\u00bb#FFFFFF\u00bb title_font_size=\u00bb55px\u00bb custom_margin=\u00bb||10px||false|false\u00bb global_colors_info=\u00bb{}\u00bb][\/et_pb_heading][et_pb_text disabled_on=\u00bbon|on|on\u00bb _builder_version=\u00bb4.27.0&#8243; _module_preset=\u00bb3ae861ea-5e94-4024-95d0-5a550003f50a\u00bb text_font=\u00bb&#8211;et_global_body_font||||||||\u00bb text_orientation=\u00bbcenter\u00bb disabled=\u00bbon\u00bb global_colors_info=\u00bb{}\u00bb]Discover how we\u2019re transforming lives through education, economic empowerment, and community development. Explore what we do to create opportunities and build a brighter, more sustainable future for all.[\/et_pb_text][et_pb_button button_text=\u00bbDonar ahora\u00bb button_alignment=\u00bbcenter\u00bb _builder_version=\u00bb4.25.1&#8243; _module_preset=\u00bb650b6ee9-6b80-4950-93dc-5b73171be3f2&#8243; global_colors_info=\u00bb{}\u00bb][\/et_pb_button][\/et_pb_column][\/et_pb_row][\/et_pb_section][et_pb_section fb_built=\u00bb1&#8243; admin_label=\u00bbAbout\u00bb _builder_version=\u00bb4.25.2&#8243; _module_preset=\u00bbdefault\u00bb background_color=\u00bbgcid-b6c4f12c-f25d-4f61-9fb1-6e96404634cd\u00bb global_colors_info=\u00bb{%22gcid-b6c4f12c-f25d-4f61-9fb1-6e96404634cd%22:%91%22background_color%22%93}\u00bb][et_pb_row column_structure=\u00bb1_2,1_2&#8243; _builder_version=\u00bb4.25.2&#8243; _module_preset=\u00bbf24b22ea-04e2-4c68-a282-c8e76cee472c\u00bb global_colors_info=\u00bb{}\u00bb][et_pb_column type=\u00bb1_2&#8243; _builder_version=\u00bb4.25.2&#8243; _module_preset=\u00bbdefault\u00bb global_colors_info=\u00bb{}\u00bb][et_pb_heading title=\u00bbQUE HACEMOS\u00bb _builder_version=\u00bb4.27.0&#8243; _module_preset=\u00bbb2dd7d5f-6aec-48fa-a03e-34284a0b0985&#8243; title_font=\u00bb&#8211;et_global_heading_font|700||on|||||\u00bb title_text_color=\u00bbgcid-b70c6ec4-3d09-43b5-80df-154e6e990bf3&#8243; global_colors_info=\u00bb{%22gcid-b70c6ec4-3d09-43b5-80df-154e6e990bf3%22:%91%22title_text_color%22%93}\u00bb][\/et_pb_heading][et_pb_heading title=\u00bbNuestro trabajo est\u00e1 guiado por tres pilares estrat\u00e9gicos\u00bb _builder_version=\u00bb4.27.0&#8243; _module_preset=\u00bb89f111d7-f606-42f2-b6a5-f47948fee733&#8243; title_font=\u00bb&#8211;et_global_heading_font||||||||\u00bb global_colors_info=\u00bb{}\u00bb][\/et_pb_heading][et_pb_accordion _builder_version=\u00bb4.27.0&#8243; _module_preset=\u00bbba1f5069-7959-40b5-937b-367aa8ca02c3&#8243; global_colors_info=\u00bb{%22gcid-53054839-b83d-4ef0-8659-8a010e6148fd%22:%91%22toggle_text_color%22,%22open_toggle_text_color%22%93}\u00bb][et_pb_accordion_item title=\u00bbEducaci\u00f3n y formaci\u00f3n t\u00e9cnica\u00bb open=\u00bbon\u00bb _builder_version=\u00bb4.27.0&#8243; _module_preset=\u00bbd7767fed-d127-4944-b031-fbeddc7646b6&#8243; body_font=\u00bb&#8211;et_global_body_font||||||||\u00bb global_colors_info=\u00bb{}\u00bb toggle_font=\u00bb&#8211;et_global_heading_font||||||||\u00bb]<\/p>\n<p>Nuestras iniciativas de educaci\u00f3n y capacitaci\u00f3n t\u00e9cnica preparan a las personas para unirse a la fuerza laboral local.<\/p>\n<p><a href=\"https:\/\/www.futurobrillante.org\/es\/que-hacemos\/educacion-y-formacion-tecnica\/\">Leer m\u00e1s<\/a>[\/et_pb_accordion_item][et_pb_accordion_item title=\u00bbEmpoderamiento econ\u00f3mico\u00bb _builder_version=\u00bb4.27.0&#8243; _module_preset=\u00bbd7767fed-d127-4944-b031-fbeddc7646b6&#8243; body_font=\u00bb&#8211;et_global_body_font||||||||\u00bb global_colors_info=\u00bb{}\u00bb toggle_font=\u00bb&#8211;et_global_heading_font||||||||\u00bb open=\u00bboff\u00bb]<\/p>\n<p>Apoyamos a los emprendedores locales a trav\u00e9s de una amplia gama de iniciativas innovadoras para ayudarlos a alcanzar su m\u00e1ximo potencial econ\u00f3mico.<\/p>\n<p><a href=\"https:\/\/www.futurobrillante.org\/es\/que-hacemos\/empoderamiento-economico\/\">Leer m\u00e1s<\/a>[\/et_pb_accordion_item][et_pb_accordion_item title=\u00bbBienestar Comunitario\u00bb _builder_version=\u00bb4.27.0&#8243; _module_preset=\u00bbd7767fed-d127-4944-b031-fbeddc7646b6&#8243; body_font=\u00bb&#8211;et_global_body_font||||||||\u00bb global_colors_info=\u00bb{}\u00bb toggle_font=\u00bb&#8211;et_global_heading_font||||||||\u00bb open=\u00bboff\u00bb]<\/p>\n<p>En alianza con organizaciones comunitarias, instituciones p\u00fablicas y privadas, ofrecemos oportunidades para el desarrollo integral de la poblaci\u00f3n, de manera sostenible y equitativa, con especial \u00e9nfasis en las personas m\u00e1s vulnerables.<\/p>\n<p><a href=\"https:\/\/www.futurobrillante.org\/es\/que-hacemos\/desarrollo-comunitario\/\">Leer m\u00e1s<\/a>[\/et_pb_accordion_item][\/et_pb_accordion][\/et_pb_column][et_pb_column type=\u00bb1_2&#8243; _builder_version=\u00bb4.25.2&#8243; _module_preset=\u00bbdefault\u00bb global_colors_info=\u00bb{}\u00bb][et_pb_image src=\u00bbhttps:\/\/www.futurobrillante.org\/wp-content\/uploads\/2024\/11\/huerta.jpg\u00bb title_text=\u00bbhuerta\u00bb _builder_version=\u00bb4.27.0&#8243; _module_preset=\u00bbdefault\u00bb global_colors_info=\u00bb{}\u00bb][\/et_pb_image][\/et_pb_column][\/et_pb_row][\/et_pb_section][et_pb_section fb_built=\u00bb1&#8243; admin_label=\u00bbFooter\u00bb _builder_version=\u00bb4.25.2&#8243; _module_preset=\u00bbe7c092b3-38e2-4263-b2f8-5bf7dc0d6328&#8243; saved_tabs=\u00bball\u00bb locked=\u00bboff\u00bb collapsed=\u00bbon\u00bb global_colors_info=\u00bb{}\u00bb][et_pb_row column_structure=\u00bb1_2,1_4,1_4&#8243; _builder_version=\u00bb4.25.1&#8243; _module_preset=\u00bbdefault\u00bb locked=\u00bboff\u00bb global_colors_info=\u00bb{}\u00bb][et_pb_column type=\u00bb1_2&#8243; _builder_version=\u00bb4.25.1&#8243; _module_preset=\u00bbdefault\u00bb global_colors_info=\u00bb{}\u00bb][et_pb_image src=\u00bbhttps:\/\/www.futurobrillante.org\/wp-content\/uploads\/2024\/08\/web.png\u00bb title_text=\u00bbweb\u00bb url=\u00bb@ET-DC@eyJkeW5hbWljIjp0cnVlLCJjb250ZW50IjoiaG9tZV91cmwiLCJzZXR0aW5ncyI6e319@\u00bb _builder_version=\u00bb4.27.0&#8243; _dynamic_attributes=\u00bburl\u00bb _module_preset=\u00bbdefault\u00bb max_height=\u00bb64px\u00bb custom_margin=\u00bb||20px||false|false\u00bb global_colors_info=\u00bb{}\u00bb][\/et_pb_image][et_pb_signup mailchimp_list=\u00bbundefined|undefined|\u00bb first_name_field=\u00bboff\u00bb last_name_field=\u00bboff\u00bb title=\u00bbSuscr\u00edbete para Noticias y Actualizaciones\u00bb _builder_version=\u00bb4.27.0&#8243; _module_preset=\u00bb31542e08-08ae-4293-b7cb-2d1ce07a72a1&#8243; header_font=\u00bb&#8211;et_global_heading_font||||||||\u00bb form_field_font=\u00bb&#8211;et_global_body_font||||||||\u00bb button_text_color=\u00bb#FFFFFF\u00bb button_bg_color=\u00bb#f09520&#8243; button_font=\u00bb&#8211;et_global_body_font|700||on|||||\u00bb global_colors_info=\u00bb{}\u00bb][\/et_pb_signup][\/et_pb_column][et_pb_column type=\u00bb1_4&#8243; _builder_version=\u00bb4.25.1&#8243; _module_preset=\u00bbdefault\u00bb global_colors_info=\u00bb{}\u00bb][et_pb_heading title=\u00bbLINKS\u00bb _builder_version=\u00bb4.27.0&#8243; _module_preset=\u00bbd69464aa-c3db-4735-be08-08c56ba13abf\u00bb title_font=\u00bb&#8211;et_global_heading_font||||||||\u00bb title_text_color=\u00bb#FFFFFF\u00bb custom_margin=\u00bb||10px||false|false\u00bb hover_enabled=\u00bb0&#8243; locked=\u00bboff\u00bb global_colors_info=\u00bb{}\u00bb sticky_enabled=\u00bb0&#8243;][\/et_pb_heading][et_pb_text _builder_version=\u00bb4.27.0&#8243; _module_preset=\u00bb3ae861ea-5e94-4024-95d0-5a550003f50a\u00bb text_font=\u00bb&#8211;et_global_body_font||||||||\u00bb custom_margin=\u00bb||8px||false|false\u00bb]<\/p>\n<p><a href=\"#\">Inicio<\/a><\/p>\n<p>[\/et_pb_text][et_pb_text _builder_version=\u00bb4.27.0&#8243; _module_preset=\u00bb3ae861ea-5e94-4024-95d0-5a550003f50a\u00bb text_font=\u00bb&#8211;et_global_body_font||||||||\u00bb custom_margin=\u00bb||8px||false|false\u00bb]<\/p>\n<p><a href=\"#\">Nosotros<\/a><\/p>\n<p>[\/et_pb_text][et_pb_text _builder_version=\u00bb4.27.0&#8243; _module_preset=\u00bb3ae861ea-5e94-4024-95d0-5a550003f50a\u00bb text_font=\u00bb&#8211;et_global_body_font||||||||\u00bb custom_margin=\u00bb||8px||false|false\u00bb]<\/p>\n<p><a href=\"#\">Contacto<\/a><\/p>\n<p>[\/et_pb_text][et_pb_text _builder_version=\u00bb4.27.0&#8243; _module_preset=\u00bb3ae861ea-5e94-4024-95d0-5a550003f50a\u00bb text_font=\u00bb&#8211;et_global_body_font||||||||\u00bb custom_margin=\u00bb||8px||false|false\u00bb]<\/p>\n<p><a href=\"#\">Blog<\/a><\/p>\n<p>[\/et_pb_text][et_pb_text _builder_version=\u00bb4.27.0&#8243; _module_preset=\u00bb3ae861ea-5e94-4024-95d0-5a550003f50a\u00bb text_font=\u00bb&#8211;et_global_body_font||||||||\u00bb custom_margin=\u00bb||8px||false|false\u00bb]<\/p>\n<p><a href=\"#\">Donar<\/a><\/p>\n<p>[\/et_pb_text][\/et_pb_column][et_pb_column type=\u00bb1_4&#8243; _builder_version=\u00bb4.25.1&#8243; _module_preset=\u00bbdefault\u00bb global_colors_info=\u00bb{}\u00bb][et_pb_heading title=\u00bbPROGRAMAS\u00bb _builder_version=\u00bb4.27.0&#8243; _module_preset=\u00bbd69464aa-c3db-4735-be08-08c56ba13abf\u00bb title_font=\u00bb&#8211;et_global_heading_font||||||||\u00bb title_text_color=\u00bb#FFFFFF\u00bb custom_margin=\u00bb||8px||false|false\u00bb locked=\u00bboff\u00bb global_colors_info=\u00bb{}\u00bb][\/et_pb_heading][et_pb_text _builder_version=\u00bb4.27.0&#8243; _module_preset=\u00bb3ae861ea-5e94-4024-95d0-5a550003f50a\u00bb text_font=\u00bb&#8211;et_global_body_font||||||||\u00bb custom_margin=\u00bb||8px||false|false\u00bb link_option_url=\u00bbhttps:\/\/www.futurobrillante.org\/es\/que-hacemos\/educacion-y-formacion-tecnica\/\u00bb locked=\u00bboff\u00bb]Educaci\u00f3n y Formaci\u00f3n T\u00e9cnica[\/et_pb_text][et_pb_text _builder_version=\u00bb4.27.0&#8243; _module_preset=\u00bb3ae861ea-5e94-4024-95d0-5a550003f50a\u00bb text_font=\u00bb&#8211;et_global_body_font||||||||\u00bb custom_margin=\u00bb||8px||false|false\u00bb link_option_url=\u00bbhttps:\/\/www.futurobrillante.org\/es\/que-hacemos\/empoderamiento-economico\/\u00bb locked=\u00bboff\u00bb]Empoderamiento Econ\u00f3mico[\/et_pb_text][et_pb_text _builder_version=\u00bb4.27.0&#8243; _module_preset=\u00bb3ae861ea-5e94-4024-95d0-5a550003f50a\u00bb text_font=\u00bb&#8211;et_global_body_font||||||||\u00bb custom_margin=\u00bb||5px||false|false\u00bb link_option_url=\u00bbhttps:\/\/www.futurobrillante.org\/es\/que-hacemos\/desarrollo-comunitario\/\u00bb locked=\u00bboff\u00bb]Bienestar Comunitario[\/et_pb_text][et_pb_button button_text=\u00bbDonar\u00bb _builder_version=\u00bb4.27.0&#8243; _module_preset=\u00bb650b6ee9-6b80-4950-93dc-5b73171be3f2&#8243; button_font=\u00bb&#8211;et_global_body_font|700||on|||||\u00bb custom_margin=\u00bb30px||16px||false|false\u00bb][\/et_pb_button][et_pb_button button_text=\u00bbHazte Voluntario\u00bb _builder_version=\u00bb4.27.0&#8243; _module_preset=\u00bb0acb6d53-050f-477e-9651-333be9ada2bb\u00bb button_font=\u00bb&#8211;et_global_body_font|700||on|||||\u00bb global_colors_info=\u00bb{}\u00bb][\/et_pb_button][\/et_pb_column][\/et_pb_row][\/et_pb_section]<\/p>\n","protected":false},"excerpt":{"rendered":"<p>Discover how we\u2019re transforming lives through education, economic empowerment, and community development. Explore what we do to create opportunities and build a brighter, more sustainable future for all.Nuestras iniciativas de educaci\u00f3n y capacitaci\u00f3n t\u00e9cnica preparan a las personas para unirse a la fuerza laboral local. Leer m\u00e1sApoyamos a los emprendedores locales a trav\u00e9s de una [&hellip;]<\/p>\n","protected":false},"author":1,"featured_media":0,"parent":0,"menu_order":2,"comment_status":"closed","ping_status":"closed","template":"","meta":{"_et_pb_use_builder":"on","_et_pb_old_content":"","_et_gb_content_width":"","footnotes":""},"class_list":["post-10372","page","type-page","status-publish","hentry"],"yoast_head":"<!-- This site is optimized with the Yoast SEO plugin v23.3 - https:\/\/yoast.com\/wordpress\/plugins\/seo\/ -->\n<title>Qu\u00e9 hacemos - Futuro Brillante<\/title>\n<meta name=\"robots\" content=\"index, follow, max-snippet:-1, max-image-preview:large, max-video-preview:-1\" \/>\n<link rel=\"canonical\" href=\"https:\/\/www.futurobrillante.org\/es\/que-hacemos\/\" \/>\n<meta property=\"og:locale\" content=\"es_ES\" \/>\n<meta property=\"og:type\" content=\"article\" \/>\n<meta property=\"og:title\" content=\"Qu\u00e9 hacemos - Futuro Brillante\" \/>\n<meta property=\"og:description\" content=\"Discover how we\u2019re transforming lives through education, economic empowerment, and community development. Explore what we do to create opportunities and build a brighter, more sustainable future for all.Nuestras iniciativas de educaci\u00f3n y capacitaci\u00f3n t\u00e9cnica preparan a las personas para unirse a la fuerza laboral local. Leer m\u00e1sApoyamos a los emprendedores locales a trav\u00e9s de una [&hellip;]\" \/>\n<meta property=\"og:url\" content=\"https:\/\/www.futurobrillante.org\/es\/que-hacemos\/\" \/>\n<meta property=\"og:site_name\" content=\"Futuro Brillante\" \/>\n<meta property=\"article:modified_time\" content=\"2025-03-18T19:56:39+00:00\" \/>\n<meta name=\"twitter:card\" content=\"summary_large_image\" \/>\n<meta name=\"twitter:label1\" content=\"Tiempo de lectura\" \/>\n\t<meta name=\"twitter:data1\" content=\"7 minutos\" \/>\n<script type=\"application\/ld+json\" class=\"yoast-schema-graph\">{\"@context\":\"https:\/\/schema.org\",\"@graph\":[{\"@type\":\"WebPage\",\"@id\":\"https:\/\/www.futurobrillante.org\/es\/que-hacemos\/\",\"url\":\"https:\/\/www.futurobrillante.org\/es\/que-hacemos\/\",\"name\":\"Qu\u00e9 hacemos - Futuro Brillante\",\"isPartOf\":{\"@id\":\"https:\/\/www.futurobrillante.org\/#website\"},\"datePublished\":\"2020-11-24T17:07:07+00:00\",\"dateModified\":\"2025-03-18T19:56:39+00:00\",\"breadcrumb\":{\"@id\":\"https:\/\/www.futurobrillante.org\/es\/que-hacemos\/#breadcrumb\"},\"inLanguage\":\"es\",\"potentialAction\":[{\"@type\":\"ReadAction\",\"target\":[\"https:\/\/www.futurobrillante.org\/es\/que-hacemos\/\"]}]},{\"@type\":\"BreadcrumbList\",\"@id\":\"https:\/\/www.futurobrillante.org\/es\/que-hacemos\/#breadcrumb\",\"itemListElement\":[{\"@type\":\"ListItem\",\"position\":1,\"name\":\"Home\",\"item\":\"https:\/\/www.futurobrillante.org\/es\/\"},{\"@type\":\"ListItem\",\"position\":2,\"name\":\"Qu\u00e9 hacemos\"}]},{\"@type\":\"WebSite\",\"@id\":\"https:\/\/www.futurobrillante.org\/#website\",\"url\":\"https:\/\/www.futurobrillante.org\/\",\"name\":\"Futuro Brillante\",\"description\":\"enriqueciendo vidas para un futuro brillante\",\"potentialAction\":[{\"@type\":\"SearchAction\",\"target\":{\"@type\":\"EntryPoint\",\"urlTemplate\":\"https:\/\/www.futurobrillante.org\/?s={search_term_string}\"},\"query-input\":\"required name=search_term_string\"}],\"inLanguage\":\"es\"}]}<\/script>\n<!-- \/ Yoast SEO plugin. -->","yoast_head_json":{"title":"Qu\u00e9 hacemos - Futuro Brillante","robots":{"index":"index","follow":"follow","max-snippet":"max-snippet:-1","max-image-preview":"max-image-preview:large","max-video-preview":"max-video-preview:-1"},"canonical":"https:\/\/www.futurobrillante.org\/es\/que-hacemos\/","og_locale":"es_ES","og_type":"article","og_title":"Qu\u00e9 hacemos - Futuro Brillante","og_description":"Discover how we\u2019re transforming lives through education, economic empowerment, and community development. Explore what we do to create opportunities and build a brighter, more sustainable future for all.Nuestras iniciativas de educaci\u00f3n y capacitaci\u00f3n t\u00e9cnica preparan a las personas para unirse a la fuerza laboral local. Leer m\u00e1sApoyamos a los emprendedores locales a trav\u00e9s de una [&hellip;]","og_url":"https:\/\/www.futurobrillante.org\/es\/que-hacemos\/","og_site_name":"Futuro Brillante","article_modified_time":"2025-03-18T19:56:39+00:00","twitter_card":"summary_large_image","twitter_misc":{"Tiempo de lectura":"7 minutos"},"schema":{"@context":"https:\/\/schema.org","@graph":[{"@type":"WebPage","@id":"https:\/\/www.futurobrillante.org\/es\/que-hacemos\/","url":"https:\/\/www.futurobrillante.org\/es\/que-hacemos\/","name":"Qu\u00e9 hacemos - Futuro Brillante","isPartOf":{"@id":"https:\/\/www.futurobrillante.org\/#website"},"datePublished":"2020-11-24T17:07:07+00:00","dateModified":"2025-03-18T19:56:39+00:00","breadcrumb":{"@id":"https:\/\/www.futurobrillante.org\/es\/que-hacemos\/#breadcrumb"},"inLanguage":"es","potentialAction":[{"@type":"ReadAction","target":["https:\/\/www.futurobrillante.org\/es\/que-hacemos\/"]}]},{"@type":"BreadcrumbList","@id":"https:\/\/www.futurobrillante.org\/es\/que-hacemos\/#breadcrumb","itemListElement":[{"@type":"ListItem","position":1,"name":"Home","item":"https:\/\/www.futurobrillante.org\/es\/"},{"@type":"ListItem","position":2,"name":"Qu\u00e9 hacemos"}]},{"@type":"WebSite","@id":"https:\/\/www.futurobrillante.org\/#website","url":"https:\/\/www.futurobrillante.org\/","name":"Futuro Brillante","description":"enriqueciendo vidas para un futuro brillante","potentialAction":[{"@type":"SearchAction","target":{"@type":"EntryPoint","urlTemplate":"https:\/\/www.futurobrillante.org\/?s={search_term_string}"},"query-input":"required name=search_term_string"}],"inLanguage":"es"}]}},"_links":{"self":[{"href":"https:\/\/www.futurobrillante.org\/es\/wp-json\/wp\/v2\/pages\/10372"}],"collection":[{"href":"https:\/\/www.futurobrillante.org\/es\/wp-json\/wp\/v2\/pages"}],"about":[{"href":"https:\/\/www.futurobrillante.org\/es\/wp-json\/wp\/v2\/types\/page"}],"author":[{"embeddable":true,"href":"https:\/\/www.futurobrillante.org\/es\/wp-json\/wp\/v2\/users\/1"}],"replies":[{"embeddable":true,"href":"https:\/\/www.futurobrillante.org\/es\/wp-json\/wp\/v2\/comments?post=10372"}],"version-history":[{"count":14,"href":"https:\/\/www.futurobrillante.org\/es\/wp-json\/wp\/v2\/pages\/10372\/revisions"}],"predecessor-version":[{"id":12786,"href":"https:\/\/www.futurobrillante.org\/es\/wp-json\/wp\/v2\/pages\/10372\/revisions\/12786"}],"wp:attachment":[{"href":"https:\/\/www.futurobrillante.org\/es\/wp-json\/wp\/v2\/media?parent=10372"}],"curies":[{"name":"wp","href":"https:\/\/api.w.org\/{rel}","templated":true}]}}